{"id":1442,"date":"2026-01-20T12:08:23","date_gmt":"2026-01-20T12:08:23","guid":{"rendered":"https:\/\/bonuskongcasino.com\/app-2\/"},"modified":"2026-02-27T14:40:23","modified_gmt":"2026-02-27T14:40:23","slug":"app","status":"publish","type":"page","link":"https:\/\/thorfortuneonline.com\/de\/app\/","title":{"rendered":"App"},"content":{"rendered":"<h1>Thor Fortune auf Mobilger\u00e4ten<\/h1>\n<p>Die Thorfortune App bietet einen modernen Ansatz f\u00fcr Casinos. Unsere App ist f\u00fcr Android- und iOS-Ger\u00e4te verf\u00fcgbar. Die Thorfortune-Software bietet Zugriff auf alle Spiele und Casino-Verwaltungstools. Die Benutzeroberfl\u00e4che der App passt sich an jede Bildschirmgr\u00f6\u00dfe an. Nutzer k\u00f6nnen zu Hause oder unterwegs spielen. Alle wichtigen Funktionen sind leicht zu finden, da alles f\u00fcr eine einfache und komfortable Nutzung konzipiert ist.<\/p>\n<div class=\"banner-wrap\" aria-label=\"Banner\"><img src=\"https:\/\/thorfortuneonline.com\/wp-content\/uploads\/2026\/02\/Thorfortune-bnr-pc.webp\" class=\"w-100 d-none d-lg-block img-pc main-banner-img\" alt=\"Thorfortune banner desktop\" fetchpriority=\"high\" decoding=\"async\"><img src=\"https:\/\/thorfortuneonline.com\/wp-content\/uploads\/2026\/02\/thorfortune-banner-mobile.webp\" class=\"w-100 d-none d-md-block d-lg-none main-banner-img\" alt=\"Thorfortune banner mobile\" fetchpriority=\"high\" decoding=\"async\"><img src=\"https:\/\/thorfortuneonline.com\/wp-content\/uploads\/2026\/02\/thorfortune-banner-mobile.webp\" class=\"w-100 d-md-none\" alt=\"Thorfortune banner mobile\" fetchpriority=\"high\" decoding=\"async\"><div class=\"banner-description\">\n<div class=\"banner-title\">Willkommensboni<\/div>\n<p class=\"banner-header-title\">1500 \u20ac<\/p>\n<div class=\"banner-header-AdditionalText\">+ 250 Freispiele<\/div>\n<button data-item=\"homepage_banner_link\" class=\"goto m-button m-gradient-border m-button--primary m-button--large banner-button btn-orange\">\n            <div class=\"m-button-content\">\n                <span>Jetzt anmelden<\/span>\n                <span><\/span>\n            <\/div>\n        <\/button>\n<\/div>\n<div class=\"WelcomePack\">\n<p><img loading=\"lazy\" decoding=\"async\" class=\"alignnone size-full wp-image-1845\" src=\"https:\/\/thor-fortune.com\/wp-content\/uploads\/2026\/02\/welcome-crown.png\" alt=\"welcome crown\" width=\"25\" height=\"26\" \/><\/p>\n<div class=\"WelcomePack-Info\">W\u00f6chentlicher Cashback von bis zu 25 %<\/div>\n<p><img loading=\"lazy\" decoding=\"async\" class=\"alignnone size-full wp-image-1845\" src=\"https:\/\/thor-fortune.com\/wp-content\/uploads\/2026\/02\/welcome-crown.png\" alt=\"welcome crown\" width=\"25\" height=\"26\" \/><\/p>\n<\/div>\n<\/div>\n<h2>Thorfortune Mobile Access<\/h2>\n<p>Thor Fortune Casino bietet eine mobile App und eine PC-Version. Jede Option hat ihre eigenen Vorteile. Beide Versionen bieten vollen Zugriff auf Spiele, Zahlungen und alle anderen Plattform-Tools. Der Hauptunterschied besteht darin, wie und wo gespielt wird.<\/p>\n<p>Mit der Thorfortune-App k\u00f6nnen Sie das Casino \u00fcberall spielen. Sie ist f\u00fcr die Touch-Steuerung und kleine Bildschirme optimiert. Die Software startet schnell, ohne einen Browser zu \u00f6ffnen. Push-Benachrichtigungen sind der Hauptvorteil der App, da sie die Spieler \u00fcber alle Plattformereignisse und Updates informieren.<\/p>\n<p>Die PC-Version bietet einen gr\u00f6\u00dferen Bildschirm und ist f\u00fcr die Verwendung mit Maus und Tastatur ausgelegt. Sie eignet sich f\u00fcr Spieler, die einen breiten Bildschirm bevorzugen, beispielsweise bei Online-Slots und Spielen mit Live-Dealern. Mit beiden Versionen k\u00f6nnen Sie Ein- und Auszahlungen vornehmen, den Verifizierungsprozess abschlie\u00dfen und Tools f\u00fcr verantwortungsbewusstes Spielen nutzen.<\/p>\n<p><div class=\"scrollable-content-wrap my-5\"><div class=\"scrollable-content-inner\"><h2>Thorfortune iOS-App<\/h2>\n<p>Die Thorfortune-App f\u00fcr iOS funktioniert auf jedem iPhone- oder iPad-Ger\u00e4t. Sie wird in Safari gestartet und muss nicht aus dem App Store heruntergeladen werden. Die App fungiert als Schnellzugriff-Verkn\u00fcpfung mit schneller Ladezeit. Spieler erhalten Benachrichtigungen \u00fcber neue Aktionen, Turnierergebnisse, Updates und neue Spielver\u00f6ffentlichungen. Auf dem Startbildschirm wurde ein Symbol hinzugef\u00fcgt, \u00fcber das Sie sofort auf das Thorfortune Casino zugreifen k\u00f6nnen. Die Installation ist einfach und dauert nur wenige Sekunden. Die App nimmt nicht viel Platz auf Ihrem Ger\u00e4t ein und alles ist \u00fcbersichtlich und schnell.<\/p>\n<h3>So installieren Sie die Thorfortune Casino iOS-App<\/h3>\n<ol>\n<li>Zun\u00e4chst m\u00fcssen Sie die Thorfortune-Website in Safari \u00f6ffnen.<\/li>\n<li>Als N\u00e4chstes tippen Sie auf das Symbol \u201eTeilen\u201d am unteren Bildschirmrand.<\/li>\n<li>Danach m\u00fcssen Sie \u201eZum Startbildschirm hinzuf\u00fcgen\u201d ausw\u00e4hlen.<\/li>\n<li>Dann m\u00fcssen Sie zur Best\u00e4tigung auf \u201eHinzuf\u00fcgen\u201c tippen.<\/li>\n<li>Jetzt k\u00f6nnen Sie die App von Ihrem Startbildschirm aus starten.<\/li>\n<\/ol>\n<p><img loading=\"lazy\" decoding=\"async\" class=\"alignnone size-full wp-image-2021\" src=\"https:\/\/thor-fortune.com\/wp-content\/uploads\/2026\/02\/Thorfortune-iOS.webp\" alt=\"Thorfortune iOS\" width=\"1248\" height=\"536\" srcset=\"https:\/\/thorfortuneonline.com\/wp-content\/uploads\/2026\/02\/Thorfortune-iOS.webp 1248w, https:\/\/thorfortuneonline.com\/wp-content\/uploads\/2026\/02\/Thorfortune-iOS-300x129.webp 300w, https:\/\/thorfortuneonline.com\/wp-content\/uploads\/2026\/02\/Thorfortune-iOS-1024x440.webp 1024w, https:\/\/thorfortuneonline.com\/wp-content\/uploads\/2026\/02\/Thorfortune-iOS-768x330.webp 768w\" sizes=\"(max-width: 1248px) 100vw, 1248px\" \/><\/p>\n<\/div><\/div><div style=\"clear: both\"><\/div><div class=\"d-flex justify-content-center\"><button data-item=\"decouvrez_link\" data-group=\"website_links\" class=\"goto fw-bold rounded-pill btn btn-orange\" aria-label=\"Laden Sie die Thorfortune-App herunter\" >Laden Sie die Thorfortune-App herunter<\/button><\/div><div class=\"scrollable-content-wrap my-5\"><div class=\"scrollable-content-inner\"><h2>Thorfortune Android-App<\/h2>\n<p>Die Thorfortune-App f\u00fcr Android ist als Progressive Web App (PWA) verf\u00fcgbar. Wir verwenden keine APK-Dateien f\u00fcr die Installation. Unsere PWA l\u00e4uft in Ihrem Browser und kann von unserer offiziellen Website installiert werden. Dieses Format bietet einen schnelleren Zugriff, ohne dass Anwendungen von Drittanbietern heruntergeladen werden m\u00fcssen. Die Thorfortune-App bietet vollen Zugriff auf Spiele und alle Tools unseres Casinos. Sie funktioniert auf Android-Ger\u00e4ten mit einem fortschrittlichen Spielerlebnis.<\/p>\n<table>\n<tbody>\n<tr>\n<td>Funktion<\/td>\n<td>PWA<\/td>\n<td>APK<\/td>\n<\/tr>\n<tr>\n<td>Installationsquelle<\/td>\n<td>Installation \u00fcber unsere Website<\/td>\n<td>Mit einer externen Datei installiert<\/td>\n<\/tr>\n<tr>\n<td>Speichernutzung<\/td>\n<td>Minimaler Speicherplatz auf dem Ger\u00e4t<\/td>\n<td>Datei-Download erforderlich<\/td>\n<\/tr>\n<tr>\n<td>Updates<\/td>\n<td>Automatische Updates<\/td>\n<td>Manuelle Updates erforderlich<\/td>\n<\/tr>\n<tr>\n<td>Sicherheit<\/td>\n<td>L\u00e4uft in einem sicheren Browser<\/td>\n<td>H\u00e4ngt von der Dateiquelle ab<\/td>\n<\/tr>\n<tr>\n<td>Barrierefreiheit<\/td>\n<td>Sofortiger Zugriff<\/td>\n<td>Erfordert einen Installationsprozess<\/td>\n<\/tr>\n<\/tbody>\n<\/table>\n<p>Die Thorfortune-App f\u00fcr Android ist schnell und einfach zu bedienen. Sie erhalten vollen Zugriff auf Spiele, Zahlungen, Boni und Kontoeinstellungen. Am wichtigsten ist jedoch, dass Sie, wenn Sie sich f\u00fcr das Spielen \u00fcber die App entscheiden, Benachrichtigungen vom Thorfortune Casino erhalten k\u00f6nnen. Durch diese Benachrichtigungen bleiben Sie \u00fcber alle Ereignisse und Aktualisierungen auf der Plattform auf dem Laufenden. Wenn Sie an einem Turnier teilnehmen, k\u00f6nnen Sie Ihre Platzierung \u00fcber Benachrichtigungen verfolgen. Dar\u00fcber hinaus k\u00f6nnen Sie im Rahmen einiger Werbeaktionen den VIP-Status von uns erhalten, auch wenn Sie kein High Roller sind. Wenn Sie gewinnen, senden wir Ihnen eine Benachrichtigung. Die Plattform funktioniert am besten auf Ihrem Android-Ger\u00e4t mit unserer Software.<\/p>\n<p><img loading=\"lazy\" decoding=\"async\" class=\"alignnone size-full wp-image-2005\" src=\"https:\/\/thor-fortune.com\/wp-content\/uploads\/2026\/02\/Thorfortune-Android.webp\" alt=\"Thorfortune Android\" width=\"1248\" height=\"536\" srcset=\"https:\/\/thorfortuneonline.com\/wp-content\/uploads\/2026\/02\/Thorfortune-Android.webp 1248w, https:\/\/thorfortuneonline.com\/wp-content\/uploads\/2026\/02\/Thorfortune-Android-300x129.webp 300w, https:\/\/thorfortuneonline.com\/wp-content\/uploads\/2026\/02\/Thorfortune-Android-1024x440.webp 1024w, https:\/\/thorfortuneonline.com\/wp-content\/uploads\/2026\/02\/Thorfortune-Android-768x330.webp 768w\" sizes=\"(max-width: 1248px) 100vw, 1248px\" \/><\/p>\n<\/div><\/div><div style=\"clear: both\"><\/div><div class=\"d-flex justify-content-center\"><button data-item=\"decouvrez_link\" data-group=\"website_links\" class=\"goto fw-bold rounded-pill btn btn-orange\" aria-label=\"Thorfortune herunterladen\" >Thorfortune herunterladen<\/button><\/div><div class=\"scrollable-content-wrap my-5\"><div class=\"scrollable-content-inner\"><h2>Windows- und Mac-Anwendungen<\/h2>\n<p>Thorfortune Casino verf\u00fcgt \u00fcber eine Webanwendung f\u00fcr PCs mit Windows und Mac. Es sind keine komplizierten Installationen oder umfangreichen Downloads erforderlich. Spieler k\u00f6nnen eine Verkn\u00fcpfung auf ihrem Desktop erstellen, um auf die Thor Fortune-Website zuzugreifen. Die Verkn\u00fcpfung funktioniert als separate Webanwendung mit Ein-Klick-Zugriff.<\/p>\n<p>Die Webanwendung f\u00fcr PCs bietet vollen Zugriff auf alle Funktionen des mobilen Casinos. Benutzer k\u00f6nnen Spiele spielen, ihre Konten verwalten, die Verifizierung abschlie\u00dfen und Ein- oder Auszahlungen vornehmen. Die Benutzeroberfl\u00e4che von Thorfortune Casino ist f\u00fcr gro\u00dfe Desktop-Bildschirme ausgelegt und unterst\u00fctzt hochwertiges Streaming. Dank der Leistung eines Desktop-Computers werden alle Spiele in h\u00f6chster Qualit\u00e4t gestreamt.<\/p>\n<p><img loading=\"lazy\" decoding=\"async\" class=\"alignnone size-full wp-image-2013\" src=\"https:\/\/thor-fortune.com\/wp-content\/uploads\/2026\/02\/Thorfortune-Desktop.webp\" alt=\"Thorfortune Desktop\" width=\"1248\" height=\"536\" srcset=\"https:\/\/thorfortuneonline.com\/wp-content\/uploads\/2026\/02\/Thorfortune-Desktop.webp 1248w, https:\/\/thorfortuneonline.com\/wp-content\/uploads\/2026\/02\/Thorfortune-Desktop-300x129.webp 300w, https:\/\/thorfortuneonline.com\/wp-content\/uploads\/2026\/02\/Thorfortune-Desktop-1024x440.webp 1024w, https:\/\/thorfortuneonline.com\/wp-content\/uploads\/2026\/02\/Thorfortune-Desktop-768x330.webp 768w\" sizes=\"(max-width: 1248px) 100vw, 1248px\" \/><\/p>\n<\/div><\/div><div style=\"clear: both\"><\/div><div class=\"d-flex justify-content-center\"><button data-item=\"decouvrez_link\" data-group=\"website_links\" class=\"goto fw-bold rounded-pill btn btn-orange\" aria-label=\"Laden Sie die Thorfortune-App herunter\" >Laden Sie die Thorfortune-App herunter<\/button><\/div><div class=\"scrollable-content-wrap my-5\"><div class=\"scrollable-content-inner\"><h2>FAQ<\/h2>\n<h3>Ist f\u00fcr die Nutzung der Thor Fortune App die Erstellung eines Kontos erforderlich?<\/h3>\n<p>Ja. Um die Thorfortune-App nutzen zu k\u00f6nnen, m\u00fcssen Sie ein Konto erstellen. Sobald Sie registriert sind, k\u00f6nnen Sie alle Spiele spielen, Boni erhalten, Einzahlungen vornehmen und Auszahlungen t\u00e4tigen. Ohne Konto k\u00f6nnen Sie die Plattform nicht nutzen. Die Registrierung dauert nur wenige Minuten. Nach der Registrierung k\u00f6nnen Sie sich einloggen und sofort mit dem Spielen beginnen.<\/p>\n<h3>Bietet die Thor Fortune Casino App Kundensupport?<\/h3>\n<p>Ja. \u00dcber die Thorfortune Casino App k\u00f6nnen Sie den Kundensupport per Live-Chat kontaktieren. Der Kundensupport ist rund um die Uhr verf\u00fcgbar und beantwortet Fragen schnell. Unser professionelles Support-Team steht Ihnen bei allen Fragen zur Verf\u00fcgung. Sie k\u00f6nnen auch per E-Mail Hilfe erhalten.<\/p>\n<h3>Wie aktualisiert man die Thor Fortune Casino App?<\/h3>\n<p>Die Thor Fortune Casino App wird automatisch aktualisiert. Es handelt sich um eine Web-App, sodass Sie Updates nicht manuell herunterladen m\u00fcssen. Wenn Sie das Programm \u00f6ffnen, verwenden Sie immer die neueste Version. Sie k\u00f6nnen die App einfach \u00f6ffnen und sicher sein, dass Sie nun die neueste Version mit aktualisierten Funktionen streamen.<\/p>\n<\/div><\/div><\/p>\n","protected":false},"excerpt":{"rendered":"<p>Thor Fortune auf Mobilger\u00e4ten Die Thorfortune App bietet einen modernen Ansatz f\u00fcr Casinos. Unsere App ist f\u00fcr Android- und iOS-Ger\u00e4te verf\u00fcgbar. Die Thorfortune-Software bietet Zugriff auf alle Spiele und Casino-Verwaltungstools. Die Benutzeroberfl\u00e4che der App passt sich an jede Bildschirmgr\u00f6\u00dfe an. Nutzer k\u00f6nnen zu Hause oder unterwegs spielen. Alle wichtigen Funktionen sind leicht zu finden, da [&hellip;]<\/p>\n","protected":false},"author":1,"featured_media":0,"parent":0,"menu_order":0,"comment_status":"closed","ping_status":"closed","template":"template-builder.php","meta":{"_acf_changed":false,"inline_featured_image":false,"footnotes":""},"class_list":["post-1442","page","type-page","status-publish","hentry"],"acf":[],"yoast_head":"<!-- This site is optimized with the Yoast SEO plugin v24.4 - https:\/\/yoast.com\/wordpress\/plugins\/seo\/ -->\n<title>Thorfortune App herunterladen | iOS &amp; Android<\/title>\n<meta name=\"description\" content=\"Die Thorfortune-App sorgt f\u00fcr einwandfreies Gaming auf Android-, iOS-, Windows- und macOS-Plattformen, komplett mit Kontosynchronisierung, regelm\u00e4\u00dfigen Updates und integrierter Kundenbetreuung f\u00fcr eine einfache Nutzung.\" \/>\n<meta name=\"robots\" content=\"index, follow, max-snippet:-1, max-image-preview:large, max-video-preview:-1\" \/>\n<link rel=\"canonical\" href=\"https:\/\/thorfortuneonline.com\/de\/app\/\" \/>\n<meta property=\"og:locale\" content=\"de_DE\" \/>\n<meta property=\"og:type\" content=\"article\" \/>\n<meta property=\"og:title\" content=\"Thorfortune App herunterladen | iOS &amp; Android\" \/>\n<meta property=\"og:description\" content=\"Die Thorfortune-App sorgt f\u00fcr einwandfreies Gaming auf Android-, iOS-, Windows- und macOS-Plattformen, komplett mit Kontosynchronisierung, regelm\u00e4\u00dfigen Updates und integrierter Kundenbetreuung f\u00fcr eine einfache Nutzung.\" \/>\n<meta property=\"og:url\" content=\"https:\/\/thorfortuneonline.com\/de\/app\/\" \/>\n<meta property=\"og:site_name\" content=\"thorfortune\" \/>\n<meta property=\"article:modified_time\" content=\"2026-02-27T14:40:23+00:00\" \/>\n<meta name=\"twitter:card\" content=\"summary_large_image\" \/>\n<meta name=\"twitter:label1\" content=\"Gesch\u00e4tzte Lesezeit\" \/>\n\t<meta name=\"twitter:data1\" content=\"1\u00a0Minute\" \/>\n<script type=\"application\/ld+json\" class=\"yoast-schema-graph\">{\"@context\":\"https:\/\/schema.org\",\"@graph\":[{\"@type\":\"WebPage\",\"@id\":\"https:\/\/thorfortuneonline.com\/de\/app\/\",\"url\":\"https:\/\/thorfortuneonline.com\/de\/app\/\",\"name\":\"Thorfortune App herunterladen | iOS & Android\",\"isPartOf\":{\"@id\":\"https:\/\/thorfortuneonline.com\/de\/#website\"},\"datePublished\":\"2026-01-20T12:08:23+00:00\",\"dateModified\":\"2026-02-27T14:40:23+00:00\",\"description\":\"Die Thorfortune-App sorgt f\u00fcr einwandfreies Gaming auf Android-, iOS-, Windows- und macOS-Plattformen, komplett mit Kontosynchronisierung, regelm\u00e4\u00dfigen Updates und integrierter Kundenbetreuung f\u00fcr eine einfache Nutzung.\",\"breadcrumb\":{\"@id\":\"https:\/\/thorfortuneonline.com\/de\/app\/#breadcrumb\"},\"inLanguage\":\"de\",\"potentialAction\":[{\"@type\":\"ReadAction\",\"target\":[\"https:\/\/thorfortuneonline.com\/de\/app\/\"]}]},{\"@type\":\"BreadcrumbList\",\"@id\":\"https:\/\/thorfortuneonline.com\/de\/app\/#breadcrumb\",\"itemListElement\":[{\"@type\":\"ListItem\",\"position\":1,\"name\":\"Thorfortune\",\"item\":\"https:\/\/thorfortuneonline.com\/de\/\"},{\"@type\":\"ListItem\",\"position\":2,\"name\":\"App\"}]},{\"@type\":\"WebSite\",\"@id\":\"https:\/\/thorfortuneonline.com\/de\/#website\",\"url\":\"https:\/\/thorfortuneonline.com\/de\/\",\"name\":\"Thorfortune\",\"description\":\"\",\"publisher\":{\"@id\":\"https:\/\/thorfortuneonline.com\/de\/#organization\"},\"potentialAction\":[{\"@type\":\"SearchAction\",\"target\":{\"@type\":\"EntryPoint\",\"urlTemplate\":\"https:\/\/thorfortuneonline.com\/de\/?s={search_term_string}\"},\"query-input\":{\"@type\":\"PropertyValueSpecification\",\"valueRequired\":true,\"valueName\":\"search_term_string\"}}],\"inLanguage\":\"de\"},{\"@type\":\"Organization\",\"@id\":\"https:\/\/thorfortuneonline.com\/de\/#organization\",\"name\":\"Thorfortune\",\"url\":\"https:\/\/thorfortuneonline.com\/de\/\",\"logo\":{\"@type\":\"ImageObject\",\"inLanguage\":\"de\",\"@id\":\"https:\/\/thorfortuneonline.com\/de\/#\/schema\/logo\/image\/\",\"url\":\"https:\/\/thorfortuneonline.com\/wp-content\/uploads\/2026\/02\/logo.png\",\"contentUrl\":\"https:\/\/thorfortuneonline.com\/wp-content\/uploads\/2026\/02\/logo.png\",\"width\":160,\"height\":37,\"caption\":\"Thorfortune\"},\"image\":{\"@id\":\"https:\/\/thorfortuneonline.com\/de\/#\/schema\/logo\/image\/\"}}]}<\/script>\n<!-- \/ Yoast SEO plugin. -->","yoast_head_json":{"title":"Thorfortune App herunterladen | iOS & Android","description":"Die Thorfortune-App sorgt f\u00fcr einwandfreies Gaming auf Android-, iOS-, Windows- und macOS-Plattformen, komplett mit Kontosynchronisierung, regelm\u00e4\u00dfigen Updates und integrierter Kundenbetreuung f\u00fcr eine einfache Nutzung.","robots":{"index":"index","follow":"follow","max-snippet":"max-snippet:-1","max-image-preview":"max-image-preview:large","max-video-preview":"max-video-preview:-1"},"canonical":"https:\/\/thorfortuneonline.com\/de\/app\/","og_locale":"de_DE","og_type":"article","og_title":"Thorfortune App herunterladen | iOS & Android","og_description":"Die Thorfortune-App sorgt f\u00fcr einwandfreies Gaming auf Android-, iOS-, Windows- und macOS-Plattformen, komplett mit Kontosynchronisierung, regelm\u00e4\u00dfigen Updates und integrierter Kundenbetreuung f\u00fcr eine einfache Nutzung.","og_url":"https:\/\/thorfortuneonline.com\/de\/app\/","og_site_name":"thorfortune","article_modified_time":"2026-02-27T14:40:23+00:00","twitter_card":"summary_large_image","twitter_misc":{"Gesch\u00e4tzte Lesezeit":"1\u00a0Minute"},"schema":{"@context":"https:\/\/schema.org","@graph":[{"@type":"WebPage","@id":"https:\/\/thorfortuneonline.com\/de\/app\/","url":"https:\/\/thorfortuneonline.com\/de\/app\/","name":"Thorfortune App herunterladen | iOS & Android","isPartOf":{"@id":"https:\/\/thorfortuneonline.com\/de\/#website"},"datePublished":"2026-01-20T12:08:23+00:00","dateModified":"2026-02-27T14:40:23+00:00","description":"Die Thorfortune-App sorgt f\u00fcr einwandfreies Gaming auf Android-, iOS-, Windows- und macOS-Plattformen, komplett mit Kontosynchronisierung, regelm\u00e4\u00dfigen Updates und integrierter Kundenbetreuung f\u00fcr eine einfache Nutzung.","breadcrumb":{"@id":"https:\/\/thorfortuneonline.com\/de\/app\/#breadcrumb"},"inLanguage":"de","potentialAction":[{"@type":"ReadAction","target":["https:\/\/thorfortuneonline.com\/de\/app\/"]}]},{"@type":"BreadcrumbList","@id":"https:\/\/thorfortuneonline.com\/de\/app\/#breadcrumb","itemListElement":[{"@type":"ListItem","position":1,"name":"Thorfortune","item":"https:\/\/thorfortuneonline.com\/de\/"},{"@type":"ListItem","position":2,"name":"App"}]},{"@type":"WebSite","@id":"https:\/\/thorfortuneonline.com\/de\/#website","url":"https:\/\/thorfortuneonline.com\/de\/","name":"Thorfortune","description":"","publisher":{"@id":"https:\/\/thorfortuneonline.com\/de\/#organization"},"potentialAction":[{"@type":"SearchAction","target":{"@type":"EntryPoint","urlTemplate":"https:\/\/thorfortuneonline.com\/de\/?s={search_term_string}"},"query-input":{"@type":"PropertyValueSpecification","valueRequired":true,"valueName":"search_term_string"}}],"inLanguage":"de"},{"@type":"Organization","@id":"https:\/\/thorfortuneonline.com\/de\/#organization","name":"Thorfortune","url":"https:\/\/thorfortuneonline.com\/de\/","logo":{"@type":"ImageObject","inLanguage":"de","@id":"https:\/\/thorfortuneonline.com\/de\/#\/schema\/logo\/image\/","url":"https:\/\/thorfortuneonline.com\/wp-content\/uploads\/2026\/02\/logo.png","contentUrl":"https:\/\/thorfortuneonline.com\/wp-content\/uploads\/2026\/02\/logo.png","width":160,"height":37,"caption":"Thorfortune"},"image":{"@id":"https:\/\/thorfortuneonline.com\/de\/#\/schema\/logo\/image\/"}}]}},"_links":{"self":[{"href":"https:\/\/thorfortuneonline.com\/de\/wp-json\/wp\/v2\/pages\/1442"}],"collection":[{"href":"https:\/\/thorfortuneonline.com\/de\/wp-json\/wp\/v2\/pages"}],"about":[{"href":"https:\/\/thorfortuneonline.com\/de\/wp-json\/wp\/v2\/types\/page"}],"author":[{"embeddable":true,"href":"https:\/\/thorfortuneonline.com\/de\/wp-json\/wp\/v2\/users\/1"}],"replies":[{"embeddable":true,"href":"https:\/\/thorfortuneonline.com\/de\/wp-json\/wp\/v2\/comments?post=1442"}],"version-history":[{"count":3,"href":"https:\/\/thorfortuneonline.com\/de\/wp-json\/wp\/v2\/pages\/1442\/revisions"}],"predecessor-version":[{"id":2070,"href":"https:\/\/thorfortuneonline.com\/de\/wp-json\/wp\/v2\/pages\/1442\/revisions\/2070"}],"wp:attachment":[{"href":"https:\/\/thorfortuneonline.com\/de\/wp-json\/wp\/v2\/media?parent=1442"}],"curies":[{"name":"wp","href":"https:\/\/api.w.org\/{rel}","templated":true}]}}