{"id":1483,"date":"2026-01-20T12:11:11","date_gmt":"2026-01-20T12:11:11","guid":{"rendered":"https:\/\/bonuskongcasino.com\/login-and-registration\/"},"modified":"2026-02-27T14:41:49","modified_gmt":"2026-02-27T14:41:49","slug":"anmeldung-und-registrierung","status":"publish","type":"page","link":"https:\/\/thorfortuneonline.com\/de\/anmeldung-und-registrierung\/","title":{"rendered":"Anmeldung und Registrierung"},"content":{"rendered":"<h1>Thor Fortune Anmeldung, Registrierung und Kontoverwaltung<\/h1>\n<p>Der Thorfortune Login ist auf jedem Ger\u00e4t schnell und einfach. Spieler k\u00f6nnen sich in wenigen Sekunden von ihrem Computer, Tablet oder Mobiltelefon aus anmelden. Wenn Sie neu in unserem Casino sind, m\u00fcssen Sie zun\u00e4chst ein Konto erstellen, um mit dem Spielen zu beginnen.<\/p>\n<p><div class=\"banner-wrap\" aria-label=\"Banner\"><img src=\"https:\/\/thorfortuneonline.com\/wp-content\/uploads\/2026\/02\/Thorfortune-bnr-pc.webp\" class=\"w-100 d-none d-lg-block img-pc main-banner-img\" alt=\"Thorfortune banner desktop\" fetchpriority=\"high\" decoding=\"async\"><img src=\"https:\/\/thorfortuneonline.com\/wp-content\/uploads\/2026\/02\/thorfortune-banner-mobile.webp\" class=\"w-100 d-none d-md-block d-lg-none main-banner-img\" alt=\"Thorfortune banner mobile\" fetchpriority=\"high\" decoding=\"async\"><img src=\"https:\/\/thorfortuneonline.com\/wp-content\/uploads\/2026\/02\/thorfortune-banner-mobile.webp\" class=\"w-100 d-md-none\" alt=\"Thorfortune banner mobile\" fetchpriority=\"high\" decoding=\"async\"><div class=\"banner-description\">\n<div class=\"banner-title\">Willkommensboni<\/div>\n<p class=\"banner-header-title\">1500 \u20ac<\/p>\n<div class=\"banner-header-AdditionalText\">+ 250 Freispiele<\/div>\n<button data-item=\"homepage_banner_link\" class=\"goto m-button m-gradient-border m-button--primary m-button--large banner-button btn-orange\">\n            <div class=\"m-button-content\">\n                <span>Jetzt anmelden<\/span>\n                <span><\/span>\n            <\/div>\n        <\/button>\n<\/div>\n<div class=\"WelcomePack\">\n<p><img loading=\"lazy\" decoding=\"async\" class=\"alignnone size-full wp-image-1845\" src=\"https:\/\/thor-fortune.com\/wp-content\/uploads\/2026\/02\/welcome-crown.png\" alt=\"welcome crown\" width=\"25\" height=\"26\" \/><\/p>\n<div class=\"WelcomePack-Info\">W\u00f6chentlicher Cashback von bis zu 25 %<\/div>\n<p><img loading=\"lazy\" decoding=\"async\" class=\"alignnone size-full wp-image-1845\" src=\"https:\/\/thor-fortune.com\/wp-content\/uploads\/2026\/02\/welcome-crown.png\" alt=\"welcome crown\" width=\"25\" height=\"26\" \/><\/p>\n<\/div>\n<\/div><div class=\"scrollable-content-wrap my-5\"><div class=\"scrollable-content-inner\"><h2>Thor Fortune Registrierung f\u00fcr neue Benutzer<\/h2>\n<p>Nur registrierte Spieler k\u00f6nnen die Thorfortune Casino-Plattform in vollem Umfang nutzen. Mit der Erstellung eines Kontos erhalten Sie Zugang zu mehr als 6.000 Spielen, einem einzigartigen Bonussystem und vielen anderen Funktionen. Nach Abschluss des Thorfortune-Anmeldevorgangs k\u00f6nnen Benutzer Ein- und Auszahlungen verwalten, Tools f\u00fcr verantwortungsbewusstes Spielen nutzen und an Werbeaktionen teilnehmen. Ihr Konto ist durch Sicherheitsma\u00dfnahmen und moderne Verschl\u00fcsselungsstandards gesch\u00fctzt.<\/p>\n<table>\n<tbody>\n<tr>\n<td>Funktion<\/td>\n<td>Zugang<\/td>\n<\/tr>\n<tr>\n<td>Spiele<\/td>\n<td>Alle Slots, Tischspiele, Live-Casino und Sofortspiele<\/td>\n<\/tr>\n<tr>\n<td>Boni<\/td>\n<td>Willkommenspaket, VIP-Pr\u00e4mien, t\u00e4gliche und w\u00f6chentliche Angebote<\/td>\n<\/tr>\n<tr>\n<td>Kontoverwaltung<\/td>\n<td>Pers\u00f6nliche Daten, Zahlungsmethoden, Ein- und Auszahlungskontrollen<\/td>\n<\/tr>\n<tr>\n<td>Verantwortungsbewusstes Spielen<\/td>\n<td>Einzahlungslimits, Verlustlimits, Sitzungszeitlimits, Selbstausschluss<\/td>\n<\/tr>\n<tr>\n<td>Aktionen &amp; Turniere<\/td>\n<td>T\u00e4gliche, w\u00f6chentliche, monatliche und saisonale Wettbewerbe<\/td>\n<\/tr>\n<\/tbody>\n<\/table>\n<h3>Erstellen Sie Ihr Konto<\/h3>\n<ol>\n<li>Der Start ist ganz einfach \u2013 Sie m\u00fcssen nur auf die Schaltfl\u00e4che \u201eRegistrieren\u201d klicken, um das Registrierungsfenster von Thor Fortune zu \u00f6ffnen.<\/li>\n<li>Anschlie\u00dfend werden Sie aufgefordert, Ihre E-Mail-Adresse einzugeben und ein Passwort zu erstellen.<\/li>\n<li>Anschlie\u00dfend m\u00fcssen Sie die Allgemeinen Gesch\u00e4ftsbedingungen akzeptieren und auf \u201eAnmelden\u201c klicken.<\/li>\n<li>Im n\u00e4chsten Fenster m\u00fcssen Sie Ihren Vornamen, Nachnamen, Ihr Geburtsdatum und Ihre Telefonnummer eingeben.<\/li>\n<li>Anschlie\u00dfend klicken Sie einfach auf \u201eSpeichern\u201c, um Ihre Daten zu \u00fcbermitteln.<\/li>\n<li>\u00dcberpr\u00fcfen Sie abschlie\u00dfend Ihre E-Mails auf einen Aktivierungslink und folgen Sie diesem.<\/li>\n<\/ol>\n<p>Nach der Aktivierung ist Ihr Thorfortune-Konto einsatzbereit.<\/p>\n<p><img loading=\"lazy\" decoding=\"async\" class=\"alignnone size-full wp-image-2029\" src=\"https:\/\/thor-fortune.com\/wp-content\/uploads\/2026\/02\/Thorfortune-login-page.webp\" alt=\"Thorfortune login page\" width=\"1248\" height=\"536\" srcset=\"https:\/\/thorfortuneonline.com\/wp-content\/uploads\/2026\/02\/Thorfortune-login-page.webp 1248w, https:\/\/thorfortuneonline.com\/wp-content\/uploads\/2026\/02\/Thorfortune-login-page-300x129.webp 300w, https:\/\/thorfortuneonline.com\/wp-content\/uploads\/2026\/02\/Thorfortune-login-page-1024x440.webp 1024w, https:\/\/thorfortuneonline.com\/wp-content\/uploads\/2026\/02\/Thorfortune-login-page-768x330.webp 768w\" sizes=\"(max-width: 1248px) 100vw, 1248px\" \/><\/p>\n<h2>Verwalten eines Thorfortune-Kontos<\/h2>\n<p>Die Anmeldung bei Thorfortune Casino ist einfach und schnell. Spieler k\u00f6nnen von ihrem Desktop, Mobilger\u00e4t oder \u00fcber die App auf alle Casino-Funktionen zugreifen. Nach der Anmeldung bei Thorfortune k\u00f6nnen Sie Ihr Konto verwalten, Spiele spielen und Ihre Aktivit\u00e4ten verfolgen.<\/p>\n<p>Um sich bei Thorfortune Casino anzumelden, m\u00fcssen Sie nur auf die Schaltfl\u00e4che \u201eAnmelden\u201c klicken und Ihre E-Mail-Adresse und Ihr Passwort eingeben. Best\u00e4tigen Sie dann und w\u00e4hlen Sie \u201eAnmelden\u201c. Sobald Sie angemeldet sind, sind alle Kontoeinstellungen, Einzahlungen, Auszahlungen und Spielfortschritte sofort verf\u00fcgbar. Sie k\u00f6nnen auch auf Werbeaktionen und VIP-Pr\u00e4mien zugreifen und an Turnieren teilnehmen.<\/p>\n<p>Von Ihrem Thor Fortune-Konto aus k\u00f6nnen Sie:<\/p>\n<ul>\n<li>Online-Slots, Tischspiele, Live-Casino und Sofortspiele spielen<\/li>\n<li>Gewinne auszahlen lassen<\/li>\n<li>An Veranstaltungen und Werbeaktionen teilnehmen<\/li>\n<li>Ihre Spielhistorie einsehen<\/li>\n<li>Verantwortungsbewusste Spieltools nutzen<\/li>\n<li>Pers\u00f6nliche Einstellungen aktualisieren<\/li>\n<li>An Turnieren teilnehmen<\/li>\n<\/ul>\n<h3>Passwort vergessen?<\/h3>\n<p>Manchmal vergessen Benutzer ihr Passwort. Das kann jedem passieren, also machen Sie sich keine Sorgen. Es ist ganz einfach, Ihr Passwort wiederherzustellen und den Anmeldevorgang bei Thorfortune in nur wenigen Minuten abzuschlie\u00dfen.<\/p>\n<ol>\n<li>Wenn Sie Ihr Passwort vergessen haben, sollten Sie zun\u00e4chst die Anmeldeseite von Thorfortune \u00f6ffnen.<\/li>\n<li>Anschlie\u00dfend klicken Sie einfach auf \u201ePasswort vergessen?\u201c.<\/li>\n<li>Dann geben Sie Ihre registrierte E-Mail-Adresse ein.<\/li>\n<li>Als N\u00e4chstes erhalten Sie eine E-Mail von Thor Fortune und folgen dem Link.<\/li>\n<li>Zuletzt m\u00fcssen Sie ein neues Passwort erstellen und sich anmelden.<\/li>\n<\/ol>\n<h3>Thorfortune Casino-Kontoverifizierung und Sicherheitsma\u00dfnahmen<\/h3>\n<p>Alle Thorfortune-Konten werden verifiziert, um die Sicherheit der Spieler zu gew\u00e4hrleisten. Um Ihre Identit\u00e4t zu verifizieren, m\u00fcssen Sie klare Dokumente und eine Adressbest\u00e4tigung hochladen. Nur verifizierte Konten k\u00f6nnen Geld abheben und Boni nutzen. Unser Team pr\u00fcft die Dokumente innerhalb von 48 Stunden. Die Verifizierung ist Teil des KYC-Prozesses von Thorfortune, der auch verschl\u00fcsselte Daten, Zwei-Faktor-Authentifizierung und manuelle Transaktionskontrolle umfasst.<\/p>\n<h2>FAQ<\/h2>\n<h3>Wie kann ich mein Passwort oder meine E-Mail-Adresse aktualisieren?<\/h3>\n<p>Sie k\u00f6nnen Ihr Passwort oder Ihre E-Mail-Adresse ganz einfach in Ihren Thorfortune-Kontoeinstellungen \u00e4ndern. \u00d6ffnen Sie Ihr pers\u00f6nliches Profil und gehen Sie zum Abschnitt \u201eKontoeinstellungen\u201d. W\u00e4hlen Sie aus, ob Sie Ihr Passwort oder Ihre E-Mail-Adresse \u00e4ndern m\u00f6chten. Geben Sie die neuen Informationen ein und best\u00e4tigen Sie sie. Das Thor Fortune-System wird die \u00c4nderungen sofort \u00fcbernehmen. Die Aktualisierung Ihres Thorfortune-Passworts tr\u00e4gt zur Sicherheit Ihres Kontos bei. Wenn Ihre E-Mail-Adresse nicht mehr g\u00fcltig ist, sollten Sie sie aktualisieren. Verwenden Sie immer ein sicheres Passwort und eine g\u00fcltige E-Mail-Adresse.<\/p>\n<h3>Was soll ich tun, wenn mein Konto gesperrt ist?<\/h3>\n<p>Wenn Ihr Thorfortune-Konto gesperrt ist, melden Sie sich zun\u00e4chst von der Plattform ab und dann wieder an. \u00dcberpr\u00fcfen Sie, ob Sie \u00fcber eine stabile Internetverbindung verf\u00fcgen. Wenn Ihr Konto weiterhin gesperrt ist, wenden Sie sich an den Thorfortune-Support. Unser mehrsprachiges Support-Team steht Ihnen per Live-Chat oder E-Mail zur Verf\u00fcgung. Nachdem Sie unseren Spezialisten Ihre Daten mitgeteilt haben, helfen diese Ihnen dabei, sich wieder sicher anzumelden.<\/p>\n<\/div><\/div><\/p>\n","protected":false},"excerpt":{"rendered":"<p>Thor Fortune Anmeldung, Registrierung und Kontoverwaltung Der Thorfortune Login ist auf jedem Ger\u00e4t schnell und einfach. Spieler k\u00f6nnen sich in wenigen Sekunden von ihrem Computer, Tablet oder Mobiltelefon aus anmelden. Wenn Sie neu in unserem Casino sind, m\u00fcssen Sie zun\u00e4chst ein Konto erstellen, um mit dem Spielen zu beginnen.<\/p>\n","protected":false},"author":1,"featured_media":0,"parent":0,"menu_order":0,"comment_status":"closed","ping_status":"closed","template":"template-builder.php","meta":{"_acf_changed":false,"inline_featured_image":false,"footnotes":""},"class_list":["post-1483","page","type-page","status-publish","hentry"],"acf":[],"yoast_head":"<!-- This site is optimized with the Yoast SEO plugin v24.4 - https:\/\/yoast.com\/wordpress\/plugins\/seo\/ -->\n<title>Thorfortune-Login \u2013 Registrieren und Konto verwalten<\/title>\n<meta name=\"description\" content=\"Erstellen, verwalten und \u00fcberpr\u00fcfen Sie Ihr Thorfortune Casino-Konto ganz einfach mit schneller Registrierung, nahtloser Kontowiederherstellung und sicherer Kontoschlie\u00dfung, die Ihnen rund um die Uhr Schutz durch Thorfortune Login gew\u00e4hrleistet.\" \/>\n<meta name=\"robots\" content=\"index, follow, max-snippet:-1, max-image-preview:large, max-video-preview:-1\" \/>\n<link rel=\"canonical\" href=\"https:\/\/thorfortuneonline.com\/de\/anmeldung-und-registrierung\/\" \/>\n<meta property=\"og:locale\" content=\"de_DE\" \/>\n<meta property=\"og:type\" content=\"article\" \/>\n<meta property=\"og:title\" content=\"Thorfortune-Login \u2013 Registrieren und Konto verwalten\" \/>\n<meta property=\"og:description\" content=\"Erstellen, verwalten und \u00fcberpr\u00fcfen Sie Ihr Thorfortune Casino-Konto ganz einfach mit schneller Registrierung, nahtloser Kontowiederherstellung und sicherer Kontoschlie\u00dfung, die Ihnen rund um die Uhr Schutz durch Thorfortune Login gew\u00e4hrleistet.\" \/>\n<meta property=\"og:url\" content=\"https:\/\/thorfortuneonline.com\/de\/anmeldung-und-registrierung\/\" \/>\n<meta property=\"og:site_name\" content=\"thorfortune\" \/>\n<meta property=\"article:modified_time\" content=\"2026-02-27T14:41:49+00:00\" \/>\n<meta name=\"twitter:card\" content=\"summary_large_image\" \/>\n<meta name=\"twitter:label1\" content=\"Gesch\u00e4tzte Lesezeit\" \/>\n\t<meta name=\"twitter:data1\" content=\"1\u00a0Minute\" \/>\n<script type=\"application\/ld+json\" class=\"yoast-schema-graph\">{\"@context\":\"https:\/\/schema.org\",\"@graph\":[{\"@type\":\"WebPage\",\"@id\":\"https:\/\/thorfortuneonline.com\/de\/anmeldung-und-registrierung\/\",\"url\":\"https:\/\/thorfortuneonline.com\/de\/anmeldung-und-registrierung\/\",\"name\":\"Thorfortune-Login \u2013 Registrieren und Konto verwalten\",\"isPartOf\":{\"@id\":\"https:\/\/thorfortuneonline.com\/de\/#website\"},\"datePublished\":\"2026-01-20T12:11:11+00:00\",\"dateModified\":\"2026-02-27T14:41:49+00:00\",\"description\":\"Erstellen, verwalten und \u00fcberpr\u00fcfen Sie Ihr Thorfortune Casino-Konto ganz einfach mit schneller Registrierung, nahtloser Kontowiederherstellung und sicherer Kontoschlie\u00dfung, die Ihnen rund um die Uhr Schutz durch Thorfortune Login gew\u00e4hrleistet.\",\"breadcrumb\":{\"@id\":\"https:\/\/thorfortuneonline.com\/de\/anmeldung-und-registrierung\/#breadcrumb\"},\"inLanguage\":\"de\",\"potentialAction\":[{\"@type\":\"ReadAction\",\"target\":[\"https:\/\/thorfortuneonline.com\/de\/anmeldung-und-registrierung\/\"]}]},{\"@type\":\"BreadcrumbList\",\"@id\":\"https:\/\/thorfortuneonline.com\/de\/anmeldung-und-registrierung\/#breadcrumb\",\"itemListElement\":[{\"@type\":\"ListItem\",\"position\":1,\"name\":\"Thorfortune\",\"item\":\"https:\/\/thorfortuneonline.com\/de\/\"},{\"@type\":\"ListItem\",\"position\":2,\"name\":\"Anmeldung und Registrierung\"}]},{\"@type\":\"WebSite\",\"@id\":\"https:\/\/thorfortuneonline.com\/de\/#website\",\"url\":\"https:\/\/thorfortuneonline.com\/de\/\",\"name\":\"Thorfortune\",\"description\":\"\",\"publisher\":{\"@id\":\"https:\/\/thorfortuneonline.com\/de\/#organization\"},\"potentialAction\":[{\"@type\":\"SearchAction\",\"target\":{\"@type\":\"EntryPoint\",\"urlTemplate\":\"https:\/\/thorfortuneonline.com\/de\/?s={search_term_string}\"},\"query-input\":{\"@type\":\"PropertyValueSpecification\",\"valueRequired\":true,\"valueName\":\"search_term_string\"}}],\"inLanguage\":\"de\"},{\"@type\":\"Organization\",\"@id\":\"https:\/\/thorfortuneonline.com\/de\/#organization\",\"name\":\"Thorfortune\",\"url\":\"https:\/\/thorfortuneonline.com\/de\/\",\"logo\":{\"@type\":\"ImageObject\",\"inLanguage\":\"de\",\"@id\":\"https:\/\/thorfortuneonline.com\/de\/#\/schema\/logo\/image\/\",\"url\":\"https:\/\/thorfortuneonline.com\/wp-content\/uploads\/2026\/02\/logo.png\",\"contentUrl\":\"https:\/\/thorfortuneonline.com\/wp-content\/uploads\/2026\/02\/logo.png\",\"width\":160,\"height\":37,\"caption\":\"Thorfortune\"},\"image\":{\"@id\":\"https:\/\/thorfortuneonline.com\/de\/#\/schema\/logo\/image\/\"}}]}<\/script>\n<!-- \/ Yoast SEO plugin. -->","yoast_head_json":{"title":"Thorfortune-Login \u2013 Registrieren und Konto verwalten","description":"Erstellen, verwalten und \u00fcberpr\u00fcfen Sie Ihr Thorfortune Casino-Konto ganz einfach mit schneller Registrierung, nahtloser Kontowiederherstellung und sicherer Kontoschlie\u00dfung, die Ihnen rund um die Uhr Schutz durch Thorfortune Login gew\u00e4hrleistet.","robots":{"index":"index","follow":"follow","max-snippet":"max-snippet:-1","max-image-preview":"max-image-preview:large","max-video-preview":"max-video-preview:-1"},"canonical":"https:\/\/thorfortuneonline.com\/de\/anmeldung-und-registrierung\/","og_locale":"de_DE","og_type":"article","og_title":"Thorfortune-Login \u2013 Registrieren und Konto verwalten","og_description":"Erstellen, verwalten und \u00fcberpr\u00fcfen Sie Ihr Thorfortune Casino-Konto ganz einfach mit schneller Registrierung, nahtloser Kontowiederherstellung und sicherer Kontoschlie\u00dfung, die Ihnen rund um die Uhr Schutz durch Thorfortune Login gew\u00e4hrleistet.","og_url":"https:\/\/thorfortuneonline.com\/de\/anmeldung-und-registrierung\/","og_site_name":"thorfortune","article_modified_time":"2026-02-27T14:41:49+00:00","twitter_card":"summary_large_image","twitter_misc":{"Gesch\u00e4tzte Lesezeit":"1\u00a0Minute"},"schema":{"@context":"https:\/\/schema.org","@graph":[{"@type":"WebPage","@id":"https:\/\/thorfortuneonline.com\/de\/anmeldung-und-registrierung\/","url":"https:\/\/thorfortuneonline.com\/de\/anmeldung-und-registrierung\/","name":"Thorfortune-Login \u2013 Registrieren und Konto verwalten","isPartOf":{"@id":"https:\/\/thorfortuneonline.com\/de\/#website"},"datePublished":"2026-01-20T12:11:11+00:00","dateModified":"2026-02-27T14:41:49+00:00","description":"Erstellen, verwalten und \u00fcberpr\u00fcfen Sie Ihr Thorfortune Casino-Konto ganz einfach mit schneller Registrierung, nahtloser Kontowiederherstellung und sicherer Kontoschlie\u00dfung, die Ihnen rund um die Uhr Schutz durch Thorfortune Login gew\u00e4hrleistet.","breadcrumb":{"@id":"https:\/\/thorfortuneonline.com\/de\/anmeldung-und-registrierung\/#breadcrumb"},"inLanguage":"de","potentialAction":[{"@type":"ReadAction","target":["https:\/\/thorfortuneonline.com\/de\/anmeldung-und-registrierung\/"]}]},{"@type":"BreadcrumbList","@id":"https:\/\/thorfortuneonline.com\/de\/anmeldung-und-registrierung\/#breadcrumb","itemListElement":[{"@type":"ListItem","position":1,"name":"Thorfortune","item":"https:\/\/thorfortuneonline.com\/de\/"},{"@type":"ListItem","position":2,"name":"Anmeldung und Registrierung"}]},{"@type":"WebSite","@id":"https:\/\/thorfortuneonline.com\/de\/#website","url":"https:\/\/thorfortuneonline.com\/de\/","name":"Thorfortune","description":"","publisher":{"@id":"https:\/\/thorfortuneonline.com\/de\/#organization"},"potentialAction":[{"@type":"SearchAction","target":{"@type":"EntryPoint","urlTemplate":"https:\/\/thorfortuneonline.com\/de\/?s={search_term_string}"},"query-input":{"@type":"PropertyValueSpecification","valueRequired":true,"valueName":"search_term_string"}}],"inLanguage":"de"},{"@type":"Organization","@id":"https:\/\/thorfortuneonline.com\/de\/#organization","name":"Thorfortune","url":"https:\/\/thorfortuneonline.com\/de\/","logo":{"@type":"ImageObject","inLanguage":"de","@id":"https:\/\/thorfortuneonline.com\/de\/#\/schema\/logo\/image\/","url":"https:\/\/thorfortuneonline.com\/wp-content\/uploads\/2026\/02\/logo.png","contentUrl":"https:\/\/thorfortuneonline.com\/wp-content\/uploads\/2026\/02\/logo.png","width":160,"height":37,"caption":"Thorfortune"},"image":{"@id":"https:\/\/thorfortuneonline.com\/de\/#\/schema\/logo\/image\/"}}]}},"_links":{"self":[{"href":"https:\/\/thorfortuneonline.com\/de\/wp-json\/wp\/v2\/pages\/1483"}],"collection":[{"href":"https:\/\/thorfortuneonline.com\/de\/wp-json\/wp\/v2\/pages"}],"about":[{"href":"https:\/\/thorfortuneonline.com\/de\/wp-json\/wp\/v2\/types\/page"}],"author":[{"embeddable":true,"href":"https:\/\/thorfortuneonline.com\/de\/wp-json\/wp\/v2\/users\/1"}],"replies":[{"embeddable":true,"href":"https:\/\/thorfortuneonline.com\/de\/wp-json\/wp\/v2\/comments?post=1483"}],"version-history":[{"count":3,"href":"https:\/\/thorfortuneonline.com\/de\/wp-json\/wp\/v2\/pages\/1483\/revisions"}],"predecessor-version":[{"id":2072,"href":"https:\/\/thorfortuneonline.com\/de\/wp-json\/wp\/v2\/pages\/1483\/revisions\/2072"}],"wp:attachment":[{"href":"https:\/\/thorfortuneonline.com\/de\/wp-json\/wp\/v2\/media?parent=1483"}],"curies":[{"name":"wp","href":"https:\/\/api.w.org\/{rel}","templated":true}]}}