{"id":1449,"date":"2026-01-20T12:08:23","date_gmt":"2026-01-20T12:08:23","guid":{"rendered":"https:\/\/bonuskongcasino.com\/app-2\/"},"modified":"2026-03-02T08:03:22","modified_gmt":"2026-03-02T08:03:22","slug":"aplicacion","status":"publish","type":"page","link":"https:\/\/thorfortuneonline.com\/es\/aplicacion\/","title":{"rendered":"Aplicaci\u00f3n"},"content":{"rendered":"<h1>Thor Fortune en dispositivos m\u00f3viles<\/h1>\n<p>Thorfortune app ofrece un enfoque moderno de los casinos. Nuestra aplicaci\u00f3n est\u00e1 disponible para dispositivos Android e iOS. El software Thorfortune proporciona acceso a todos los juegos y herramientas de gesti\u00f3n del casino. La interfaz de la aplicaci\u00f3n se adapta a cualquier tama\u00f1o de pantalla. Los usuarios espa\u00f1oles pueden jugar en casa o mientras se desplazan. Todas las funciones principales son f\u00e1ciles de encontrar, ya que todo est\u00e1 dise\u00f1ado para un uso sencillo y c\u00f3modo.<\/p>\n<div class=\"banner-wrap\" aria-label=\"Banner\"><img src=\"https:\/\/thorfortuneonline.com\/wp-content\/uploads\/2026\/02\/Thorfortune-bnr-pc.webp\" class=\"w-100 d-none d-lg-block img-pc main-banner-img\" alt=\"Thorfortune banner desktop\" fetchpriority=\"high\" decoding=\"async\"><img src=\"https:\/\/thorfortuneonline.com\/wp-content\/uploads\/2026\/02\/thorfortune-banner-mobile.webp\" class=\"w-100 d-none d-md-block d-lg-none main-banner-img\" alt=\"Thorfortune banner mobile\" fetchpriority=\"high\" decoding=\"async\"><img src=\"https:\/\/thorfortuneonline.com\/wp-content\/uploads\/2026\/02\/thorfortune-banner-mobile.webp\" class=\"w-100 d-md-none\" alt=\"Thorfortune banner mobile\" fetchpriority=\"high\" decoding=\"async\"><div class=\"banner-description\">\n<div class=\"banner-title\">Bonos de bienvenida<\/div>\n<p class=\"banner-header-title\">1500 \u20ac<\/p>\n<div class=\"banner-header-AdditionalText\">+ 250 Tiradas gratis<\/div>\n<button data-item=\"homepage_banner_link\" class=\"goto m-button m-gradient-border m-button--primary m-button--large banner-button btn-orange\">\n            <div class=\"m-button-content\">\n                <span>Reg\u00edstrate ahora<\/span>\n                <span><\/span>\n            <\/div>\n        <\/button>\n<\/div>\n<div class=\"WelcomePack\">\n<p><img loading=\"lazy\" decoding=\"async\" class=\"alignnone size-full wp-image-1849\" src=\"https:\/\/thor-fortune.com\/wp-content\/uploads\/2026\/02\/welcome-crown.png\" alt=\"welcome crown\" width=\"25\" height=\"26\" \/><\/p>\n<div class=\"WelcomePack-Info\">Reembolso semanal de hasta el 25 %<\/div>\n<p><img loading=\"lazy\" decoding=\"async\" class=\"alignnone size-full wp-image-1849\" src=\"https:\/\/thor-fortune.com\/wp-content\/uploads\/2026\/02\/welcome-crown.png\" alt=\"welcome crown\" width=\"25\" height=\"26\" \/><\/p>\n<\/div>\n<\/div>\n<h2>Acceso m\u00f3vil a Thorfortune<\/h2>\n<p>Thor Fortune Casino ofrece una aplicaci\u00f3n m\u00f3vil y una versi\u00f3n para PC. Cada opci\u00f3n tiene sus propias ventajas. Ambas versiones proporcionan acceso completo a los juegos, los pagos y todas las dem\u00e1s herramientas de la plataforma. La principal diferencia es c\u00f3mo y d\u00f3nde jugar.<\/p>\n<p>La aplicaci\u00f3n Thorfortune te permite jugar al casino en cualquier lugar. Est\u00e1 optimizada para el control t\u00e1ctil y las pantallas peque\u00f1as. El software se inicia r\u00e1pidamente sin necesidad de abrir un navegador. Las notificaciones push son la principal ventaja de la aplicaci\u00f3n, ya que informan a los jugadores de todos los eventos y actualizaciones de la plataforma.<\/p>\n<p>La versi\u00f3n para PC ofrece una pantalla m\u00e1s grande y est\u00e1 dise\u00f1ada para usarse con rat\u00f3n y teclado. Es adecuada para jugadores que prefieren una pantalla amplia, por ejemplo, en tragamonedas en l\u00ednea y juegos con crupieres en vivo. Ambas versiones te permiten depositar y retirar fondos, completar el proceso de verificaci\u00f3n y utilizar herramientas de juego responsable.<\/p>\n<p><div class=\"scrollable-content-wrap my-5\"><div class=\"scrollable-content-inner\"><h2>Aplicaci\u00f3n Thorfortune para iOS<\/h2>\n<p>La aplicaci\u00f3n Thorfortune para iOS funciona en cualquier dispositivo iPhone o iPad. Se inicia en Safari y no es necesario descargarla de la App Store. La aplicaci\u00f3n funciona como un acceso directo de carga r\u00e1pida. Los jugadores reciben notificaciones sobre nuevas promociones, resultados de torneos, actualizaciones y nuevos lanzamientos de juegos. Se ha a\u00f1adido un icono a la pantalla de inicio para acceder al instante al casino Thorfortune. El proceso de instalaci\u00f3n es sencillo y solo lleva unos segundos. La aplicaci\u00f3n no ocupa mucho espacio en tu dispositivo y todo es claro y r\u00e1pido.<\/p>\n<h3>C\u00f3mo instalar la aplicaci\u00f3n Thorfortune Casino para iOS<\/h3>\n<ol>\n<li>En primer lugar, debe abrir el sitio web de Thorfortune en Safari.<\/li>\n<li>En segundo lugar, debes pulsar el icono \u00abCompartir\u00bb en la parte inferior de la pantalla.<\/li>\n<li>A continuaci\u00f3n, debes seleccionar \u00abA\u00f1adir a la pantalla de inicio\u00bb.<\/li>\n<li>A continuaci\u00f3n, tienes que pulsar \u00abA\u00f1adir\u00bb para confirmar.<\/li>\n<li>Ahora puede iniciar la aplicaci\u00f3n desde su pantalla de inicio.<\/li>\n<\/ol>\n<p><img loading=\"lazy\" decoding=\"async\" class=\"alignnone size-full wp-image-2025\" src=\"https:\/\/thor-fortune.com\/wp-content\/uploads\/2026\/02\/Thorfortune-iOS.webp\" alt=\"Thorfortune iOS\" width=\"1248\" height=\"536\" srcset=\"https:\/\/thorfortuneonline.com\/wp-content\/uploads\/2026\/02\/Thorfortune-iOS.webp 1248w, https:\/\/thorfortuneonline.com\/wp-content\/uploads\/2026\/02\/Thorfortune-iOS-300x129.webp 300w, https:\/\/thorfortuneonline.com\/wp-content\/uploads\/2026\/02\/Thorfortune-iOS-1024x440.webp 1024w, https:\/\/thorfortuneonline.com\/wp-content\/uploads\/2026\/02\/Thorfortune-iOS-768x330.webp 768w\" sizes=\"(max-width: 1248px) 100vw, 1248px\" \/><\/p>\n<\/div><\/div><div style=\"clear: both\"><\/div><div class=\"d-flex justify-content-center\"><button data-item=\"decouvrez_link\" data-group=\"website_links\" class=\"goto fw-bold rounded-pill btn btn-orange\" aria-label=\"Descarga la aplicaci\u00f3n Thorfortune\" >Descarga la aplicaci\u00f3n Thorfortune<\/button><\/div><div class=\"scrollable-content-wrap my-5\"><div class=\"scrollable-content-inner\"><h2>Aplicaci\u00f3n Thorfortune para Android<\/h2>\n<p>La aplicaci\u00f3n Thorfortune para Android est\u00e1 disponible como una aplicaci\u00f3n web progresiva (PWA). No utilizamos archivos APK para la instalaci\u00f3n. Nuestra PWA se ejecuta en tu navegador y se puede instalar desde nuestro sitio web oficial. Este formato proporciona un acceso m\u00e1s r\u00e1pido sin necesidad de descargar aplicaciones de terceros. La aplicaci\u00f3n Thorfortune proporciona acceso completo a los juegos y a todas las herramientas de nuestro casino. Funciona en dispositivos Android con una experiencia de juego avanzada.<\/p>\n<table>\n<tbody>\n<tr>\n<td>Caracter\u00edstica<\/td>\n<td>PWA<\/td>\n<td>APK<\/td>\n<\/tr>\n<tr>\n<td>Fuente de instalaci\u00f3n<\/td>\n<td>Se instala desde nuestro sitio web<\/td>\n<td>Instalado con un archivo externo<\/td>\n<\/tr>\n<tr>\n<td>Uso de almacenamiento<\/td>\n<td>Almacenamiento m\u00ednimo en el dispositivo<\/td>\n<td>Requiere la descarga de archivos<\/td>\n<\/tr>\n<tr>\n<td>Actualizaciones<\/td>\n<td>Actualizaciones autom\u00e1ticas<\/td>\n<td>Se requieren actualizaciones manuales<\/td>\n<\/tr>\n<tr>\n<td>Seguridad<\/td>\n<td>Se ejecuta en un navegador seguro<\/td>\n<td>Depende de la fuente del archivo<\/td>\n<\/tr>\n<tr>\n<td>Accesibilidad<\/td>\n<td>Acceso instant\u00e1neo<\/td>\n<td>Requiere un proceso de instalaci\u00f3n<\/td>\n<\/tr>\n<\/tbody>\n<\/table>\n<p>La aplicaci\u00f3n Thorfortune para Android es r\u00e1pida y f\u00e1cil de usar. Obtienes acceso completo a los juegos, pagos, bonificaciones y configuraci\u00f3n de la cuenta. Lo m\u00e1s importante es que, cuando eliges jugar a trav\u00e9s de la aplicaci\u00f3n, puedes recibir notificaciones del casino Thorfortune. Las notificaciones te mantienen al d\u00eda de todos los eventos y actualizaciones de la plataforma. Si participas en un torneo, puedes seguir tu clasificaci\u00f3n a trav\u00e9s de las notificaciones. Adem\u00e1s, como parte de algunas promociones, puedes recibir el estatus VIP de nuestra parte incluso si no eres un gran apostador. Si ganas, te enviaremos una notificaci\u00f3n. La plataforma funciona mejor en tu dispositivo Android con nuestro software.<\/p>\n<p><img loading=\"lazy\" decoding=\"async\" class=\"alignnone size-full wp-image-2009\" src=\"https:\/\/thor-fortune.com\/wp-content\/uploads\/2026\/02\/Thorfortune-Android.webp\" alt=\"Thorfortune Android\" width=\"1248\" height=\"536\" srcset=\"https:\/\/thorfortuneonline.com\/wp-content\/uploads\/2026\/02\/Thorfortune-Android.webp 1248w, https:\/\/thorfortuneonline.com\/wp-content\/uploads\/2026\/02\/Thorfortune-Android-300x129.webp 300w, https:\/\/thorfortuneonline.com\/wp-content\/uploads\/2026\/02\/Thorfortune-Android-1024x440.webp 1024w, https:\/\/thorfortuneonline.com\/wp-content\/uploads\/2026\/02\/Thorfortune-Android-768x330.webp 768w\" sizes=\"(max-width: 1248px) 100vw, 1248px\" \/><\/p>\n<\/div><\/div><div style=\"clear: both\"><\/div><div class=\"d-flex justify-content-center\"><button data-item=\"decouvrez_link\" data-group=\"website_links\" class=\"goto fw-bold rounded-pill btn btn-orange\" aria-label=\"Descargar Thorfortune\" >Descargar Thorfortune<\/button><\/div><div class=\"scrollable-content-wrap my-5\"><div class=\"scrollable-content-inner\"><h2>Aplicaciones para Windows y Mac<\/h2>\n<p>Thorfortune Casino tiene una aplicaci\u00f3n web para PC con Windows y Mac. No es necesario realizar instalaciones complicadas ni descargas de gran tama\u00f1o. Los jugadores pueden crear un acceso directo en su escritorio para acceder al sitio web de Thor Fortune. El acceso directo funciona como una aplicaci\u00f3n web independiente con acceso con un solo clic.<\/p>\n<p>La aplicaci\u00f3n web para PC proporciona acceso completo a todas las funciones del casino m\u00f3vil. Los usuarios pueden jugar, gestionar sus cuentas, completar la verificaci\u00f3n y realizar dep\u00f3sitos o retiradas. La interfaz de Thorfortune Casino est\u00e1 dise\u00f1ada para pantallas de escritorio grandes y admite streaming de alta calidad. Todos los juegos se transmiten con la m\u00e1xima calidad gracias al rendimiento de un ordenador de escritorio.<\/p>\n<p><img loading=\"lazy\" decoding=\"async\" class=\"alignnone size-full wp-image-2017\" src=\"https:\/\/thor-fortune.com\/wp-content\/uploads\/2026\/02\/Thorfortune-Desktop.webp\" alt=\"Thorfortune Desktop\" width=\"1248\" height=\"536\" srcset=\"https:\/\/thorfortuneonline.com\/wp-content\/uploads\/2026\/02\/Thorfortune-Desktop.webp 1248w, https:\/\/thorfortuneonline.com\/wp-content\/uploads\/2026\/02\/Thorfortune-Desktop-300x129.webp 300w, https:\/\/thorfortuneonline.com\/wp-content\/uploads\/2026\/02\/Thorfortune-Desktop-1024x440.webp 1024w, https:\/\/thorfortuneonline.com\/wp-content\/uploads\/2026\/02\/Thorfortune-Desktop-768x330.webp 768w\" sizes=\"(max-width: 1248px) 100vw, 1248px\" \/><\/p>\n<\/div><\/div><div style=\"clear: both\"><\/div><div class=\"d-flex justify-content-center\"><button data-item=\"decouvrez_link\" data-group=\"website_links\" class=\"goto fw-bold rounded-pill btn btn-orange\" aria-label=\"Descarga la aplicaci\u00f3n Thorfortune\" >Descarga la aplicaci\u00f3n Thorfortune<\/button><\/div><div class=\"scrollable-content-wrap my-5\"><div class=\"scrollable-content-inner\"><h2>Preguntas frecuentes<\/h2>\n<h3>\u00bfEs necesario crear una cuenta para utilizar la aplicaci\u00f3n Thor Fortune?<\/h3>\n<p>S\u00ed. Para utilizar la aplicaci\u00f3n Thorfortune, es necesario crear una cuenta. Una vez registrado, podr\u00e1 jugar a cualquier juego, recibir bonificaciones, depositar y retirar fondos. Sin una cuenta, no podr\u00e1 utilizar la plataforma. El proceso de registro solo lleva unos minutos. Tras el registro, podr\u00e1 iniciar sesi\u00f3n y empezar a jugar inmediatamente.<\/p>\n<h3>\u00bfLa aplicaci\u00f3n Thor Fortune Casino ofrece atenci\u00f3n al cliente?<\/h3>\n<p>S\u00ed. A trav\u00e9s de la aplicaci\u00f3n Thorfortune Casino, puedes ponerte en contacto con el servicio de atenci\u00f3n al cliente mediante el chat en vivo. El servicio de atenci\u00f3n al cliente est\u00e1 disponible las 24 horas del d\u00eda, los 7 d\u00edas de la semana, y responde r\u00e1pidamente a las preguntas. Nuestro equipo de asistencia profesional est\u00e1 disponible para ayudarte con cualquier pregunta. Tambi\u00e9n puedes obtener ayuda envi\u00e1ndonos un correo electr\u00f3nico.<\/p>\n<h3>\u00bfC\u00f3mo se actualiza la aplicaci\u00f3n Thor Fortune Casino?<\/h3>\n<p>La aplicaci\u00f3n Thor Fortune Casino se actualiza autom\u00e1ticamente. Es una aplicaci\u00f3n web, por lo que no es necesario descargar las actualizaciones manualmente. Cuando abre el programa, siempre est\u00e1 utilizando la \u00faltima versi\u00f3n. Solo tiene que abrir la aplicaci\u00f3n y asegurarse de que est\u00e1 utilizando la \u00faltima versi\u00f3n con las funciones actualizadas.<\/p>\n<\/div><\/div><\/p>\n","protected":false},"excerpt":{"rendered":"<p>Thor Fortune en dispositivos m\u00f3viles Thorfortune app ofrece un enfoque moderno de los casinos. Nuestra aplicaci\u00f3n est\u00e1 disponible para dispositivos Android e iOS. El software Thorfortune proporciona acceso a todos los juegos y herramientas de gesti\u00f3n del casino. La interfaz de la aplicaci\u00f3n se adapta a cualquier tama\u00f1o de pantalla. Los usuarios espa\u00f1oles pueden jugar [&hellip;]<\/p>\n","protected":false},"author":1,"featured_media":0,"parent":0,"menu_order":0,"comment_status":"closed","ping_status":"closed","template":"template-builder.php","meta":{"_acf_changed":false,"inline_featured_image":false,"footnotes":""},"class_list":["post-1449","page","type-page","status-publish","hentry"],"acf":[],"yoast_head":"<!-- This site is optimized with the Yoast SEO plugin v24.4 - https:\/\/yoast.com\/wordpress\/plugins\/seo\/ -->\n<title>Thorfortune app Descargar | iOS y Android<\/title>\n<meta name=\"description\" content=\"La aplicaci\u00f3n Thorfortune garantiza una experiencia de juego impecable en las plataformas Android, iOS, Windows y macOS, con sincronizaci\u00f3n de cuentas, actualizaciones peri\u00f3dicas y asistencia al cliente integrada para facilitar su uso.\" \/>\n<meta name=\"robots\" content=\"index, follow, max-snippet:-1, max-image-preview:large, max-video-preview:-1\" \/>\n<link rel=\"canonical\" href=\"https:\/\/thorfortuneonline.com\/es\/aplicacion\/\" \/>\n<meta property=\"og:locale\" content=\"es_ES\" \/>\n<meta property=\"og:type\" content=\"article\" \/>\n<meta property=\"og:title\" content=\"Thorfortune app Descargar | iOS y Android\" \/>\n<meta property=\"og:description\" content=\"La aplicaci\u00f3n Thorfortune garantiza una experiencia de juego impecable en las plataformas Android, iOS, Windows y macOS, con sincronizaci\u00f3n de cuentas, actualizaciones peri\u00f3dicas y asistencia al cliente integrada para facilitar su uso.\" \/>\n<meta property=\"og:url\" content=\"https:\/\/thorfortuneonline.com\/es\/aplicacion\/\" \/>\n<meta property=\"og:site_name\" content=\"thorfortune\" \/>\n<meta property=\"article:modified_time\" content=\"2026-03-02T08:03:22+00:00\" \/>\n<meta name=\"twitter:card\" content=\"summary_large_image\" \/>\n<meta name=\"twitter:label1\" content=\"Est. reading time\" \/>\n\t<meta name=\"twitter:data1\" content=\"2 minutes\" \/>\n<script type=\"application\/ld+json\" class=\"yoast-schema-graph\">{\"@context\":\"https:\/\/schema.org\",\"@graph\":[{\"@type\":\"WebPage\",\"@id\":\"https:\/\/thorfortuneonline.com\/es\/aplicacion\/\",\"url\":\"https:\/\/thorfortuneonline.com\/es\/aplicacion\/\",\"name\":\"Thorfortune app Descargar | iOS y Android\",\"isPartOf\":{\"@id\":\"https:\/\/thorfortuneonline.com\/es\/#website\"},\"datePublished\":\"2026-01-20T12:08:23+00:00\",\"dateModified\":\"2026-03-02T08:03:22+00:00\",\"description\":\"La aplicaci\u00f3n Thorfortune garantiza una experiencia de juego impecable en las plataformas Android, iOS, Windows y macOS, con sincronizaci\u00f3n de cuentas, actualizaciones peri\u00f3dicas y asistencia al cliente integrada para facilitar su uso.\",\"breadcrumb\":{\"@id\":\"https:\/\/thorfortuneonline.com\/es\/aplicacion\/#breadcrumb\"},\"inLanguage\":\"es-ES\",\"potentialAction\":[{\"@type\":\"ReadAction\",\"target\":[\"https:\/\/thorfortuneonline.com\/es\/aplicacion\/\"]}]},{\"@type\":\"BreadcrumbList\",\"@id\":\"https:\/\/thorfortuneonline.com\/es\/aplicacion\/#breadcrumb\",\"itemListElement\":[{\"@type\":\"ListItem\",\"position\":1,\"name\":\"Thorfortune\",\"item\":\"https:\/\/thorfortuneonline.com\/es\/\"},{\"@type\":\"ListItem\",\"position\":2,\"name\":\"Aplicaci\u00f3n\"}]},{\"@type\":\"WebSite\",\"@id\":\"https:\/\/thorfortuneonline.com\/es\/#website\",\"url\":\"https:\/\/thorfortuneonline.com\/es\/\",\"name\":\"Thorfortune\",\"description\":\"\",\"publisher\":{\"@id\":\"https:\/\/thorfortuneonline.com\/es\/#organization\"},\"potentialAction\":[{\"@type\":\"SearchAction\",\"target\":{\"@type\":\"EntryPoint\",\"urlTemplate\":\"https:\/\/thorfortuneonline.com\/es\/?s={search_term_string}\"},\"query-input\":{\"@type\":\"PropertyValueSpecification\",\"valueRequired\":true,\"valueName\":\"search_term_string\"}}],\"inLanguage\":\"es-ES\"},{\"@type\":\"Organization\",\"@id\":\"https:\/\/thorfortuneonline.com\/es\/#organization\",\"name\":\"Thorfortune\",\"url\":\"https:\/\/thorfortuneonline.com\/es\/\",\"logo\":{\"@type\":\"ImageObject\",\"inLanguage\":\"es-ES\",\"@id\":\"https:\/\/thorfortuneonline.com\/es\/#\/schema\/logo\/image\/\",\"url\":\"https:\/\/thorfortuneonline.com\/wp-content\/uploads\/2026\/02\/logo.png\",\"contentUrl\":\"https:\/\/thorfortuneonline.com\/wp-content\/uploads\/2026\/02\/logo.png\",\"width\":160,\"height\":37,\"caption\":\"Thorfortune\"},\"image\":{\"@id\":\"https:\/\/thorfortuneonline.com\/es\/#\/schema\/logo\/image\/\"}}]}<\/script>\n<!-- \/ Yoast SEO plugin. -->","yoast_head_json":{"title":"Thorfortune app Descargar | iOS y Android","description":"La aplicaci\u00f3n Thorfortune garantiza una experiencia de juego impecable en las plataformas Android, iOS, Windows y macOS, con sincronizaci\u00f3n de cuentas, actualizaciones peri\u00f3dicas y asistencia al cliente integrada para facilitar su uso.","robots":{"index":"index","follow":"follow","max-snippet":"max-snippet:-1","max-image-preview":"max-image-preview:large","max-video-preview":"max-video-preview:-1"},"canonical":"https:\/\/thorfortuneonline.com\/es\/aplicacion\/","og_locale":"es_ES","og_type":"article","og_title":"Thorfortune app Descargar | iOS y Android","og_description":"La aplicaci\u00f3n Thorfortune garantiza una experiencia de juego impecable en las plataformas Android, iOS, Windows y macOS, con sincronizaci\u00f3n de cuentas, actualizaciones peri\u00f3dicas y asistencia al cliente integrada para facilitar su uso.","og_url":"https:\/\/thorfortuneonline.com\/es\/aplicacion\/","og_site_name":"thorfortune","article_modified_time":"2026-03-02T08:03:22+00:00","twitter_card":"summary_large_image","twitter_misc":{"Est. reading time":"2 minutes"},"schema":{"@context":"https:\/\/schema.org","@graph":[{"@type":"WebPage","@id":"https:\/\/thorfortuneonline.com\/es\/aplicacion\/","url":"https:\/\/thorfortuneonline.com\/es\/aplicacion\/","name":"Thorfortune app Descargar | iOS y Android","isPartOf":{"@id":"https:\/\/thorfortuneonline.com\/es\/#website"},"datePublished":"2026-01-20T12:08:23+00:00","dateModified":"2026-03-02T08:03:22+00:00","description":"La aplicaci\u00f3n Thorfortune garantiza una experiencia de juego impecable en las plataformas Android, iOS, Windows y macOS, con sincronizaci\u00f3n de cuentas, actualizaciones peri\u00f3dicas y asistencia al cliente integrada para facilitar su uso.","breadcrumb":{"@id":"https:\/\/thorfortuneonline.com\/es\/aplicacion\/#breadcrumb"},"inLanguage":"es-ES","potentialAction":[{"@type":"ReadAction","target":["https:\/\/thorfortuneonline.com\/es\/aplicacion\/"]}]},{"@type":"BreadcrumbList","@id":"https:\/\/thorfortuneonline.com\/es\/aplicacion\/#breadcrumb","itemListElement":[{"@type":"ListItem","position":1,"name":"Thorfortune","item":"https:\/\/thorfortuneonline.com\/es\/"},{"@type":"ListItem","position":2,"name":"Aplicaci\u00f3n"}]},{"@type":"WebSite","@id":"https:\/\/thorfortuneonline.com\/es\/#website","url":"https:\/\/thorfortuneonline.com\/es\/","name":"Thorfortune","description":"","publisher":{"@id":"https:\/\/thorfortuneonline.com\/es\/#organization"},"potentialAction":[{"@type":"SearchAction","target":{"@type":"EntryPoint","urlTemplate":"https:\/\/thorfortuneonline.com\/es\/?s={search_term_string}"},"query-input":{"@type":"PropertyValueSpecification","valueRequired":true,"valueName":"search_term_string"}}],"inLanguage":"es-ES"},{"@type":"Organization","@id":"https:\/\/thorfortuneonline.com\/es\/#organization","name":"Thorfortune","url":"https:\/\/thorfortuneonline.com\/es\/","logo":{"@type":"ImageObject","inLanguage":"es-ES","@id":"https:\/\/thorfortuneonline.com\/es\/#\/schema\/logo\/image\/","url":"https:\/\/thorfortuneonline.com\/wp-content\/uploads\/2026\/02\/logo.png","contentUrl":"https:\/\/thorfortuneonline.com\/wp-content\/uploads\/2026\/02\/logo.png","width":160,"height":37,"caption":"Thorfortune"},"image":{"@id":"https:\/\/thorfortuneonline.com\/es\/#\/schema\/logo\/image\/"}}]}},"_links":{"self":[{"href":"https:\/\/thorfortuneonline.com\/es\/wp-json\/wp\/v2\/pages\/1449"}],"collection":[{"href":"https:\/\/thorfortuneonline.com\/es\/wp-json\/wp\/v2\/pages"}],"about":[{"href":"https:\/\/thorfortuneonline.com\/es\/wp-json\/wp\/v2\/types\/page"}],"author":[{"embeddable":true,"href":"https:\/\/thorfortuneonline.com\/es\/wp-json\/wp\/v2\/users\/1"}],"replies":[{"embeddable":true,"href":"https:\/\/thorfortuneonline.com\/es\/wp-json\/wp\/v2\/comments?post=1449"}],"version-history":[{"count":3,"href":"https:\/\/thorfortuneonline.com\/es\/wp-json\/wp\/v2\/pages\/1449\/revisions"}],"predecessor-version":[{"id":2103,"href":"https:\/\/thorfortuneonline.com\/es\/wp-json\/wp\/v2\/pages\/1449\/revisions\/2103"}],"wp:attachment":[{"href":"https:\/\/thorfortuneonline.com\/es\/wp-json\/wp\/v2\/media?parent=1449"}],"curies":[{"name":"wp","href":"https:\/\/api.w.org\/{rel}","templated":true}]}}