{"id":1487,"date":"2026-01-20T12:11:11","date_gmt":"2026-01-20T12:11:11","guid":{"rendered":"https:\/\/bonuskongcasino.com\/login-and-registration\/"},"modified":"2026-03-02T08:06:53","modified_gmt":"2026-03-02T08:06:53","slug":"inicio-de-sesion-y-registro","status":"publish","type":"page","link":"https:\/\/thorfortuneonline.com\/es\/inicio-de-sesion-y-registro\/","title":{"rendered":"Inicio de sesi\u00f3n y Registro"},"content":{"rendered":"<h1>Inicio de sesi\u00f3n, registro y gesti\u00f3n de cuentas en Thor Fortune<\/h1>\n<p>El proceso de Thorfortune login es r\u00e1pido y sencillo en cualquier dispositivo. Los jugadores espa\u00f1oles pueden iniciar sesi\u00f3n desde su ordenador, tableta o tel\u00e9fono m\u00f3vil en cuesti\u00f3n de segundos. Si eres nuevo en nuestro casino, primero tendr\u00e1s que crear una cuenta para empezar a jugar.<\/p>\n<p><div class=\"banner-wrap\" aria-label=\"Banner\"><img src=\"https:\/\/thorfortuneonline.com\/wp-content\/uploads\/2026\/02\/Thorfortune-bnr-pc.webp\" class=\"w-100 d-none d-lg-block img-pc main-banner-img\" alt=\"Thorfortune banner desktop\" fetchpriority=\"high\" decoding=\"async\"><img src=\"https:\/\/thorfortuneonline.com\/wp-content\/uploads\/2026\/02\/thorfortune-banner-mobile.webp\" class=\"w-100 d-none d-md-block d-lg-none main-banner-img\" alt=\"Thorfortune banner mobile\" fetchpriority=\"high\" decoding=\"async\"><img src=\"https:\/\/thorfortuneonline.com\/wp-content\/uploads\/2026\/02\/thorfortune-banner-mobile.webp\" class=\"w-100 d-md-none\" alt=\"Thorfortune banner mobile\" fetchpriority=\"high\" decoding=\"async\"><div class=\"banner-description\">\n<div class=\"banner-title\">Bonos de bienvenida<\/div>\n<p class=\"banner-header-title\">1500 \u20ac<\/p>\n<div class=\"banner-header-AdditionalText\">+ 250 Tiradas gratis<\/div>\n<button data-item=\"homepage_banner_link\" class=\"goto m-button m-gradient-border m-button--primary m-button--large banner-button btn-orange\">\n            <div class=\"m-button-content\">\n                <span>Reg\u00edstrate ahora<\/span>\n                <span><\/span>\n            <\/div>\n        <\/button>\n<\/div>\n<div class=\"WelcomePack\">\n<p><img loading=\"lazy\" decoding=\"async\" class=\"alignnone size-full wp-image-1849\" src=\"https:\/\/thor-fortune.com\/wp-content\/uploads\/2026\/02\/welcome-crown.png\" alt=\"welcome crown\" width=\"25\" height=\"26\" \/><\/p>\n<div class=\"WelcomePack-Info\">Reembolso semanal de hasta el 25 %<\/div>\n<p><img loading=\"lazy\" decoding=\"async\" class=\"alignnone size-full wp-image-1849\" src=\"https:\/\/thor-fortune.com\/wp-content\/uploads\/2026\/02\/welcome-crown.png\" alt=\"welcome crown\" width=\"25\" height=\"26\" \/><\/p>\n<\/div>\n<\/div><div class=\"scrollable-content-wrap my-5\"><div class=\"scrollable-content-inner\"><h2>Registro de nuevos usuarios en Thor Fortune<\/h2>\n<p>Solo los jugadores registrados pueden utilizar plenamente la plataforma Thorfortune Casino. Al crear una cuenta, tendr\u00e1s acceso a m\u00e1s de 6000 juegos, un sistema de bonificaciones \u00fanico y muchas otras funciones. Tras completar el procedimiento de inicio de sesi\u00f3n en Thorfortune, los usuarios pueden gestionar sus dep\u00f3sitos y retiradas, utilizar herramientas de juego responsable y participar en promociones. Tu cuenta est\u00e1 protegida con medidas de seguridad y est\u00e1ndares de encriptaci\u00f3n modernos.<\/p>\n<table>\n<tbody>\n<tr>\n<td>Caracter\u00edstica<\/td>\n<td>Acceso<\/td>\n<\/tr>\n<tr>\n<td>Juegos<\/td>\n<td>Todas las tragamonedas, juegos de mesa, casino en vivo y juegos instant\u00e1neos<\/td>\n<\/tr>\n<tr>\n<td>Bonificaciones<\/td>\n<td>Paquete de bienvenida, recompensas VIP, ofertas diarias y semanales<\/td>\n<\/tr>\n<tr>\n<td>Gesti\u00f3n de la cuenta<\/td>\n<td>Datos personales, m\u00e9todos de pago, controles de dep\u00f3sito y retirada<\/td>\n<\/tr>\n<tr>\n<td>Juego responsable<\/td>\n<td>L\u00edmites de dep\u00f3sito, l\u00edmites de p\u00e9rdidas, l\u00edmites de tiempo de sesi\u00f3n, autoexclusi\u00f3n<\/td>\n<\/tr>\n<tr>\n<td>Promociones y torneos<\/td>\n<td>Competiciones diarias, semanales, mensuales y estacionales<\/td>\n<\/tr>\n<\/tbody>\n<\/table>\n<h3>Crea tu cuenta<\/h3>\n<ol>\n<li>Es f\u00e1cil empezar: solo tienes que hacer clic en el bot\u00f3n \u00abRegistrarse\u00bb para abrir la ventana de registro de Thor Fortune.<\/li>\n<li>A continuaci\u00f3n, se le pedir\u00e1 que introduzca su correo electr\u00f3nico y cree una contrase\u00f1a.<\/li>\n<li>A continuaci\u00f3n, debe aceptar los T\u00e9rminos y condiciones y hacer clic en \u00abRegistrarse\u00bb.<\/li>\n<li>En la siguiente ventana, deber\u00e1 introducir su nombre, apellidos, fecha de nacimiento y n\u00famero de tel\u00e9fono.<\/li>\n<li>A continuaci\u00f3n, solo tienes que hacer clic en \u00abGuardar\u00bb para enviar tu informaci\u00f3n.<\/li>\n<li>Por \u00faltimo, comprueba tu correo electr\u00f3nico para obtener un enlace de activaci\u00f3n y s\u00edguelo.<\/li>\n<\/ol>\n<p>Una vez activada, su cuenta de Thorfortune estar\u00e1 lista para usar.<\/p>\n<p><img loading=\"lazy\" decoding=\"async\" class=\"alignnone size-full wp-image-2033\" src=\"https:\/\/thor-fortune.com\/wp-content\/uploads\/2026\/02\/Thorfortune-login-page.webp\" alt=\"Thorfortune login page\" width=\"1248\" height=\"536\" srcset=\"https:\/\/thorfortuneonline.com\/wp-content\/uploads\/2026\/02\/Thorfortune-login-page.webp 1248w, https:\/\/thorfortuneonline.com\/wp-content\/uploads\/2026\/02\/Thorfortune-login-page-300x129.webp 300w, https:\/\/thorfortuneonline.com\/wp-content\/uploads\/2026\/02\/Thorfortune-login-page-1024x440.webp 1024w, https:\/\/thorfortuneonline.com\/wp-content\/uploads\/2026\/02\/Thorfortune-login-page-768x330.webp 768w\" sizes=\"(max-width: 1248px) 100vw, 1248px\" \/><\/p>\n<h2>Gesti\u00f3n de una cuenta Thorfortune<\/h2>\n<p>Iniciar sesi\u00f3n en Thorfortune Casino es f\u00e1cil y r\u00e1pido. Los jugadores pueden acceder a todas las funciones del casino desde el ordenador, el m\u00f3vil o la aplicaci\u00f3n. Despu\u00e9s de iniciar sesi\u00f3n en Thorfortune, puedes gestionar tu cuenta, jugar y realizar un seguimiento de tu actividad.<\/p>\n<p>Para iniciar sesi\u00f3n en Thorfortune Casino, solo tienes que hacer clic en el bot\u00f3n \u00abIniciar sesi\u00f3n\u00bb e introducir tu correo electr\u00f3nico y contrase\u00f1a. A continuaci\u00f3n, confirma y selecciona \u00abIniciar sesi\u00f3n\u00bb. Una vez que hayas iniciado sesi\u00f3n, tendr\u00e1s acceso inmediato a todos los ajustes de la cuenta, los dep\u00f3sitos, los retiros y el progreso del juego. Tambi\u00e9n podr\u00e1s acceder a promociones, recompensas VIP y participar en torneos.<\/p>\n<p>Desde su cuenta de Thor Fortune, puede:<\/p>\n<ul>\n<li>Jugar a tragamonedas en l\u00ednea, juegos de mesa, casino en vivo y juegos instant\u00e1neos.<\/li>\n<li>Retirar ganancias<\/li>\n<li>Participar en eventos y promociones.<\/li>\n<li>Ver tu historial de juego<\/li>\n<li>Utilizar herramientas de juego responsable<\/li>\n<li>Actualiza tu configuraci\u00f3n personal<\/li>\n<li>Participar en torneos<\/li>\n<\/ul>\n<h3>\u00bfOlvidaste tu contrase\u00f1a?<\/h3>\n<p>A veces los usuarios olvidan sus contrase\u00f1as. Esto le puede pasar a cualquiera, as\u00ed que no se preocupe. Es muy f\u00e1cil recuperar su contrase\u00f1a y completar el procedimiento de inicio de sesi\u00f3n en Thorfortune en solo un par de minutos.<\/p>\n<ol>\n<li>Si ha olvidado su contrase\u00f1a, primero debe abrir la p\u00e1gina de inicio de sesi\u00f3n de Thorfortune.<\/li>\n<li>Despu\u00e9s, solo tienes que hacer clic en \u00ab\u00bfOlvidaste tu contrase\u00f1a?\u00bb.<\/li>\n<li>A continuaci\u00f3n, debe introducir su direcci\u00f3n de correo electr\u00f3nico registrada.<\/li>\n<li>A continuaci\u00f3n, recibir\u00e1 un correo electr\u00f3nico de Thor Fortune y deber\u00e1 seguir el enlace.<\/li>\n<li>Por \u00faltimo, deber\u00e1 crear una nueva contrase\u00f1a e iniciar sesi\u00f3n.<\/li>\n<\/ol>\n<h3>Verificaci\u00f3n de cuentas y medidas de seguridad de Thorfortune Casino<\/h3>\n<p>Todas las cuentas de Thorfortune se verifican para garantizar la seguridad de los jugadores. Para verificar su identidad, debe cargar documentos claros y una confirmaci\u00f3n de su direcci\u00f3n. Solo las cuentas verificadas pueden retirar fondos y utilizar bonificaciones. Nuestro equipo revisa los documentos en un plazo de 48 horas. La verificaci\u00f3n forma parte del proceso KYC de Thorfortune, que tambi\u00e9n abarca datos cifrados, autenticaci\u00f3n de dos factores y control manual de transacciones.<\/p>\n<h2>Preguntas frecuentes<\/h2>\n<h3>\u00bfC\u00f3mo actualizar la contrase\u00f1a o la direcci\u00f3n de correo electr\u00f3nico?<\/h3>\n<p>Puede cambiar f\u00e1cilmente su contrase\u00f1a o direcci\u00f3n de correo electr\u00f3nico en la configuraci\u00f3n de su cuenta de Thorfortune. Abra su perfil personal y vaya a la secci\u00f3n \u00abConfiguraci\u00f3n de la cuenta\u00bb. Seleccione cambiar su contrase\u00f1a o direcci\u00f3n de correo electr\u00f3nico. Introduzca la nueva informaci\u00f3n y conf\u00edrmela. El sistema Thor Fortune aplicar\u00e1 los cambios inmediatamente. Actualizar su contrase\u00f1a de Thorfortune ayuda a mantener su cuenta segura. Si su direcci\u00f3n de correo electr\u00f3nico ya no es v\u00e1lida, debe actualizarla. Utilice siempre una contrase\u00f1a segura y una direcci\u00f3n de correo electr\u00f3nico v\u00e1lida.<\/p>\n<h3>\u00bfQu\u00e9 debo hacer si mi cuenta est\u00e1 bloqueada?<\/h3>\n<p>Si tu cuenta de Thorfortune est\u00e1 bloqueada, primero cierra sesi\u00f3n en la plataforma y vuelve a iniciar sesi\u00f3n. Comprueba que tienes una conexi\u00f3n a Internet estable. Si tu cuenta sigue bloqueada, ponte en contacto con el servicio de asistencia de Thorfortune. Nuestro equipo de asistencia multiling\u00fce est\u00e1 disponible a trav\u00e9s del chat en vivo o por correo electr\u00f3nico. Una vez que hayas facilitado tu informaci\u00f3n a nuestros especialistas, ellos te ayudar\u00e1n a volver a acceder de forma segura.<\/p>\n<\/div><\/div><\/p>\n","protected":false},"excerpt":{"rendered":"<p>Inicio de sesi\u00f3n, registro y gesti\u00f3n de cuentas en Thor Fortune El proceso de Thorfortune login es r\u00e1pido y sencillo en cualquier dispositivo. Los jugadores espa\u00f1oles pueden iniciar sesi\u00f3n desde su ordenador, tableta o tel\u00e9fono m\u00f3vil en cuesti\u00f3n de segundos. Si eres nuevo en nuestro casino, primero tendr\u00e1s que crear una cuenta para empezar a [&hellip;]<\/p>\n","protected":false},"author":1,"featured_media":0,"parent":0,"menu_order":0,"comment_status":"closed","ping_status":"closed","template":"template-builder.php","meta":{"_acf_changed":false,"inline_featured_image":false,"footnotes":""},"class_list":["post-1487","page","type-page","status-publish","hentry"],"acf":[],"yoast_head":"<!-- This site is optimized with the Yoast SEO plugin v24.4 - https:\/\/yoast.com\/wordpress\/plugins\/seo\/ -->\n<title>Thorfortune Inicio de sesi\u00f3n : registrarse y gestionar la cuenta<\/title>\n<meta name=\"description\" content=\"Cree, gestione y verifique f\u00e1cilmente su cuenta de Thorfortune Casino con un registro r\u00e1pido, una recuperaci\u00f3n de cuenta sin complicaciones y un cierre de cuenta seguro, lo que garantiza una protecci\u00f3n 24\/7 a trav\u00e9s de Thorfortune Login.\" \/>\n<meta name=\"robots\" content=\"index, follow, max-snippet:-1, max-image-preview:large, max-video-preview:-1\" \/>\n<link rel=\"canonical\" href=\"https:\/\/thorfortuneonline.com\/es\/inicio-de-sesion-y-registro\/\" \/>\n<meta property=\"og:locale\" content=\"es_ES\" \/>\n<meta property=\"og:type\" content=\"article\" \/>\n<meta property=\"og:title\" content=\"Thorfortune Inicio de sesi\u00f3n : registrarse y gestionar la cuenta\" \/>\n<meta property=\"og:description\" content=\"Cree, gestione y verifique f\u00e1cilmente su cuenta de Thorfortune Casino con un registro r\u00e1pido, una recuperaci\u00f3n de cuenta sin complicaciones y un cierre de cuenta seguro, lo que garantiza una protecci\u00f3n 24\/7 a trav\u00e9s de Thorfortune Login.\" \/>\n<meta property=\"og:url\" content=\"https:\/\/thorfortuneonline.com\/es\/inicio-de-sesion-y-registro\/\" \/>\n<meta property=\"og:site_name\" content=\"thorfortune\" \/>\n<meta property=\"article:modified_time\" content=\"2026-03-02T08:06:53+00:00\" \/>\n<meta name=\"twitter:card\" content=\"summary_large_image\" \/>\n<meta name=\"twitter:label1\" content=\"Est. reading time\" \/>\n\t<meta name=\"twitter:data1\" content=\"1 minute\" \/>\n<script type=\"application\/ld+json\" class=\"yoast-schema-graph\">{\"@context\":\"https:\/\/schema.org\",\"@graph\":[{\"@type\":\"WebPage\",\"@id\":\"https:\/\/thorfortuneonline.com\/es\/inicio-de-sesion-y-registro\/\",\"url\":\"https:\/\/thorfortuneonline.com\/es\/inicio-de-sesion-y-registro\/\",\"name\":\"Thorfortune Inicio de sesi\u00f3n : registrarse y gestionar la cuenta\",\"isPartOf\":{\"@id\":\"https:\/\/thorfortuneonline.com\/es\/#website\"},\"datePublished\":\"2026-01-20T12:11:11+00:00\",\"dateModified\":\"2026-03-02T08:06:53+00:00\",\"description\":\"Cree, gestione y verifique f\u00e1cilmente su cuenta de Thorfortune Casino con un registro r\u00e1pido, una recuperaci\u00f3n de cuenta sin complicaciones y un cierre de cuenta seguro, lo que garantiza una protecci\u00f3n 24\/7 a trav\u00e9s de Thorfortune Login.\",\"breadcrumb\":{\"@id\":\"https:\/\/thorfortuneonline.com\/es\/inicio-de-sesion-y-registro\/#breadcrumb\"},\"inLanguage\":\"es-ES\",\"potentialAction\":[{\"@type\":\"ReadAction\",\"target\":[\"https:\/\/thorfortuneonline.com\/es\/inicio-de-sesion-y-registro\/\"]}]},{\"@type\":\"BreadcrumbList\",\"@id\":\"https:\/\/thorfortuneonline.com\/es\/inicio-de-sesion-y-registro\/#breadcrumb\",\"itemListElement\":[{\"@type\":\"ListItem\",\"position\":1,\"name\":\"Thorfortune\",\"item\":\"https:\/\/thorfortuneonline.com\/es\/\"},{\"@type\":\"ListItem\",\"position\":2,\"name\":\"Inicio de sesi\u00f3n y Registro\"}]},{\"@type\":\"WebSite\",\"@id\":\"https:\/\/thorfortuneonline.com\/es\/#website\",\"url\":\"https:\/\/thorfortuneonline.com\/es\/\",\"name\":\"Thorfortune\",\"description\":\"\",\"publisher\":{\"@id\":\"https:\/\/thorfortuneonline.com\/es\/#organization\"},\"potentialAction\":[{\"@type\":\"SearchAction\",\"target\":{\"@type\":\"EntryPoint\",\"urlTemplate\":\"https:\/\/thorfortuneonline.com\/es\/?s={search_term_string}\"},\"query-input\":{\"@type\":\"PropertyValueSpecification\",\"valueRequired\":true,\"valueName\":\"search_term_string\"}}],\"inLanguage\":\"es-ES\"},{\"@type\":\"Organization\",\"@id\":\"https:\/\/thorfortuneonline.com\/es\/#organization\",\"name\":\"Thorfortune\",\"url\":\"https:\/\/thorfortuneonline.com\/es\/\",\"logo\":{\"@type\":\"ImageObject\",\"inLanguage\":\"es-ES\",\"@id\":\"https:\/\/thorfortuneonline.com\/es\/#\/schema\/logo\/image\/\",\"url\":\"https:\/\/thorfortuneonline.com\/wp-content\/uploads\/2026\/02\/logo.png\",\"contentUrl\":\"https:\/\/thorfortuneonline.com\/wp-content\/uploads\/2026\/02\/logo.png\",\"width\":160,\"height\":37,\"caption\":\"Thorfortune\"},\"image\":{\"@id\":\"https:\/\/thorfortuneonline.com\/es\/#\/schema\/logo\/image\/\"}}]}<\/script>\n<!-- \/ Yoast SEO plugin. -->","yoast_head_json":{"title":"Thorfortune Inicio de sesi\u00f3n : registrarse y gestionar la cuenta","description":"Cree, gestione y verifique f\u00e1cilmente su cuenta de Thorfortune Casino con un registro r\u00e1pido, una recuperaci\u00f3n de cuenta sin complicaciones y un cierre de cuenta seguro, lo que garantiza una protecci\u00f3n 24\/7 a trav\u00e9s de Thorfortune Login.","robots":{"index":"index","follow":"follow","max-snippet":"max-snippet:-1","max-image-preview":"max-image-preview:large","max-video-preview":"max-video-preview:-1"},"canonical":"https:\/\/thorfortuneonline.com\/es\/inicio-de-sesion-y-registro\/","og_locale":"es_ES","og_type":"article","og_title":"Thorfortune Inicio de sesi\u00f3n : registrarse y gestionar la cuenta","og_description":"Cree, gestione y verifique f\u00e1cilmente su cuenta de Thorfortune Casino con un registro r\u00e1pido, una recuperaci\u00f3n de cuenta sin complicaciones y un cierre de cuenta seguro, lo que garantiza una protecci\u00f3n 24\/7 a trav\u00e9s de Thorfortune Login.","og_url":"https:\/\/thorfortuneonline.com\/es\/inicio-de-sesion-y-registro\/","og_site_name":"thorfortune","article_modified_time":"2026-03-02T08:06:53+00:00","twitter_card":"summary_large_image","twitter_misc":{"Est. reading time":"1 minute"},"schema":{"@context":"https:\/\/schema.org","@graph":[{"@type":"WebPage","@id":"https:\/\/thorfortuneonline.com\/es\/inicio-de-sesion-y-registro\/","url":"https:\/\/thorfortuneonline.com\/es\/inicio-de-sesion-y-registro\/","name":"Thorfortune Inicio de sesi\u00f3n : registrarse y gestionar la cuenta","isPartOf":{"@id":"https:\/\/thorfortuneonline.com\/es\/#website"},"datePublished":"2026-01-20T12:11:11+00:00","dateModified":"2026-03-02T08:06:53+00:00","description":"Cree, gestione y verifique f\u00e1cilmente su cuenta de Thorfortune Casino con un registro r\u00e1pido, una recuperaci\u00f3n de cuenta sin complicaciones y un cierre de cuenta seguro, lo que garantiza una protecci\u00f3n 24\/7 a trav\u00e9s de Thorfortune Login.","breadcrumb":{"@id":"https:\/\/thorfortuneonline.com\/es\/inicio-de-sesion-y-registro\/#breadcrumb"},"inLanguage":"es-ES","potentialAction":[{"@type":"ReadAction","target":["https:\/\/thorfortuneonline.com\/es\/inicio-de-sesion-y-registro\/"]}]},{"@type":"BreadcrumbList","@id":"https:\/\/thorfortuneonline.com\/es\/inicio-de-sesion-y-registro\/#breadcrumb","itemListElement":[{"@type":"ListItem","position":1,"name":"Thorfortune","item":"https:\/\/thorfortuneonline.com\/es\/"},{"@type":"ListItem","position":2,"name":"Inicio de sesi\u00f3n y Registro"}]},{"@type":"WebSite","@id":"https:\/\/thorfortuneonline.com\/es\/#website","url":"https:\/\/thorfortuneonline.com\/es\/","name":"Thorfortune","description":"","publisher":{"@id":"https:\/\/thorfortuneonline.com\/es\/#organization"},"potentialAction":[{"@type":"SearchAction","target":{"@type":"EntryPoint","urlTemplate":"https:\/\/thorfortuneonline.com\/es\/?s={search_term_string}"},"query-input":{"@type":"PropertyValueSpecification","valueRequired":true,"valueName":"search_term_string"}}],"inLanguage":"es-ES"},{"@type":"Organization","@id":"https:\/\/thorfortuneonline.com\/es\/#organization","name":"Thorfortune","url":"https:\/\/thorfortuneonline.com\/es\/","logo":{"@type":"ImageObject","inLanguage":"es-ES","@id":"https:\/\/thorfortuneonline.com\/es\/#\/schema\/logo\/image\/","url":"https:\/\/thorfortuneonline.com\/wp-content\/uploads\/2026\/02\/logo.png","contentUrl":"https:\/\/thorfortuneonline.com\/wp-content\/uploads\/2026\/02\/logo.png","width":160,"height":37,"caption":"Thorfortune"},"image":{"@id":"https:\/\/thorfortuneonline.com\/es\/#\/schema\/logo\/image\/"}}]}},"_links":{"self":[{"href":"https:\/\/thorfortuneonline.com\/es\/wp-json\/wp\/v2\/pages\/1487"}],"collection":[{"href":"https:\/\/thorfortuneonline.com\/es\/wp-json\/wp\/v2\/pages"}],"about":[{"href":"https:\/\/thorfortuneonline.com\/es\/wp-json\/wp\/v2\/types\/page"}],"author":[{"embeddable":true,"href":"https:\/\/thorfortuneonline.com\/es\/wp-json\/wp\/v2\/users\/1"}],"replies":[{"embeddable":true,"href":"https:\/\/thorfortuneonline.com\/es\/wp-json\/wp\/v2\/comments?post=1487"}],"version-history":[{"count":2,"href":"https:\/\/thorfortuneonline.com\/es\/wp-json\/wp\/v2\/pages\/1487\/revisions"}],"predecessor-version":[{"id":2104,"href":"https:\/\/thorfortuneonline.com\/es\/wp-json\/wp\/v2\/pages\/1487\/revisions\/2104"}],"wp:attachment":[{"href":"https:\/\/thorfortuneonline.com\/es\/wp-json\/wp\/v2\/media?parent=1487"}],"curies":[{"name":"wp","href":"https:\/\/api.w.org\/{rel}","templated":true}]}}