{"id":1440,"date":"2026-01-20T12:08:23","date_gmt":"2026-01-20T12:08:23","guid":{"rendered":"https:\/\/bonuskongcasino.com\/app\/"},"modified":"2026-02-27T14:20:33","modified_gmt":"2026-02-27T14:20:33","slug":"app","status":"publish","type":"page","link":"https:\/\/thorfortuneonline.com\/fr\/app\/","title":{"rendered":"App"},"content":{"rendered":"<h1>Thor Fortune sur les appareils mobiles<\/h1>\n<p>Thorfortune app offre une approche moderne des casinos. Notre application est disponible pour les appareils Android et iOS. Le logiciel Thorfortune donne acc\u00e8s \u00e0 tous les jeux et outils de gestion du casino. L&rsquo;interface de l&rsquo;application s&rsquo;adapte \u00e0 toutes les tailles d&rsquo;\u00e9cran. Les utilisateurs peuvent jouer chez eux ou en d\u00e9placement. Toutes les fonctionnalit\u00e9s principales sont faciles \u00e0 trouver, car tout est con\u00e7u pour une utilisation simple et confortable.<\/p>\n<div class=\"banner-wrap\" aria-label=\"Banner\"><img src=\"https:\/\/thorfortuneonline.com\/wp-content\/uploads\/2026\/02\/Thorfortune-bnr-pc.webp\" class=\"w-100 d-none d-lg-block img-pc main-banner-img\" alt=\"Thorfortune banner desktop\" fetchpriority=\"high\" decoding=\"async\"><img src=\"https:\/\/thorfortuneonline.com\/wp-content\/uploads\/2026\/02\/thorfortune-banner-mobile.webp\" class=\"w-100 d-none d-md-block d-lg-none main-banner-img\" alt=\"Thorfortune banner mobile\" fetchpriority=\"high\" decoding=\"async\"><img src=\"https:\/\/thorfortuneonline.com\/wp-content\/uploads\/2026\/02\/thorfortune-banner-mobile.webp\" class=\"w-100 d-md-none\" alt=\"Thorfortune banner mobile\" fetchpriority=\"high\" decoding=\"async\"><div class=\"banner-description\">\n<div class=\"banner-title\">Bonus de bienvenue<\/div>\n<p class=\"banner-header-title\">1500 \u20ac<\/p>\n<div class=\"banner-header-AdditionalText\">+ 250 Tours gratuits<\/div>\n<button data-item=\"homepage_banner_link\" class=\"goto m-button m-gradient-border m-button--primary m-button--large banner-button btn-orange\">\n            <div class=\"m-button-content\">\n                <span>Inscrivez-vous d\u00e8s maintenant<\/span>\n                <span><\/span>\n            <\/div>\n        <\/button>\n<\/div>\n<div class=\"WelcomePack\">\n<p><img loading=\"lazy\" decoding=\"async\" class=\"alignnone size-full wp-image-1844\" src=\"https:\/\/thor-fortune.com\/wp-content\/uploads\/2026\/02\/welcome-crown.png\" alt=\"welcome crown\" width=\"25\" height=\"26\" \/><\/p>\n<div class=\"WelcomePack-Info\">Cashback hebdomadaire jusqu&rsquo;\u00e0 25 %<\/div>\n<p><img loading=\"lazy\" decoding=\"async\" class=\"alignnone size-full wp-image-1844\" src=\"https:\/\/thor-fortune.com\/wp-content\/uploads\/2026\/02\/welcome-crown.png\" alt=\"welcome crown\" width=\"25\" height=\"26\" \/><\/p>\n<\/div>\n<\/div>\n<h2>Acc\u00e8s mobile \u00e0 Thorfortune<\/h2>\n<p>Thor Fortune Casino propose une application mobile et une version PC. Chaque option a ses propres avantages. Les deux versions offrent un acc\u00e8s complet aux jeux, aux paiements et \u00e0 tous les autres outils de la plateforme. La principale diff\u00e9rence r\u00e9side dans la mani\u00e8re et le lieu de jeu.<\/p>\n<p>L&rsquo;application Thorfortune vous permet de jouer au casino o\u00f9 que vous soyez. Elle est optimis\u00e9e pour les commandes tactiles et les petits \u00e9crans. Le logiciel se lance rapidement sans ouvrir de navigateur. Les notifications push sont le principal avantage de l&rsquo;application, car elles informent les joueurs de tous les \u00e9v\u00e9nements et mises \u00e0 jour de la plateforme.<\/p>\n<p>La version PC offre un \u00e9cran plus grand et est con\u00e7ue pour \u00eatre utilis\u00e9e avec une souris et un clavier. Elle convient aux joueurs qui pr\u00e9f\u00e8rent un \u00e9cran large, par exemple pour les machines \u00e0 sous en ligne et les jeux avec croupiers en direct. Les deux versions vous permettent de d\u00e9poser et de retirer des fonds, de suivre le processus de v\u00e9rification et d&rsquo;utiliser des outils de jeu responsable.<\/p>\n<p><div class=\"scrollable-content-wrap my-5\"><div class=\"scrollable-content-inner\"><h2>Application iOS Thorfortune<\/h2>\n<p>L&rsquo;application Thorfortune pour iOS fonctionne sur n&rsquo;importe quel appareil iPhone ou iPad. Elle se lance dans Safari et ne n\u00e9cessite pas de t\u00e9l\u00e9chargement depuis l&rsquo;App Store. L&rsquo;application fonctionne comme un raccourci \u00e0 acc\u00e8s rapide avec un chargement rapide. Les joueurs re\u00e7oivent des notifications concernant les nouvelles promotions, les r\u00e9sultats des tournois, les mises \u00e0 jour et les nouvelles sorties de jeux. Une ic\u00f4ne a \u00e9t\u00e9 ajout\u00e9e \u00e0 l&rsquo;\u00e9cran d&rsquo;accueil pour un acc\u00e8s instantan\u00e9 au casino Thorfortune. Le processus d&rsquo;installation est simple et ne prend que quelques secondes. L&rsquo;application ne prend pas beaucoup de place sur votre appareil, et tout est clair et rapide.<\/p>\n<h3>Comment installer l&rsquo;application iOS Thorfortune Casino<\/h3>\n<ol>\n<li>Tout d&rsquo;abord, vous devez ouvrir le site web Thorfortune dans Safari.<\/li>\n<li>Ensuite, vous devez appuyer sur l&rsquo;ic\u00f4ne \u00ab Partager \u00bb en bas de l&rsquo;\u00e9cran.<\/li>\n<li>Ensuite, vous devez s\u00e9lectionner \u00ab Ajouter \u00e0 l&rsquo;\u00e9cran d&rsquo;accueil \u00bb.<\/li>\n<li>Enfin, appuyez sur \u00ab Ajouter \u00bb pour confirmer.<\/li>\n<li>Vous pouvez d\u00e9sormais lancer l&rsquo;application depuis votre \u00e9cran d&rsquo;accueil.<\/li>\n<\/ol>\n<p><img loading=\"lazy\" decoding=\"async\" class=\"alignnone size-full wp-image-2020\" src=\"https:\/\/thor-fortune.com\/wp-content\/uploads\/2026\/02\/Thorfortune-iOS.webp\" alt=\"Thorfortune iOS\" width=\"1248\" height=\"536\" srcset=\"https:\/\/thorfortuneonline.com\/wp-content\/uploads\/2026\/02\/Thorfortune-iOS.webp 1248w, https:\/\/thorfortuneonline.com\/wp-content\/uploads\/2026\/02\/Thorfortune-iOS-300x129.webp 300w, https:\/\/thorfortuneonline.com\/wp-content\/uploads\/2026\/02\/Thorfortune-iOS-1024x440.webp 1024w, https:\/\/thorfortuneonline.com\/wp-content\/uploads\/2026\/02\/Thorfortune-iOS-768x330.webp 768w\" sizes=\"(max-width: 1248px) 100vw, 1248px\" \/><\/p>\n<\/div><\/div><div style=\"clear: both\"><\/div><div class=\"d-flex justify-content-center\"><button data-item=\"decouvrez_link\" data-group=\"website_links\" class=\"goto fw-bold rounded-pill btn btn-orange\" aria-label=\"T\u00e9l\u00e9chargez l&#039;application Thorfortune\" >T\u00e9l\u00e9chargez l&#039;application Thorfortune<\/button><\/div><div class=\"scrollable-content-wrap my-5\"><div class=\"scrollable-content-inner\"><h2>Application Android Thorfortune<\/h2>\n<p>L&rsquo;application Thorfortune pour Android est disponible sous forme d&rsquo;application web progressive (PWA). Nous n&rsquo;utilisons pas de fichiers APK pour l&rsquo;installation. Notre PWA fonctionne dans votre navigateur et peut \u00eatre install\u00e9e \u00e0 partir de notre site web officiel. Ce format offre un acc\u00e8s plus rapide sans avoir \u00e0 t\u00e9l\u00e9charger d&rsquo;applications tierces. L&rsquo;application Thorfortune offre un acc\u00e8s complet aux jeux et \u00e0 tous les outils de notre casino. Elle fonctionne sur les appareils Android et offre une exp\u00e9rience de jeu avanc\u00e9e.<\/p>\n<table>\n<tbody>\n<tr>\n<td>Fonctionnalit\u00e9<\/td>\n<td>PWA<\/td>\n<td>APK<\/td>\n<\/tr>\n<tr>\n<td>Source d&rsquo;installation<\/td>\n<td>Install\u00e9e \u00e0 partir de notre site web<\/td>\n<td>Install\u00e9 \u00e0 partir d&rsquo;un fichier externe<\/td>\n<\/tr>\n<tr>\n<td>Utilisation du stockage<\/td>\n<td>Stockage minimal sur l&rsquo;appareil<\/td>\n<td>N\u00e9cessite le t\u00e9l\u00e9chargement d&rsquo;un fichier<\/td>\n<\/tr>\n<tr>\n<td>Mises \u00e0 jour<\/td>\n<td>Mises \u00e0 jour automatiques<\/td>\n<td>Mises \u00e0 jour manuelles requises<\/td>\n<\/tr>\n<tr>\n<td>S\u00e9curit\u00e9<\/td>\n<td>Fonctionne dans un navigateur s\u00e9curis\u00e9<\/td>\n<td>D\u00e9pend de la source du fichier<\/td>\n<\/tr>\n<tr>\n<td>Accessibilit\u00e9<\/td>\n<td>Acc\u00e8s instantan\u00e9<\/td>\n<td>N\u00e9cessite un processus d&rsquo;installation<\/td>\n<\/tr>\n<\/tbody>\n<\/table>\n<p>L&rsquo;application Thorfortune pour Android est rapide et facile \u00e0 utiliser. Vous b\u00e9n\u00e9ficiez d&rsquo;un acc\u00e8s complet aux jeux, aux paiements, aux bonus et aux param\u00e8tres du compte. Plus important encore, lorsque vous choisissez de jouer via l&rsquo;application, vous pouvez recevoir des notifications du casino Thorfortune. Les notifications vous tiennent au courant de tous les \u00e9v\u00e9nements et mises \u00e0 jour sur la plateforme. Si vous participez \u00e0 un tournoi, vous pouvez suivre votre classement gr\u00e2ce aux notifications. De plus, dans le cadre de certaines promotions, vous pouvez b\u00e9n\u00e9ficier du statut VIP m\u00eame si vous n&rsquo;\u00eates pas un gros joueur. Si vous gagnez, nous vous enverrons une notification. La plateforme fonctionne mieux sur votre appareil Android avec notre logiciel.<\/p>\n<p><img loading=\"lazy\" decoding=\"async\" class=\"alignnone size-full wp-image-2004\" src=\"https:\/\/thor-fortune.com\/wp-content\/uploads\/2026\/02\/Thorfortune-Android.webp\" alt=\"Thorfortune Android\" width=\"1248\" height=\"536\" srcset=\"https:\/\/thorfortuneonline.com\/wp-content\/uploads\/2026\/02\/Thorfortune-Android.webp 1248w, https:\/\/thorfortuneonline.com\/wp-content\/uploads\/2026\/02\/Thorfortune-Android-300x129.webp 300w, https:\/\/thorfortuneonline.com\/wp-content\/uploads\/2026\/02\/Thorfortune-Android-1024x440.webp 1024w, https:\/\/thorfortuneonline.com\/wp-content\/uploads\/2026\/02\/Thorfortune-Android-768x330.webp 768w\" sizes=\"(max-width: 1248px) 100vw, 1248px\" \/><\/p>\n<\/div><\/div><div style=\"clear: both\"><\/div><div class=\"d-flex justify-content-center\"><button data-item=\"decouvrez_link\" data-group=\"website_links\" class=\"goto fw-bold rounded-pill btn btn-orange\" aria-label=\"T\u00e9l\u00e9charger Thorfortune\" >T\u00e9l\u00e9charger Thorfortune<\/button><\/div><div class=\"scrollable-content-wrap my-5\"><div class=\"scrollable-content-inner\"><h2>Applications Windows et Mac<\/h2>\n<p>Thorfortune Casino dispose d&rsquo;une application web pour les PC fonctionnant sous Windows et Mac. Il n&rsquo;est pas n\u00e9cessaire de proc\u00e9der \u00e0 une installation compliqu\u00e9e ou \u00e0 des t\u00e9l\u00e9chargements volumineux. Les joueurs peuvent cr\u00e9er un raccourci sur leur bureau pour acc\u00e9der au site web Thor Fortune. Le raccourci fonctionne comme une application web distincte accessible en un seul clic.<\/p>\n<p>L&rsquo;application web pour PC offre un acc\u00e8s complet \u00e0 toutes les fonctionnalit\u00e9s du casino mobile. Les utilisateurs peuvent jouer \u00e0 des jeux, g\u00e9rer leurs comptes, effectuer des v\u00e9rifications et effectuer des d\u00e9p\u00f4ts ou des retraits. L&rsquo;interface de Thorfortune Casino est con\u00e7ue pour les grands \u00e9crans d&rsquo;ordinateur de bureau et prend en charge le streaming de haute qualit\u00e9. Tous les jeux sont diffus\u00e9s en streaming dans la meilleure qualit\u00e9 possible gr\u00e2ce aux performances d&rsquo;un ordinateur de bureau.<\/p>\n<p><img loading=\"lazy\" decoding=\"async\" class=\"alignnone size-full wp-image-2012\" src=\"https:\/\/thor-fortune.com\/wp-content\/uploads\/2026\/02\/Thorfortune-Desktop.webp\" alt=\"Thorfortune Desktop\" width=\"1248\" height=\"536\" srcset=\"https:\/\/thorfortuneonline.com\/wp-content\/uploads\/2026\/02\/Thorfortune-Desktop.webp 1248w, https:\/\/thorfortuneonline.com\/wp-content\/uploads\/2026\/02\/Thorfortune-Desktop-300x129.webp 300w, https:\/\/thorfortuneonline.com\/wp-content\/uploads\/2026\/02\/Thorfortune-Desktop-1024x440.webp 1024w, https:\/\/thorfortuneonline.com\/wp-content\/uploads\/2026\/02\/Thorfortune-Desktop-768x330.webp 768w\" sizes=\"(max-width: 1248px) 100vw, 1248px\" \/><\/p>\n<\/div><\/div><div style=\"clear: both\"><\/div><div class=\"d-flex justify-content-center\"><button data-item=\"decouvrez_link\" data-group=\"website_links\" class=\"goto fw-bold rounded-pill btn btn-orange\" aria-label=\"T\u00e9l\u00e9chargez l&#039;application Thorfortune\" >T\u00e9l\u00e9chargez l&#039;application Thorfortune<\/button><\/div><div class=\"scrollable-content-wrap my-5\"><div class=\"scrollable-content-inner\"><h2>FAQ<\/h2>\n<h3>Faut-il cr\u00e9er un compte pour utiliser l&rsquo;application Thor Fortune ?<\/h3>\n<p>Oui. Pour utiliser l&rsquo;application Thorfortune, vous devez cr\u00e9er un compte. Une fois inscrit, vous pouvez jouer \u00e0 tous les jeux, recevoir des bonus, effectuer des d\u00e9p\u00f4ts et retirer des fonds. Sans compte, vous ne pouvez pas utiliser la plateforme. Le processus d&rsquo;inscription ne prend que quelques minutes. Apr\u00e8s l&rsquo;inscription, vous pouvez vous connecter et commencer \u00e0 jouer imm\u00e9diatement.<\/p>\n<h3>L&rsquo;application Thor Fortune Casino offre-t-elle un service client ?<\/h3>\n<p>Oui. Gr\u00e2ce \u00e0 l&rsquo;application Thorfortune Casino, vous pouvez contacter le service client via le chat en direct. Le service client est disponible 24 heures sur 24, 7 jours sur 7, et r\u00e9pond rapidement aux questions. Notre \u00e9quipe d&rsquo;assistance professionnelle est \u00e0 votre disposition pour r\u00e9pondre \u00e0 toutes vos questions. Vous pouvez \u00e9galement obtenir de l&rsquo;aide en nous envoyant un e-mail.<\/p>\n<h3>Comment mettre \u00e0 jour l&rsquo;application Thor Fortune Casino ?<\/h3>\n<p>L&rsquo;application Thor Fortune Casino se met \u00e0 jour automatiquement. Il s&rsquo;agit d&rsquo;une application web, il n&rsquo;est donc pas n\u00e9cessaire de t\u00e9l\u00e9charger les mises \u00e0 jour manuellement. Lorsque vous ouvrez le programme, vous utilisez toujours la derni\u00e8re version. Il vous suffit d&rsquo;ouvrir l&rsquo;application pour \u00eatre s\u00fbr de b\u00e9n\u00e9ficier de la derni\u00e8re version avec les fonctionnalit\u00e9s mises \u00e0 jour.<\/p>\n<\/div><\/div><\/p>\n","protected":false},"excerpt":{"rendered":"<p>Thor Fortune sur les appareils mobiles Thorfortune app offre une approche moderne des casinos. Notre application est disponible pour les appareils Android et iOS. Le logiciel Thorfortune donne acc\u00e8s \u00e0 tous les jeux et outils de gestion du casino. L&rsquo;interface de l&rsquo;application s&rsquo;adapte \u00e0 toutes les tailles d&rsquo;\u00e9cran. Les utilisateurs peuvent jouer chez eux ou [&hellip;]<\/p>\n","protected":false},"author":1,"featured_media":0,"parent":0,"menu_order":0,"comment_status":"closed","ping_status":"closed","template":"template-builder.php","meta":{"_acf_changed":false,"inline_featured_image":false,"footnotes":""},"class_list":["post-1440","page","type-page","status-publish","hentry"],"acf":[],"yoast_head":"<!-- This site is optimized with the Yoast SEO plugin v24.4 - https:\/\/yoast.com\/wordpress\/plugins\/seo\/ -->\n<title>Thorfortune App T\u00e9l\u00e9chargement | iOS et Android<\/title>\n<meta name=\"description\" content=\"L&#039;application Thorfortune garantit une exp\u00e9rience de jeu fluide sur les plateformes Android, iOS, Windows et macOS, avec synchronisation des comptes, mises \u00e0 jour r\u00e9guli\u00e8res et assistance client int\u00e9gr\u00e9e pour une utilisation simplifi\u00e9e.\" \/>\n<meta name=\"robots\" content=\"index, follow, max-snippet:-1, max-image-preview:large, max-video-preview:-1\" \/>\n<link rel=\"canonical\" href=\"https:\/\/thorfortuneonline.com\/fr\/app\/\" \/>\n<meta property=\"og:locale\" content=\"fr_FR\" \/>\n<meta property=\"og:type\" content=\"article\" \/>\n<meta property=\"og:title\" content=\"Thorfortune App T\u00e9l\u00e9chargement | iOS et Android\" \/>\n<meta property=\"og:description\" content=\"L&#039;application Thorfortune garantit une exp\u00e9rience de jeu fluide sur les plateformes Android, iOS, Windows et macOS, avec synchronisation des comptes, mises \u00e0 jour r\u00e9guli\u00e8res et assistance client int\u00e9gr\u00e9e pour une utilisation simplifi\u00e9e.\" \/>\n<meta property=\"og:url\" content=\"https:\/\/thorfortuneonline.com\/fr\/app\/\" \/>\n<meta property=\"og:site_name\" content=\"thorfortune\" \/>\n<meta property=\"article:modified_time\" content=\"2026-02-27T14:20:33+00:00\" \/>\n<meta name=\"twitter:card\" content=\"summary_large_image\" \/>\n<meta name=\"twitter:label1\" content=\"Dur\u00e9e de lecture estim\u00e9e\" \/>\n\t<meta name=\"twitter:data1\" content=\"2 minutes\" \/>\n<script type=\"application\/ld+json\" class=\"yoast-schema-graph\">{\"@context\":\"https:\/\/schema.org\",\"@graph\":[{\"@type\":\"WebPage\",\"@id\":\"https:\/\/thorfortuneonline.com\/fr\/app\/\",\"url\":\"https:\/\/thorfortuneonline.com\/fr\/app\/\",\"name\":\"Thorfortune App T\u00e9l\u00e9chargement | iOS et Android\",\"isPartOf\":{\"@id\":\"https:\/\/thorfortuneonline.com\/fr\/#website\"},\"datePublished\":\"2026-01-20T12:08:23+00:00\",\"dateModified\":\"2026-02-27T14:20:33+00:00\",\"description\":\"L'application Thorfortune garantit une exp\u00e9rience de jeu fluide sur les plateformes Android, iOS, Windows et macOS, avec synchronisation des comptes, mises \u00e0 jour r\u00e9guli\u00e8res et assistance client int\u00e9gr\u00e9e pour une utilisation simplifi\u00e9e.\",\"breadcrumb\":{\"@id\":\"https:\/\/thorfortuneonline.com\/fr\/app\/#breadcrumb\"},\"inLanguage\":\"fr-FR\",\"potentialAction\":[{\"@type\":\"ReadAction\",\"target\":[\"https:\/\/thorfortuneonline.com\/fr\/app\/\"]}]},{\"@type\":\"BreadcrumbList\",\"@id\":\"https:\/\/thorfortuneonline.com\/fr\/app\/#breadcrumb\",\"itemListElement\":[{\"@type\":\"ListItem\",\"position\":1,\"name\":\"Thorfortune\",\"item\":\"https:\/\/thorfortuneonline.com\/fr\/\"},{\"@type\":\"ListItem\",\"position\":2,\"name\":\"App\"}]},{\"@type\":\"WebSite\",\"@id\":\"https:\/\/thorfortuneonline.com\/fr\/#website\",\"url\":\"https:\/\/thorfortuneonline.com\/fr\/\",\"name\":\"Thorfortune\",\"description\":\"\",\"publisher\":{\"@id\":\"https:\/\/thorfortuneonline.com\/fr\/#organization\"},\"potentialAction\":[{\"@type\":\"SearchAction\",\"target\":{\"@type\":\"EntryPoint\",\"urlTemplate\":\"https:\/\/thorfortuneonline.com\/fr\/?s={search_term_string}\"},\"query-input\":{\"@type\":\"PropertyValueSpecification\",\"valueRequired\":true,\"valueName\":\"search_term_string\"}}],\"inLanguage\":\"fr-FR\"},{\"@type\":\"Organization\",\"@id\":\"https:\/\/thorfortuneonline.com\/fr\/#organization\",\"name\":\"Thorfortune\",\"url\":\"https:\/\/thorfortuneonline.com\/fr\/\",\"logo\":{\"@type\":\"ImageObject\",\"inLanguage\":\"fr-FR\",\"@id\":\"https:\/\/thorfortuneonline.com\/fr\/#\/schema\/logo\/image\/\",\"url\":\"https:\/\/thorfortuneonline.com\/wp-content\/uploads\/2026\/02\/logo.png\",\"contentUrl\":\"https:\/\/thorfortuneonline.com\/wp-content\/uploads\/2026\/02\/logo.png\",\"width\":160,\"height\":37,\"caption\":\"Thorfortune\"},\"image\":{\"@id\":\"https:\/\/thorfortuneonline.com\/fr\/#\/schema\/logo\/image\/\"}}]}<\/script>\n<!-- \/ Yoast SEO plugin. -->","yoast_head_json":{"title":"Thorfortune App T\u00e9l\u00e9chargement | iOS et Android","description":"L'application Thorfortune garantit une exp\u00e9rience de jeu fluide sur les plateformes Android, iOS, Windows et macOS, avec synchronisation des comptes, mises \u00e0 jour r\u00e9guli\u00e8res et assistance client int\u00e9gr\u00e9e pour une utilisation simplifi\u00e9e.","robots":{"index":"index","follow":"follow","max-snippet":"max-snippet:-1","max-image-preview":"max-image-preview:large","max-video-preview":"max-video-preview:-1"},"canonical":"https:\/\/thorfortuneonline.com\/fr\/app\/","og_locale":"fr_FR","og_type":"article","og_title":"Thorfortune App T\u00e9l\u00e9chargement | iOS et Android","og_description":"L'application Thorfortune garantit une exp\u00e9rience de jeu fluide sur les plateformes Android, iOS, Windows et macOS, avec synchronisation des comptes, mises \u00e0 jour r\u00e9guli\u00e8res et assistance client int\u00e9gr\u00e9e pour une utilisation simplifi\u00e9e.","og_url":"https:\/\/thorfortuneonline.com\/fr\/app\/","og_site_name":"thorfortune","article_modified_time":"2026-02-27T14:20:33+00:00","twitter_card":"summary_large_image","twitter_misc":{"Dur\u00e9e de lecture estim\u00e9e":"2 minutes"},"schema":{"@context":"https:\/\/schema.org","@graph":[{"@type":"WebPage","@id":"https:\/\/thorfortuneonline.com\/fr\/app\/","url":"https:\/\/thorfortuneonline.com\/fr\/app\/","name":"Thorfortune App T\u00e9l\u00e9chargement | iOS et Android","isPartOf":{"@id":"https:\/\/thorfortuneonline.com\/fr\/#website"},"datePublished":"2026-01-20T12:08:23+00:00","dateModified":"2026-02-27T14:20:33+00:00","description":"L'application Thorfortune garantit une exp\u00e9rience de jeu fluide sur les plateformes Android, iOS, Windows et macOS, avec synchronisation des comptes, mises \u00e0 jour r\u00e9guli\u00e8res et assistance client int\u00e9gr\u00e9e pour une utilisation simplifi\u00e9e.","breadcrumb":{"@id":"https:\/\/thorfortuneonline.com\/fr\/app\/#breadcrumb"},"inLanguage":"fr-FR","potentialAction":[{"@type":"ReadAction","target":["https:\/\/thorfortuneonline.com\/fr\/app\/"]}]},{"@type":"BreadcrumbList","@id":"https:\/\/thorfortuneonline.com\/fr\/app\/#breadcrumb","itemListElement":[{"@type":"ListItem","position":1,"name":"Thorfortune","item":"https:\/\/thorfortuneonline.com\/fr\/"},{"@type":"ListItem","position":2,"name":"App"}]},{"@type":"WebSite","@id":"https:\/\/thorfortuneonline.com\/fr\/#website","url":"https:\/\/thorfortuneonline.com\/fr\/","name":"Thorfortune","description":"","publisher":{"@id":"https:\/\/thorfortuneonline.com\/fr\/#organization"},"potentialAction":[{"@type":"SearchAction","target":{"@type":"EntryPoint","urlTemplate":"https:\/\/thorfortuneonline.com\/fr\/?s={search_term_string}"},"query-input":{"@type":"PropertyValueSpecification","valueRequired":true,"valueName":"search_term_string"}}],"inLanguage":"fr-FR"},{"@type":"Organization","@id":"https:\/\/thorfortuneonline.com\/fr\/#organization","name":"Thorfortune","url":"https:\/\/thorfortuneonline.com\/fr\/","logo":{"@type":"ImageObject","inLanguage":"fr-FR","@id":"https:\/\/thorfortuneonline.com\/fr\/#\/schema\/logo\/image\/","url":"https:\/\/thorfortuneonline.com\/wp-content\/uploads\/2026\/02\/logo.png","contentUrl":"https:\/\/thorfortuneonline.com\/wp-content\/uploads\/2026\/02\/logo.png","width":160,"height":37,"caption":"Thorfortune"},"image":{"@id":"https:\/\/thorfortuneonline.com\/fr\/#\/schema\/logo\/image\/"}}]}},"_links":{"self":[{"href":"https:\/\/thorfortuneonline.com\/fr\/wp-json\/wp\/v2\/pages\/1440"}],"collection":[{"href":"https:\/\/thorfortuneonline.com\/fr\/wp-json\/wp\/v2\/pages"}],"about":[{"href":"https:\/\/thorfortuneonline.com\/fr\/wp-json\/wp\/v2\/types\/page"}],"author":[{"embeddable":true,"href":"https:\/\/thorfortuneonline.com\/fr\/wp-json\/wp\/v2\/users\/1"}],"replies":[{"embeddable":true,"href":"https:\/\/thorfortuneonline.com\/fr\/wp-json\/wp\/v2\/comments?post=1440"}],"version-history":[{"count":3,"href":"https:\/\/thorfortuneonline.com\/fr\/wp-json\/wp\/v2\/pages\/1440\/revisions"}],"predecessor-version":[{"id":2061,"href":"https:\/\/thorfortuneonline.com\/fr\/wp-json\/wp\/v2\/pages\/1440\/revisions\/2061"}],"wp:attachment":[{"href":"https:\/\/thorfortuneonline.com\/fr\/wp-json\/wp\/v2\/media?parent=1440"}],"curies":[{"name":"wp","href":"https:\/\/api.w.org\/{rel}","templated":true}]}}