{"id":1482,"date":"2026-01-20T12:11:11","date_gmt":"2026-01-20T12:11:11","guid":{"rendered":"https:\/\/bonuskongcasino.com\/login-and-registration\/"},"modified":"2026-02-27T14:22:02","modified_gmt":"2026-02-27T14:22:02","slug":"connexion-et-inscription","status":"publish","type":"page","link":"https:\/\/thorfortuneonline.com\/fr\/connexion-et-inscription\/","title":{"rendered":"Connexion et inscription"},"content":{"rendered":"<h1>Connexion, inscription et gestion de compte Thor Fortune<\/h1>\n<p>Le processus de Thorfortune login est rapide et facile sur n&rsquo;importe quel appareil. Les joueurs peuvent se connecter depuis leur ordinateur, leur tablette ou leur t\u00e9l\u00e9phone portable en quelques secondes. Si vous \u00eates nouveau sur notre casino, vous devrez d&rsquo;abord cr\u00e9er un compte pour commencer \u00e0 jouer.<\/p>\n<p><div class=\"banner-wrap\" aria-label=\"Banner\"><img src=\"https:\/\/thorfortuneonline.com\/wp-content\/uploads\/2026\/02\/Thorfortune-bnr-pc.webp\" class=\"w-100 d-none d-lg-block img-pc main-banner-img\" alt=\"Thorfortune banner desktop\" fetchpriority=\"high\" decoding=\"async\"><img src=\"https:\/\/thorfortuneonline.com\/wp-content\/uploads\/2026\/02\/thorfortune-banner-mobile.webp\" class=\"w-100 d-none d-md-block d-lg-none main-banner-img\" alt=\"Thorfortune banner mobile\" fetchpriority=\"high\" decoding=\"async\"><img src=\"https:\/\/thorfortuneonline.com\/wp-content\/uploads\/2026\/02\/thorfortune-banner-mobile.webp\" class=\"w-100 d-md-none\" alt=\"Thorfortune banner mobile\" fetchpriority=\"high\" decoding=\"async\"><div class=\"banner-description\">\n<div class=\"banner-title\">Bonus de bienvenue<\/div>\n<p class=\"banner-header-title\">1500 \u20ac<\/p>\n<div class=\"banner-header-AdditionalText\">+ 250 Tours gratuits<\/div>\n<button data-item=\"homepage_banner_link\" class=\"goto m-button m-gradient-border m-button--primary m-button--large banner-button btn-orange\">\n            <div class=\"m-button-content\">\n                <span>Inscrivez-vous d\u00e8s maintenant<\/span>\n                <span><\/span>\n            <\/div>\n        <\/button>\n<\/div>\n<div class=\"WelcomePack\">\n<p><img loading=\"lazy\" decoding=\"async\" class=\"alignnone size-full wp-image-1844\" src=\"https:\/\/thor-fortune.com\/wp-content\/uploads\/2026\/02\/welcome-crown.png\" alt=\"welcome crown\" width=\"25\" height=\"26\" \/><\/p>\n<div class=\"WelcomePack-Info\">Cashback hebdomadaire jusqu&rsquo;\u00e0 25 %<\/div>\n<p><img loading=\"lazy\" decoding=\"async\" class=\"alignnone size-full wp-image-1844\" src=\"https:\/\/thor-fortune.com\/wp-content\/uploads\/2026\/02\/welcome-crown.png\" alt=\"welcome crown\" width=\"25\" height=\"26\" \/><\/p>\n<\/div>\n<\/div><div class=\"scrollable-content-wrap my-5\"><div class=\"scrollable-content-inner\"><h2>Inscription d&rsquo;un nouvel utilisateur sur Thor Fortune<\/h2>\n<p>Seuls les joueurs inscrits peuvent utiliser pleinement la plateforme Thorfortune Casino. La cr\u00e9ation d&rsquo;un compte vous donne acc\u00e8s \u00e0 plus de 6 000 jeux, \u00e0 un syst\u00e8me de bonus unique et \u00e0 de nombreuses autres fonctionnalit\u00e9s. Apr\u00e8s avoir suivi la proc\u00e9dure de connexion \u00e0 Thorfortune, les utilisateurs peuvent g\u00e9rer leurs d\u00e9p\u00f4ts et retraits, utiliser des outils de jeu responsable et participer \u00e0 des promotions. Votre compte est prot\u00e9g\u00e9 par des mesures de s\u00e9curit\u00e9 et des normes de cryptage modernes.<\/p>\n<table>\n<tbody>\n<tr>\n<td>Fonctionnalit\u00e9<\/td>\n<td>Acc\u00e8s<\/td>\n<\/tr>\n<tr>\n<td>Jeux<\/td>\n<td>Toutes les machines \u00e0 sous, les jeux de table, le casino en direct et les jeux instantan\u00e9s<\/td>\n<\/tr>\n<tr>\n<td>Bonus<\/td>\n<td>Pack de bienvenue, r\u00e9compenses VIP, offres quotidiennes et hebdomadaires<\/td>\n<\/tr>\n<tr>\n<td>Gestion du compte<\/td>\n<td>Donn\u00e9es personnelles, m\u00e9thodes de paiement, contr\u00f4les des d\u00e9p\u00f4ts et des retraits<\/td>\n<\/tr>\n<tr>\n<td>Jeu responsable<\/td>\n<td>Limites de d\u00e9p\u00f4t, limites de perte, limites de dur\u00e9e de session, auto-exclusion<\/td>\n<\/tr>\n<tr>\n<td>Promotions et tournois<\/td>\n<td>Comp\u00e9titions quotidiennes, hebdomadaires, mensuelles et saisonni\u00e8res<\/td>\n<\/tr>\n<\/tbody>\n<\/table>\n<h3>Cr\u00e9ez votre compte<\/h3>\n<ol>\n<li>C&rsquo;est facile de commencer : il vous suffit de cliquer sur le bouton \u00ab S&rsquo;inscrire \u00bb pour ouvrir la fen\u00eatre d&rsquo;inscription \u00e0 Thor Fortune.<\/li>\n<li>Vous serez ensuite invit\u00e9 \u00e0 saisir votre adresse e-mail et \u00e0 cr\u00e9er un mot de passe.<\/li>\n<li>Vous devrez ensuite accepter les conditions g\u00e9n\u00e9rales et cliquer sur \u00ab S&rsquo;inscrire \u00bb.<\/li>\n<li>Dans la fen\u00eatre suivante, vous devrez indiquer votre pr\u00e9nom, votre nom, votre date de naissance et votre num\u00e9ro de t\u00e9l\u00e9phone.<\/li>\n<li>Il vous suffit ensuite de cliquer sur \u00ab Enregistrer \u00bb pour soumettre vos informations.<\/li>\n<li>Enfin, consultez votre messagerie \u00e9lectronique pour obtenir un lien d&rsquo;activation et suivez les instructions.<\/li>\n<\/ol>\n<p>Une fois activ\u00e9, votre compte Thorfortune est pr\u00eat \u00e0 \u00eatre utilis\u00e9.<\/p>\n<p><img loading=\"lazy\" decoding=\"async\" class=\"alignnone size-full wp-image-2028\" src=\"https:\/\/thor-fortune.com\/wp-content\/uploads\/2026\/02\/Thorfortune-login-page.webp\" alt=\"Thorfortune login page\" width=\"1248\" height=\"536\" srcset=\"https:\/\/thorfortuneonline.com\/wp-content\/uploads\/2026\/02\/Thorfortune-login-page.webp 1248w, https:\/\/thorfortuneonline.com\/wp-content\/uploads\/2026\/02\/Thorfortune-login-page-300x129.webp 300w, https:\/\/thorfortuneonline.com\/wp-content\/uploads\/2026\/02\/Thorfortune-login-page-1024x440.webp 1024w, https:\/\/thorfortuneonline.com\/wp-content\/uploads\/2026\/02\/Thorfortune-login-page-768x330.webp 768w\" sizes=\"(max-width: 1248px) 100vw, 1248px\" \/><\/p>\n<h2>G\u00e9rer un compte Thorfortune<\/h2>\n<p>Il est facile et rapide de se connecter \u00e0 Thorfortune Casino. Les joueurs peuvent acc\u00e9der \u00e0 toutes les fonctionnalit\u00e9s du casino depuis leur ordinateur, leur mobile ou l&rsquo;application. Apr\u00e8s vous \u00eatre connect\u00e9 \u00e0 Thorfortune, vous pouvez g\u00e9rer votre compte, jouer \u00e0 des jeux et suivre votre activit\u00e9.<\/p>\n<p>Pour vous connecter au casino Thorfortune, il vous suffit de cliquer sur le bouton \u00ab Connexion \u00bb et de saisir votre adresse e-mail et votre mot de passe. Confirmez ensuite et s\u00e9lectionnez \u00ab Connexion \u00bb. Une fois connect\u00e9, tous les param\u00e8tres de votre compte, vos d\u00e9p\u00f4ts, vos retraits et la progression de vos jeux sont imm\u00e9diatement disponibles. Vous pouvez \u00e9galement acc\u00e9der aux promotions, aux r\u00e9compenses VIP et participer \u00e0 des tournois.<\/p>\n<p>Depuis votre compte Thor Fortune, vous pouvez :<\/p>\n<ul>\n<li>Jouer aux machines \u00e0 sous en ligne, aux jeux de table, au casino en direct et aux jeux instantan\u00e9s<\/li>\n<li>Retirer vos gains<\/li>\n<li>Participer \u00e0 des \u00e9v\u00e9nements et des promotions<\/li>\n<li>Consulter l&rsquo;historique de vos jeux<\/li>\n<li>Utiliser des outils de jeu responsable<\/li>\n<li>Mettez \u00e0 jour vos param\u00e8tres personnels<\/li>\n<li>Participer \u00e0 des tournois<\/li>\n<\/ul>\n<h3>Vous avez oubli\u00e9 votre mot de passe ?<\/h3>\n<p>Il arrive parfois que les utilisateurs oublient leur mot de passe. Cela peut arriver \u00e0 tout le monde, alors ne vous inqui\u00e9tez pas. Il est tr\u00e8s facile de r\u00e9cup\u00e9rer votre mot de passe et de vous connecter \u00e0 Thorfortune en quelques minutes seulement.<\/p>\n<ol>\n<li>Si vous avez oubli\u00e9 votre mot de passe, vous devez d&rsquo;abord ouvrir la page de connexion Thorfortune.<\/li>\n<li>Ensuite, il vous suffit de cliquer sur \u00ab Mot de passe oubli\u00e9 ? \u00bb.<\/li>\n<li>Vous devrez ensuite saisir votre adresse e-mail enregistr\u00e9e.<\/li>\n<li>Vous recevrez ensuite un e-mail de Thor Fortune et devrez suivre le lien.<\/li>\n<li>Enfin, vous devez cr\u00e9er un nouveau mot de passe et vous connecter.<\/li>\n<\/ol>\n<h3>V\u00e9rification des comptes et mesures de s\u00e9curit\u00e9 du casino Thorfortune<\/h3>\n<p>Tous les comptes Thorfortune sont v\u00e9rifi\u00e9s afin de garantir la s\u00e9curit\u00e9 des joueurs. Pour v\u00e9rifier votre identit\u00e9, vous devez t\u00e9l\u00e9charger des documents clairs et une confirmation d&rsquo;adresse. Seuls les comptes v\u00e9rifi\u00e9s peuvent retirer des fonds et utiliser des bonus. Notre \u00e9quipe examine les documents dans un d\u00e9lai de 48 heures. La v\u00e9rification fait partie du processus KYC de Thorfortune, qui couvre \u00e9galement les donn\u00e9es crypt\u00e9es, l&rsquo;authentification \u00e0 deux facteurs et le contr\u00f4le manuel des transactions.<\/p>\n<h2>FAQ<\/h2>\n<h3>Comment mettre \u00e0 jour votre mot de passe ou votre adresse e-mail ?<\/h3>\n<p>Vous pouvez facilement modifier votre mot de passe ou votre adresse e-mail dans les param\u00e8tres de votre compte Thorfortune. Ouvrez votre profil personnel et rendez-vous dans la section \u00ab Param\u00e8tres du compte \u00bb. S\u00e9lectionnez l&rsquo;option permettant de modifier votre mot de passe ou votre adresse e-mail. Saisissez les nouvelles informations et confirmez-les. Le syst\u00e8me Thor Fortune appliquera imm\u00e9diatement les modifications. La mise \u00e0 jour de votre mot de passe Thorfortune contribue \u00e0 la s\u00e9curit\u00e9 de votre compte. Si votre adresse e-mail n&rsquo;est plus valide, vous devez la mettre \u00e0 jour. Utilisez toujours un mot de passe fort et une adresse e-mail valide.<\/p>\n<h3>Que dois-je faire si mon compte est verrouill\u00e9 ?<\/h3>\n<p>Si votre compte Thorfortune est verrouill\u00e9, commencez par vous d\u00e9connecter de la plateforme, puis reconnectez-vous. V\u00e9rifiez que votre connexion Internet est stable. Si votre compte reste verrouill\u00e9, contactez le service d&rsquo;assistance Thorfortune. Notre \u00e9quipe d&rsquo;assistance multilingue est disponible par chat en direct ou par e-mail. Apr\u00e8s avoir fourni vos informations \u00e0 nos sp\u00e9cialistes, ceux-ci vous aideront \u00e0 vous reconnecter en toute s\u00e9curit\u00e9.<\/p>\n<\/div><\/div><\/p>\n","protected":false},"excerpt":{"rendered":"<p>Connexion, inscription et gestion de compte Thor Fortune Le processus de Thorfortune login est rapide et facile sur n&rsquo;importe quel appareil. Les joueurs peuvent se connecter depuis leur ordinateur, leur tablette ou leur t\u00e9l\u00e9phone portable en quelques secondes. Si vous \u00eates nouveau sur notre casino, vous devrez d&rsquo;abord cr\u00e9er un compte pour commencer \u00e0 jouer.<\/p>\n","protected":false},"author":1,"featured_media":0,"parent":0,"menu_order":0,"comment_status":"closed","ping_status":"closed","template":"template-builder.php","meta":{"_acf_changed":false,"inline_featured_image":false,"footnotes":""},"class_list":["post-1482","page","type-page","status-publish","hentry"],"acf":[],"yoast_head":"<!-- This site is optimized with the Yoast SEO plugin v24.4 - https:\/\/yoast.com\/wordpress\/plugins\/seo\/ -->\n<title>Thorfortune Connexion \u2013 Inscription et gestion du compte<\/title>\n<meta name=\"description\" content=\"Cr\u00e9ez, g\u00e9rez et v\u00e9rifiez facilement votre compte Thorfortune Casino gr\u00e2ce \u00e0 une inscription rapide, une r\u00e9cup\u00e9ration de compte transparente et une fermeture de compte s\u00e9curis\u00e9e, garantissant une protection 24 heures sur 24, 7 jours sur 7 via Thorfortune Login.\" \/>\n<meta name=\"robots\" content=\"index, follow, max-snippet:-1, max-image-preview:large, max-video-preview:-1\" \/>\n<link rel=\"canonical\" href=\"https:\/\/thorfortuneonline.com\/fr\/connexion-et-inscription\/\" \/>\n<meta property=\"og:locale\" content=\"fr_FR\" \/>\n<meta property=\"og:type\" content=\"article\" \/>\n<meta property=\"og:title\" content=\"Thorfortune Connexion \u2013 Inscription et gestion du compte\" \/>\n<meta property=\"og:description\" content=\"Cr\u00e9ez, g\u00e9rez et v\u00e9rifiez facilement votre compte Thorfortune Casino gr\u00e2ce \u00e0 une inscription rapide, une r\u00e9cup\u00e9ration de compte transparente et une fermeture de compte s\u00e9curis\u00e9e, garantissant une protection 24 heures sur 24, 7 jours sur 7 via Thorfortune Login.\" \/>\n<meta property=\"og:url\" content=\"https:\/\/thorfortuneonline.com\/fr\/connexion-et-inscription\/\" \/>\n<meta property=\"og:site_name\" content=\"thorfortune\" \/>\n<meta property=\"article:modified_time\" content=\"2026-02-27T14:22:02+00:00\" \/>\n<meta name=\"twitter:card\" content=\"summary_large_image\" \/>\n<meta name=\"twitter:label1\" content=\"Dur\u00e9e de lecture estim\u00e9e\" \/>\n\t<meta name=\"twitter:data1\" content=\"1 minute\" \/>\n<script type=\"application\/ld+json\" class=\"yoast-schema-graph\">{\"@context\":\"https:\/\/schema.org\",\"@graph\":[{\"@type\":\"WebPage\",\"@id\":\"https:\/\/thorfortuneonline.com\/fr\/connexion-et-inscription\/\",\"url\":\"https:\/\/thorfortuneonline.com\/fr\/connexion-et-inscription\/\",\"name\":\"Thorfortune Connexion \u2013 Inscription et gestion du compte\",\"isPartOf\":{\"@id\":\"https:\/\/thorfortuneonline.com\/fr\/#website\"},\"datePublished\":\"2026-01-20T12:11:11+00:00\",\"dateModified\":\"2026-02-27T14:22:02+00:00\",\"description\":\"Cr\u00e9ez, g\u00e9rez et v\u00e9rifiez facilement votre compte Thorfortune Casino gr\u00e2ce \u00e0 une inscription rapide, une r\u00e9cup\u00e9ration de compte transparente et une fermeture de compte s\u00e9curis\u00e9e, garantissant une protection 24 heures sur 24, 7 jours sur 7 via Thorfortune Login.\",\"breadcrumb\":{\"@id\":\"https:\/\/thorfortuneonline.com\/fr\/connexion-et-inscription\/#breadcrumb\"},\"inLanguage\":\"fr-FR\",\"potentialAction\":[{\"@type\":\"ReadAction\",\"target\":[\"https:\/\/thorfortuneonline.com\/fr\/connexion-et-inscription\/\"]}]},{\"@type\":\"BreadcrumbList\",\"@id\":\"https:\/\/thorfortuneonline.com\/fr\/connexion-et-inscription\/#breadcrumb\",\"itemListElement\":[{\"@type\":\"ListItem\",\"position\":1,\"name\":\"Thorfortune\",\"item\":\"https:\/\/thorfortuneonline.com\/fr\/\"},{\"@type\":\"ListItem\",\"position\":2,\"name\":\"Connexion et inscription\"}]},{\"@type\":\"WebSite\",\"@id\":\"https:\/\/thorfortuneonline.com\/fr\/#website\",\"url\":\"https:\/\/thorfortuneonline.com\/fr\/\",\"name\":\"Thorfortune\",\"description\":\"\",\"publisher\":{\"@id\":\"https:\/\/thorfortuneonline.com\/fr\/#organization\"},\"potentialAction\":[{\"@type\":\"SearchAction\",\"target\":{\"@type\":\"EntryPoint\",\"urlTemplate\":\"https:\/\/thorfortuneonline.com\/fr\/?s={search_term_string}\"},\"query-input\":{\"@type\":\"PropertyValueSpecification\",\"valueRequired\":true,\"valueName\":\"search_term_string\"}}],\"inLanguage\":\"fr-FR\"},{\"@type\":\"Organization\",\"@id\":\"https:\/\/thorfortuneonline.com\/fr\/#organization\",\"name\":\"Thorfortune\",\"url\":\"https:\/\/thorfortuneonline.com\/fr\/\",\"logo\":{\"@type\":\"ImageObject\",\"inLanguage\":\"fr-FR\",\"@id\":\"https:\/\/thorfortuneonline.com\/fr\/#\/schema\/logo\/image\/\",\"url\":\"https:\/\/thorfortuneonline.com\/wp-content\/uploads\/2026\/02\/logo.png\",\"contentUrl\":\"https:\/\/thorfortuneonline.com\/wp-content\/uploads\/2026\/02\/logo.png\",\"width\":160,\"height\":37,\"caption\":\"Thorfortune\"},\"image\":{\"@id\":\"https:\/\/thorfortuneonline.com\/fr\/#\/schema\/logo\/image\/\"}}]}<\/script>\n<!-- \/ Yoast SEO plugin. -->","yoast_head_json":{"title":"Thorfortune Connexion \u2013 Inscription et gestion du compte","description":"Cr\u00e9ez, g\u00e9rez et v\u00e9rifiez facilement votre compte Thorfortune Casino gr\u00e2ce \u00e0 une inscription rapide, une r\u00e9cup\u00e9ration de compte transparente et une fermeture de compte s\u00e9curis\u00e9e, garantissant une protection 24 heures sur 24, 7 jours sur 7 via Thorfortune Login.","robots":{"index":"index","follow":"follow","max-snippet":"max-snippet:-1","max-image-preview":"max-image-preview:large","max-video-preview":"max-video-preview:-1"},"canonical":"https:\/\/thorfortuneonline.com\/fr\/connexion-et-inscription\/","og_locale":"fr_FR","og_type":"article","og_title":"Thorfortune Connexion \u2013 Inscription et gestion du compte","og_description":"Cr\u00e9ez, g\u00e9rez et v\u00e9rifiez facilement votre compte Thorfortune Casino gr\u00e2ce \u00e0 une inscription rapide, une r\u00e9cup\u00e9ration de compte transparente et une fermeture de compte s\u00e9curis\u00e9e, garantissant une protection 24 heures sur 24, 7 jours sur 7 via Thorfortune Login.","og_url":"https:\/\/thorfortuneonline.com\/fr\/connexion-et-inscription\/","og_site_name":"thorfortune","article_modified_time":"2026-02-27T14:22:02+00:00","twitter_card":"summary_large_image","twitter_misc":{"Dur\u00e9e de lecture estim\u00e9e":"1 minute"},"schema":{"@context":"https:\/\/schema.org","@graph":[{"@type":"WebPage","@id":"https:\/\/thorfortuneonline.com\/fr\/connexion-et-inscription\/","url":"https:\/\/thorfortuneonline.com\/fr\/connexion-et-inscription\/","name":"Thorfortune Connexion \u2013 Inscription et gestion du compte","isPartOf":{"@id":"https:\/\/thorfortuneonline.com\/fr\/#website"},"datePublished":"2026-01-20T12:11:11+00:00","dateModified":"2026-02-27T14:22:02+00:00","description":"Cr\u00e9ez, g\u00e9rez et v\u00e9rifiez facilement votre compte Thorfortune Casino gr\u00e2ce \u00e0 une inscription rapide, une r\u00e9cup\u00e9ration de compte transparente et une fermeture de compte s\u00e9curis\u00e9e, garantissant une protection 24 heures sur 24, 7 jours sur 7 via Thorfortune Login.","breadcrumb":{"@id":"https:\/\/thorfortuneonline.com\/fr\/connexion-et-inscription\/#breadcrumb"},"inLanguage":"fr-FR","potentialAction":[{"@type":"ReadAction","target":["https:\/\/thorfortuneonline.com\/fr\/connexion-et-inscription\/"]}]},{"@type":"BreadcrumbList","@id":"https:\/\/thorfortuneonline.com\/fr\/connexion-et-inscription\/#breadcrumb","itemListElement":[{"@type":"ListItem","position":1,"name":"Thorfortune","item":"https:\/\/thorfortuneonline.com\/fr\/"},{"@type":"ListItem","position":2,"name":"Connexion et inscription"}]},{"@type":"WebSite","@id":"https:\/\/thorfortuneonline.com\/fr\/#website","url":"https:\/\/thorfortuneonline.com\/fr\/","name":"Thorfortune","description":"","publisher":{"@id":"https:\/\/thorfortuneonline.com\/fr\/#organization"},"potentialAction":[{"@type":"SearchAction","target":{"@type":"EntryPoint","urlTemplate":"https:\/\/thorfortuneonline.com\/fr\/?s={search_term_string}"},"query-input":{"@type":"PropertyValueSpecification","valueRequired":true,"valueName":"search_term_string"}}],"inLanguage":"fr-FR"},{"@type":"Organization","@id":"https:\/\/thorfortuneonline.com\/fr\/#organization","name":"Thorfortune","url":"https:\/\/thorfortuneonline.com\/fr\/","logo":{"@type":"ImageObject","inLanguage":"fr-FR","@id":"https:\/\/thorfortuneonline.com\/fr\/#\/schema\/logo\/image\/","url":"https:\/\/thorfortuneonline.com\/wp-content\/uploads\/2026\/02\/logo.png","contentUrl":"https:\/\/thorfortuneonline.com\/wp-content\/uploads\/2026\/02\/logo.png","width":160,"height":37,"caption":"Thorfortune"},"image":{"@id":"https:\/\/thorfortuneonline.com\/fr\/#\/schema\/logo\/image\/"}}]}},"_links":{"self":[{"href":"https:\/\/thorfortuneonline.com\/fr\/wp-json\/wp\/v2\/pages\/1482"}],"collection":[{"href":"https:\/\/thorfortuneonline.com\/fr\/wp-json\/wp\/v2\/pages"}],"about":[{"href":"https:\/\/thorfortuneonline.com\/fr\/wp-json\/wp\/v2\/types\/page"}],"author":[{"embeddable":true,"href":"https:\/\/thorfortuneonline.com\/fr\/wp-json\/wp\/v2\/users\/1"}],"replies":[{"embeddable":true,"href":"https:\/\/thorfortuneonline.com\/fr\/wp-json\/wp\/v2\/comments?post=1482"}],"version-history":[{"count":3,"href":"https:\/\/thorfortuneonline.com\/fr\/wp-json\/wp\/v2\/pages\/1482\/revisions"}],"predecessor-version":[{"id":2063,"href":"https:\/\/thorfortuneonline.com\/fr\/wp-json\/wp\/v2\/pages\/1482\/revisions\/2063"}],"wp:attachment":[{"href":"https:\/\/thorfortuneonline.com\/fr\/wp-json\/wp\/v2\/media?parent=1482"}],"curies":[{"name":"wp","href":"https:\/\/api.w.org\/{rel}","templated":true}]}}