{"id":1445,"date":"2026-01-20T12:08:23","date_gmt":"2026-01-20T12:08:23","guid":{"rendered":"https:\/\/bonuskongcasino.com\/app\/"},"modified":"2026-03-02T07:24:55","modified_gmt":"2026-03-02T07:24:55","slug":"applicazione","status":"publish","type":"page","link":"https:\/\/thorfortuneonline.com\/it\/applicazione\/","title":{"rendered":"Applicazione"},"content":{"rendered":"<h1>Thor Fortune sui dispositivi mobili<\/h1>\n<p>Thorfortune app offre un approccio moderno ai casin\u00f2. La nostra app \u00e8 disponibile per dispositivi Android e iOS. Il software Thorfortune fornisce l&#8217;accesso a tutti i giochi e agli strumenti di gestione del casin\u00f2. L&#8217;interfaccia dell&#8217;app si adatta a qualsiasi dimensione dello schermo. Gli utenti italiani possono giocare a casa o in movimento. Tutte le funzioni principali sono facili da trovare, poich\u00e9 tutto \u00e8 progettato per un utilizzo semplice e comodo.<\/p>\n<div class=\"banner-wrap\" aria-label=\"Banner\"><img src=\"https:\/\/thorfortuneonline.com\/wp-content\/uploads\/2026\/02\/Thorfortune-bnr-pc.webp\" class=\"w-100 d-none d-lg-block img-pc main-banner-img\" alt=\"Thorfortune banner desktop\" fetchpriority=\"high\" decoding=\"async\"><img src=\"https:\/\/thorfortuneonline.com\/wp-content\/uploads\/2026\/02\/thorfortune-banner-mobile.webp\" class=\"w-100 d-none d-md-block d-lg-none main-banner-img\" alt=\"Thorfortune banner mobile\" fetchpriority=\"high\" decoding=\"async\"><img src=\"https:\/\/thorfortuneonline.com\/wp-content\/uploads\/2026\/02\/thorfortune-banner-mobile.webp\" class=\"w-100 d-md-none\" alt=\"Thorfortune banner mobile\" fetchpriority=\"high\" decoding=\"async\"><div class=\"banner-description\">\n<div class=\"banner-title\">Bonus di benvenuto<\/div>\n<p class=\"banner-header-title\">1500 \u20ac<\/p>\n<div class=\"banner-header-AdditionalText\">+ 250 Giri gratuiti<\/div>\n<button data-item=\"homepage_banner_link\" class=\"goto m-button m-gradient-border m-button--primary m-button--large banner-button btn-orange\">\n            <div class=\"m-button-content\">\n                <span>Iscriviti ora<\/span>\n                <span><\/span>\n            <\/div>\n        <\/button>\n<\/div>\n<div class=\"WelcomePack\">\n<p><img loading=\"lazy\" decoding=\"async\" class=\"alignnone size-full wp-image-1847\" src=\"https:\/\/thor-fortune.com\/wp-content\/uploads\/2026\/02\/welcome-crown.png\" alt=\"welcome crown\" width=\"25\" height=\"26\" \/><\/p>\n<div class=\"WelcomePack-Info\">Cashback settimanale fino al 25%<\/div>\n<p><img loading=\"lazy\" decoding=\"async\" class=\"alignnone size-full wp-image-1847\" src=\"https:\/\/thor-fortune.com\/wp-content\/uploads\/2026\/02\/welcome-crown.png\" alt=\"welcome crown\" width=\"25\" height=\"26\" \/><\/p>\n<\/div>\n<\/div>\n<h2>Accesso mobile a Thorfortune<\/h2>\n<p>Thor Fortune Casino offre un&#8217;app mobile e una versione per PC. Ogni opzione ha i suoi vantaggi. Entrambe le versioni forniscono pieno accesso ai giochi, ai pagamenti e a tutti gli altri strumenti della piattaforma. La differenza principale \u00e8 come e dove giocare.<\/p>\n<p>L&#8217;app Thorfortune ti consente di giocare al casin\u00f2 ovunque ti trovi. \u00c8 ottimizzata per il controllo touch e gli schermi di piccole dimensioni. Il software si avvia rapidamente senza aprire un browser. Le notifiche push sono il principale vantaggio dell&#8217;app, poich\u00e9 informano i giocatori su tutti gli eventi e gli aggiornamenti della piattaforma.<\/p>\n<p>La versione per PC offre uno schermo pi\u00f9 grande ed \u00e8 progettata per l&#8217;uso con mouse e tastiera. \u00c8 adatta ai giocatori che preferiscono uno schermo ampio, ad esempio nelle slot online e nei giochi con croupier dal vivo. Entrambe le versioni consentono di depositare e prelevare fondi, completare il processo di verifica e utilizzare strumenti di gioco responsabile.<\/p>\n<p><div class=\"scrollable-content-wrap my-5\"><div class=\"scrollable-content-inner\"><h2>App Thorfortune per iOS<\/h2>\n<p>L&#8217;app Thorfortune per iOS funziona su qualsiasi dispositivo iPhone o iPad. Si avvia in Safari e non richiede il download dall&#8217;App Store. L&#8217;app funziona come una scorciatoia di accesso rapido con caricamento veloce. I giocatori ricevono notifiche su nuove promozioni, risultati dei tornei, aggiornamenti e nuove uscite di giochi. \u00c8 stata aggiunta un&#8217;icona alla schermata iniziale per l&#8217;accesso immediato al casin\u00f2 Thorfortune. Il processo di installazione \u00e8 semplice e richiede solo pochi secondi. L&#8217;app non occupa molto spazio sul dispositivo e tutto \u00e8 chiaro e veloce.<\/p>\n<h3>Come installare l&#8217;app iOS Thorfortune Casino<\/h3>\n<ol>\n<li>Per prima cosa, \u00e8 necessario aprire il sito web Thorfortune in Safari.<\/li>\n<li>In secondo luogo, \u00e8 necessario toccare l&#8217;icona &#8220;Condividi&#8221; nella parte inferiore dello schermo.<\/li>\n<li>Dopodich\u00e9, seleziona &#8220;Aggiungi alla schermata Home&#8221;.<\/li>\n<li>Infine, tocca &#8220;Aggiungi&#8221; per confermare.<\/li>\n<li>Ora puoi avviare l&#8217;app dalla schermata iniziale.<\/li>\n<\/ol>\n<p><img loading=\"lazy\" decoding=\"async\" class=\"alignnone size-full wp-image-2023\" src=\"https:\/\/thor-fortune.com\/wp-content\/uploads\/2026\/02\/Thorfortune-iOS.webp\" alt=\"Thorfortune iOS\" width=\"1248\" height=\"536\" srcset=\"https:\/\/thorfortuneonline.com\/wp-content\/uploads\/2026\/02\/Thorfortune-iOS.webp 1248w, https:\/\/thorfortuneonline.com\/wp-content\/uploads\/2026\/02\/Thorfortune-iOS-300x129.webp 300w, https:\/\/thorfortuneonline.com\/wp-content\/uploads\/2026\/02\/Thorfortune-iOS-1024x440.webp 1024w, https:\/\/thorfortuneonline.com\/wp-content\/uploads\/2026\/02\/Thorfortune-iOS-768x330.webp 768w\" sizes=\"(max-width: 1248px) 100vw, 1248px\" \/><\/p>\n<\/div><\/div><div style=\"clear: both\"><\/div><div class=\"d-flex justify-content-center\"><button data-item=\"decouvrez_link\" data-group=\"website_links\" class=\"goto fw-bold rounded-pill btn btn-orange\" aria-label=\"Scarica l&#039;app Thorfortune\" >Scarica l&#039;app Thorfortune<\/button><\/div><div class=\"scrollable-content-wrap my-5\"><div class=\"scrollable-content-inner\"><h2>App Thorfortune per Android<\/h2>\n<p>L&#8217;app Thorfortune per Android \u00e8 disponibile come app web progressiva (PWA). Non utilizziamo file APK per l&#8217;installazione. La nostra PWA funziona nel tuo browser e pu\u00f2 essere installata dal nostro sito web ufficiale. Questo formato offre un accesso pi\u00f9 rapido senza la necessit\u00e0 di scaricare applicazioni di terze parti. L&#8217;app Thorfortune offre pieno accesso ai giochi e a tutti gli strumenti del nostro casin\u00f2. Funziona su dispositivi Android con un&#8217;esperienza di gioco avanzata.<\/p>\n<table>\n<tbody>\n<tr>\n<td>Caratteristica<\/td>\n<td>PWA<\/td>\n<td>APK<\/td>\n<\/tr>\n<tr>\n<td>Fonte di installazione<\/td>\n<td>Installata dal nostro sito web<\/td>\n<td>Installato con un file esterno<\/td>\n<\/tr>\n<tr>\n<td>Utilizzo dello spazio di archiviazione<\/td>\n<td>Memoria minima del dispositivo<\/td>\n<td>Richiede il download di file<\/td>\n<\/tr>\n<tr>\n<td>Aggiornamenti<\/td>\n<td>Aggiornamenti automatici<\/td>\n<td>Aggiornamenti manuali richiesti<\/td>\n<\/tr>\n<tr>\n<td>Sicurezza<\/td>\n<td>Funziona all&#8217;interno di un browser sicuro<\/td>\n<td>Dipende dalla fonte del file<\/td>\n<\/tr>\n<tr>\n<td>Accessibilit\u00e0<\/td>\n<td>Accesso immediato<\/td>\n<td>Richiede un processo di installazione<\/td>\n<\/tr>\n<\/tbody>\n<\/table>\n<p>L&#8217;app Thorfortune per Android \u00e8 veloce e facile da usare. Hai pieno accesso ai giochi, ai pagamenti, ai bonus e alle impostazioni dell&#8217;account. Ma soprattutto, quando scegli di giocare tramite l&#8217;app, puoi ricevere notifiche dal casin\u00f2 Thorfortune. Le notifiche ti tengono aggiornato su tutti gli eventi e gli aggiornamenti della piattaforma. Se partecipi a un torneo, puoi monitorare la tua classifica tramite le notifiche. Inoltre, nell&#8217;ambito di alcune promozioni, puoi ricevere da noi lo status VIP anche se non sei un grande scommettitore. Se vinci, ti invieremo una notifica. La piattaforma funziona al meglio sul tuo dispositivo Android con il nostro software.<\/p>\n<p><img loading=\"lazy\" decoding=\"async\" class=\"alignnone size-full wp-image-2007\" src=\"https:\/\/thor-fortune.com\/wp-content\/uploads\/2026\/02\/Thorfortune-Android.webp\" alt=\"Thorfortune Android\" width=\"1248\" height=\"536\" srcset=\"https:\/\/thorfortuneonline.com\/wp-content\/uploads\/2026\/02\/Thorfortune-Android.webp 1248w, https:\/\/thorfortuneonline.com\/wp-content\/uploads\/2026\/02\/Thorfortune-Android-300x129.webp 300w, https:\/\/thorfortuneonline.com\/wp-content\/uploads\/2026\/02\/Thorfortune-Android-1024x440.webp 1024w, https:\/\/thorfortuneonline.com\/wp-content\/uploads\/2026\/02\/Thorfortune-Android-768x330.webp 768w\" sizes=\"(max-width: 1248px) 100vw, 1248px\" \/><\/p>\n<\/div><\/div><div style=\"clear: both\"><\/div><div class=\"d-flex justify-content-center\"><button data-item=\"decouvrez_link\" data-group=\"website_links\" class=\"goto fw-bold rounded-pill btn btn-orange\" aria-label=\"Scarica Thorfortune\" >Scarica Thorfortune<\/button><\/div><div class=\"scrollable-content-wrap my-5\"><div class=\"scrollable-content-inner\"><h2>Applicazioni Windows e Mac<\/h2>\n<p>Thorfortune Casino dispone di un&#8217;applicazione web per PC con sistema operativo Windows e Mac. Non sono necessarie installazioni complicate o download di grandi dimensioni. I giocatori possono creare un collegamento sul desktop per accedere al sito web di Thor Fortune. Il collegamento funziona come un&#8217;applicazione web separata con accesso con un solo clic.<\/p>\n<p>L&#8217;applicazione web per PC fornisce pieno accesso a tutte le funzionalit\u00e0 del casin\u00f2 mobile. Gli utenti possono giocare, gestire i propri conti, completare la verifica ed effettuare depositi o prelievi. L&#8217;interfaccia di Thorfortune Casino \u00e8 progettata per schermi desktop di grandi dimensioni e supporta lo streaming di alta qualit\u00e0. Tutti i giochi sono trasmessi in streaming con la massima qualit\u00e0 grazie alle prestazioni di un computer desktop.<\/p>\n<p><img loading=\"lazy\" decoding=\"async\" class=\"alignnone size-full wp-image-2015\" src=\"https:\/\/thor-fortune.com\/wp-content\/uploads\/2026\/02\/Thorfortune-Desktop.webp\" alt=\"Thorfortune Desktop\" width=\"1248\" height=\"536\" srcset=\"https:\/\/thorfortuneonline.com\/wp-content\/uploads\/2026\/02\/Thorfortune-Desktop.webp 1248w, https:\/\/thorfortuneonline.com\/wp-content\/uploads\/2026\/02\/Thorfortune-Desktop-300x129.webp 300w, https:\/\/thorfortuneonline.com\/wp-content\/uploads\/2026\/02\/Thorfortune-Desktop-1024x440.webp 1024w, https:\/\/thorfortuneonline.com\/wp-content\/uploads\/2026\/02\/Thorfortune-Desktop-768x330.webp 768w\" sizes=\"(max-width: 1248px) 100vw, 1248px\" \/><\/p>\n<\/div><\/div><div style=\"clear: both\"><\/div><div class=\"d-flex justify-content-center\"><button data-item=\"decouvrez_link\" data-group=\"website_links\" class=\"goto fw-bold rounded-pill btn btn-orange\" aria-label=\"Scarica l&#039;app Thorfortune\" >Scarica l&#039;app Thorfortune<\/button><\/div><div class=\"scrollable-content-wrap my-5\"><div class=\"scrollable-content-inner\"><h2>Domande frequenti<\/h2>\n<h3>\u00c8 necessario creare un account per utilizzare l&#8217;app Thor Fortune?<\/h3>\n<p>S\u00ec. Per utilizzare l&#8217;app Thorfortune \u00e8 necessario creare un account. Una volta registrati, \u00e8 possibile giocare a qualsiasi gioco, ricevere bonus, depositare e prelevare fondi. Senza un account non \u00e8 possibile utilizzare la piattaforma. Il processo di registrazione richiede solo pochi minuti. Dopo la registrazione, \u00e8 possibile effettuare il login e iniziare subito a giocare.<\/p>\n<h3>L&#8217;app Thor Fortune Casino offre assistenza clienti?<\/h3>\n<p>S\u00ec. Tramite l&#8217;app Thorfortune Casino \u00e8 possibile contattare l&#8217;assistenza clienti tramite live chat. L&#8217;assistenza clienti \u00e8 disponibile 24 ore su 24, 7 giorni su 7, e risponde rapidamente alle domande. Il nostro team di assistenza professionale \u00e8 a disposizione per rispondere a qualsiasi domanda. \u00c8 anche possibile ottenere aiuto inviandoci un&#8217;e-mail.<\/p>\n<h3>Come aggiornare l&#8217;app Thor Fortune Casino?<\/h3>\n<p>L&#8217;app Thor Fortune Casino si aggiorna automaticamente. Si tratta di un&#8217;app web, quindi non \u00e8 necessario scaricare manualmente gli aggiornamenti. Quando apri il programma, utilizzi sempre l&#8217;ultima versione. Puoi semplicemente aprire l&#8217;app ed essere sicuro di utilizzare l&#8217;ultima versione con le funzionalit\u00e0 aggiornate.<\/p>\n<\/div><\/div><\/p>\n","protected":false},"excerpt":{"rendered":"<p>Thor Fortune sui dispositivi mobili Thorfortune app offre un approccio moderno ai casin\u00f2. La nostra app \u00e8 disponibile per dispositivi Android e iOS. Il software Thorfortune fornisce l&#8217;accesso a tutti i giochi e agli strumenti di gestione del casin\u00f2. L&#8217;interfaccia dell&#8217;app si adatta a qualsiasi dimensione dello schermo. Gli utenti italiani possono giocare a casa [&hellip;]<\/p>\n","protected":false},"author":1,"featured_media":0,"parent":0,"menu_order":0,"comment_status":"closed","ping_status":"closed","template":"template-builder.php","meta":{"_acf_changed":false,"inline_featured_image":false,"footnotes":""},"class_list":["post-1445","page","type-page","status-publish","hentry"],"acf":[],"yoast_head":"<!-- This site is optimized with the Yoast SEO plugin v24.4 - https:\/\/yoast.com\/wordpress\/plugins\/seo\/ -->\n<title>Scarica l&#039;app Thorfortune | iOS e Android<\/title>\n<meta name=\"description\" content=\"L&#039;app Thorfortune garantisce un&#039;esperienza di gioco impeccabile su piattaforme Android, iOS, Windows e macOS, completa di sincronizzazione dell&#039;account, aggiornamenti regolari e assistenza clienti integrata per una maggiore facilit\u00e0 d&#039;uso.\" \/>\n<meta name=\"robots\" content=\"index, follow, max-snippet:-1, max-image-preview:large, max-video-preview:-1\" \/>\n<link rel=\"canonical\" href=\"https:\/\/thorfortuneonline.com\/it\/applicazione\/\" \/>\n<meta property=\"og:locale\" content=\"it_IT\" \/>\n<meta property=\"og:type\" content=\"article\" \/>\n<meta property=\"og:title\" content=\"Scarica l&#039;app Thorfortune | iOS e Android\" \/>\n<meta property=\"og:description\" content=\"L&#039;app Thorfortune garantisce un&#039;esperienza di gioco impeccabile su piattaforme Android, iOS, Windows e macOS, completa di sincronizzazione dell&#039;account, aggiornamenti regolari e assistenza clienti integrata per una maggiore facilit\u00e0 d&#039;uso.\" \/>\n<meta property=\"og:url\" content=\"https:\/\/thorfortuneonline.com\/it\/applicazione\/\" \/>\n<meta property=\"og:site_name\" content=\"thorfortune\" \/>\n<meta property=\"article:modified_time\" content=\"2026-03-02T07:24:55+00:00\" \/>\n<meta name=\"twitter:card\" content=\"summary_large_image\" \/>\n<meta name=\"twitter:label1\" content=\"Est. reading time\" \/>\n\t<meta name=\"twitter:data1\" content=\"2 minutes\" \/>\n<script type=\"application\/ld+json\" class=\"yoast-schema-graph\">{\"@context\":\"https:\/\/schema.org\",\"@graph\":[{\"@type\":\"WebPage\",\"@id\":\"https:\/\/thorfortuneonline.com\/it\/applicazione\/\",\"url\":\"https:\/\/thorfortuneonline.com\/it\/applicazione\/\",\"name\":\"Scarica l'app Thorfortune | iOS e Android\",\"isPartOf\":{\"@id\":\"https:\/\/thorfortuneonline.com\/it\/#website\"},\"datePublished\":\"2026-01-20T12:08:23+00:00\",\"dateModified\":\"2026-03-02T07:24:55+00:00\",\"description\":\"L'app Thorfortune garantisce un'esperienza di gioco impeccabile su piattaforme Android, iOS, Windows e macOS, completa di sincronizzazione dell'account, aggiornamenti regolari e assistenza clienti integrata per una maggiore facilit\u00e0 d'uso.\",\"breadcrumb\":{\"@id\":\"https:\/\/thorfortuneonline.com\/it\/applicazione\/#breadcrumb\"},\"inLanguage\":\"it-IT\",\"potentialAction\":[{\"@type\":\"ReadAction\",\"target\":[\"https:\/\/thorfortuneonline.com\/it\/applicazione\/\"]}]},{\"@type\":\"BreadcrumbList\",\"@id\":\"https:\/\/thorfortuneonline.com\/it\/applicazione\/#breadcrumb\",\"itemListElement\":[{\"@type\":\"ListItem\",\"position\":1,\"name\":\"Thorfortune\",\"item\":\"https:\/\/thorfortuneonline.com\/it\/\"},{\"@type\":\"ListItem\",\"position\":2,\"name\":\"Applicazione\"}]},{\"@type\":\"WebSite\",\"@id\":\"https:\/\/thorfortuneonline.com\/it\/#website\",\"url\":\"https:\/\/thorfortuneonline.com\/it\/\",\"name\":\"Thorfortune\",\"description\":\"\",\"publisher\":{\"@id\":\"https:\/\/thorfortuneonline.com\/it\/#organization\"},\"potentialAction\":[{\"@type\":\"SearchAction\",\"target\":{\"@type\":\"EntryPoint\",\"urlTemplate\":\"https:\/\/thorfortuneonline.com\/it\/?s={search_term_string}\"},\"query-input\":{\"@type\":\"PropertyValueSpecification\",\"valueRequired\":true,\"valueName\":\"search_term_string\"}}],\"inLanguage\":\"it-IT\"},{\"@type\":\"Organization\",\"@id\":\"https:\/\/thorfortuneonline.com\/it\/#organization\",\"name\":\"Thorfortune\",\"url\":\"https:\/\/thorfortuneonline.com\/it\/\",\"logo\":{\"@type\":\"ImageObject\",\"inLanguage\":\"it-IT\",\"@id\":\"https:\/\/thorfortuneonline.com\/it\/#\/schema\/logo\/image\/\",\"url\":\"https:\/\/thorfortuneonline.com\/wp-content\/uploads\/2026\/02\/logo.png\",\"contentUrl\":\"https:\/\/thorfortuneonline.com\/wp-content\/uploads\/2026\/02\/logo.png\",\"width\":160,\"height\":37,\"caption\":\"Thorfortune\"},\"image\":{\"@id\":\"https:\/\/thorfortuneonline.com\/it\/#\/schema\/logo\/image\/\"}}]}<\/script>\n<!-- \/ Yoast SEO plugin. -->","yoast_head_json":{"title":"Scarica l'app Thorfortune | iOS e Android","description":"L'app Thorfortune garantisce un'esperienza di gioco impeccabile su piattaforme Android, iOS, Windows e macOS, completa di sincronizzazione dell'account, aggiornamenti regolari e assistenza clienti integrata per una maggiore facilit\u00e0 d'uso.","robots":{"index":"index","follow":"follow","max-snippet":"max-snippet:-1","max-image-preview":"max-image-preview:large","max-video-preview":"max-video-preview:-1"},"canonical":"https:\/\/thorfortuneonline.com\/it\/applicazione\/","og_locale":"it_IT","og_type":"article","og_title":"Scarica l'app Thorfortune | iOS e Android","og_description":"L'app Thorfortune garantisce un'esperienza di gioco impeccabile su piattaforme Android, iOS, Windows e macOS, completa di sincronizzazione dell'account, aggiornamenti regolari e assistenza clienti integrata per una maggiore facilit\u00e0 d'uso.","og_url":"https:\/\/thorfortuneonline.com\/it\/applicazione\/","og_site_name":"thorfortune","article_modified_time":"2026-03-02T07:24:55+00:00","twitter_card":"summary_large_image","twitter_misc":{"Est. reading time":"2 minutes"},"schema":{"@context":"https:\/\/schema.org","@graph":[{"@type":"WebPage","@id":"https:\/\/thorfortuneonline.com\/it\/applicazione\/","url":"https:\/\/thorfortuneonline.com\/it\/applicazione\/","name":"Scarica l'app Thorfortune | iOS e Android","isPartOf":{"@id":"https:\/\/thorfortuneonline.com\/it\/#website"},"datePublished":"2026-01-20T12:08:23+00:00","dateModified":"2026-03-02T07:24:55+00:00","description":"L'app Thorfortune garantisce un'esperienza di gioco impeccabile su piattaforme Android, iOS, Windows e macOS, completa di sincronizzazione dell'account, aggiornamenti regolari e assistenza clienti integrata per una maggiore facilit\u00e0 d'uso.","breadcrumb":{"@id":"https:\/\/thorfortuneonline.com\/it\/applicazione\/#breadcrumb"},"inLanguage":"it-IT","potentialAction":[{"@type":"ReadAction","target":["https:\/\/thorfortuneonline.com\/it\/applicazione\/"]}]},{"@type":"BreadcrumbList","@id":"https:\/\/thorfortuneonline.com\/it\/applicazione\/#breadcrumb","itemListElement":[{"@type":"ListItem","position":1,"name":"Thorfortune","item":"https:\/\/thorfortuneonline.com\/it\/"},{"@type":"ListItem","position":2,"name":"Applicazione"}]},{"@type":"WebSite","@id":"https:\/\/thorfortuneonline.com\/it\/#website","url":"https:\/\/thorfortuneonline.com\/it\/","name":"Thorfortune","description":"","publisher":{"@id":"https:\/\/thorfortuneonline.com\/it\/#organization"},"potentialAction":[{"@type":"SearchAction","target":{"@type":"EntryPoint","urlTemplate":"https:\/\/thorfortuneonline.com\/it\/?s={search_term_string}"},"query-input":{"@type":"PropertyValueSpecification","valueRequired":true,"valueName":"search_term_string"}}],"inLanguage":"it-IT"},{"@type":"Organization","@id":"https:\/\/thorfortuneonline.com\/it\/#organization","name":"Thorfortune","url":"https:\/\/thorfortuneonline.com\/it\/","logo":{"@type":"ImageObject","inLanguage":"it-IT","@id":"https:\/\/thorfortuneonline.com\/it\/#\/schema\/logo\/image\/","url":"https:\/\/thorfortuneonline.com\/wp-content\/uploads\/2026\/02\/logo.png","contentUrl":"https:\/\/thorfortuneonline.com\/wp-content\/uploads\/2026\/02\/logo.png","width":160,"height":37,"caption":"Thorfortune"},"image":{"@id":"https:\/\/thorfortuneonline.com\/it\/#\/schema\/logo\/image\/"}}]}},"_links":{"self":[{"href":"https:\/\/thorfortuneonline.com\/it\/wp-json\/wp\/v2\/pages\/1445"}],"collection":[{"href":"https:\/\/thorfortuneonline.com\/it\/wp-json\/wp\/v2\/pages"}],"about":[{"href":"https:\/\/thorfortuneonline.com\/it\/wp-json\/wp\/v2\/types\/page"}],"author":[{"embeddable":true,"href":"https:\/\/thorfortuneonline.com\/it\/wp-json\/wp\/v2\/users\/1"}],"replies":[{"embeddable":true,"href":"https:\/\/thorfortuneonline.com\/it\/wp-json\/wp\/v2\/comments?post=1445"}],"version-history":[{"count":3,"href":"https:\/\/thorfortuneonline.com\/it\/wp-json\/wp\/v2\/pages\/1445\/revisions"}],"predecessor-version":[{"id":2087,"href":"https:\/\/thorfortuneonline.com\/it\/wp-json\/wp\/v2\/pages\/1445\/revisions\/2087"}],"wp:attachment":[{"href":"https:\/\/thorfortuneonline.com\/it\/wp-json\/wp\/v2\/media?parent=1445"}],"curies":[{"name":"wp","href":"https:\/\/api.w.org\/{rel}","templated":true}]}}