{"id":1447,"date":"2026-01-20T12:08:23","date_gmt":"2026-01-20T12:08:23","guid":{"rendered":"https:\/\/bonuskongcasino.com\/app\/"},"modified":"2026-03-02T07:46:44","modified_gmt":"2026-03-02T07:46:44","slug":"aplikacja","status":"publish","type":"page","link":"https:\/\/thorfortuneonline.com\/pl\/aplikacja\/","title":{"rendered":"Aplikacja"},"content":{"rendered":"<h1>Thor Fortune na urz\u0105dzeniach mobilnych<\/h1>\n<p>Thorfortune app oferuje nowoczesne podej\u015bcie do kasyn. Nasza aplikacja jest dost\u0119pna na urz\u0105dzenia z systemem Android i iOS. Oprogramowanie Thorfortune zapewnia dost\u0119p do wszystkich gier i narz\u0119dzi do zarz\u0105dzania kasynem. Interfejs aplikacji dostosowuje si\u0119 do ka\u017cdego rozmiaru ekranu. U\u017cytkownicy z Polski mog\u0105 gra\u0107 w domu lub w podr\u00f3\u017cy. Wszystkie g\u0142\u00f3wne funkcje s\u0105 \u0142atwe do znalezienia, poniewa\u017c wszystko zosta\u0142o zaprojektowane z my\u015bl\u0105 o prostocie i wygodzie u\u017cytkowania.<\/p>\n<div class=\"banner-wrap\" aria-label=\"Banner\"><img src=\"https:\/\/thorfortuneonline.com\/wp-content\/uploads\/2026\/02\/Thorfortune-bnr-pc.webp\" class=\"w-100 d-none d-lg-block img-pc main-banner-img\" alt=\"Thorfortune banner desktop\" fetchpriority=\"high\" decoding=\"async\"><img src=\"https:\/\/thorfortuneonline.com\/wp-content\/uploads\/2026\/02\/thorfortune-banner-mobile.webp\" class=\"w-100 d-none d-md-block d-lg-none main-banner-img\" alt=\"Thorfortune banner mobile\" fetchpriority=\"high\" decoding=\"async\"><img src=\"https:\/\/thorfortuneonline.com\/wp-content\/uploads\/2026\/02\/thorfortune-banner-mobile.webp\" class=\"w-100 d-md-none\" alt=\"Thorfortune banner mobile\" fetchpriority=\"high\" decoding=\"async\"><div class=\"banner-description\">\n<div class=\"banner-title\">Bonusy powitalne<\/div>\n<p class=\"banner-header-title\">1500 \u20ac<\/p>\n<div class=\"banner-header-AdditionalText\">+ 250 Darmowe spiny<\/div>\n<button data-item=\"homepage_banner_link\" class=\"goto m-button m-gradient-border m-button--primary m-button--large banner-button btn-orange\">\n            <div class=\"m-button-content\">\n                <span>Zarejestruj si\u0119 teraz<\/span>\n                <span><\/span>\n            <\/div>\n        <\/button>\n<\/div>\n<div class=\"WelcomePack\">\n<p><img loading=\"lazy\" decoding=\"async\" class=\"alignnone size-full wp-image-1848\" src=\"https:\/\/thor-fortune.com\/wp-content\/uploads\/2026\/02\/welcome-crown.png\" alt=\"welcome crown\" width=\"25\" height=\"26\" \/><\/p>\n<div class=\"WelcomePack-Info\">Cotygodniowy zwrot got\u00f3wki do 25%<\/div>\n<p><img loading=\"lazy\" decoding=\"async\" class=\"alignnone size-full wp-image-1848\" src=\"https:\/\/thor-fortune.com\/wp-content\/uploads\/2026\/02\/welcome-crown.png\" alt=\"welcome crown\" width=\"25\" height=\"26\" \/><\/p>\n<\/div>\n<\/div>\n<h2>Dost\u0119p mobilny do Thorfortune<\/h2>\n<p>Kasyno Thor Fortune oferuje aplikacj\u0119 mobiln\u0105 i wersj\u0119 na komputery PC. Ka\u017cda opcja ma swoje zalety. Obie wersje zapewniaj\u0105 pe\u0142ny dost\u0119p do gier, p\u0142atno\u015bci i wszystkich innych narz\u0119dzi platformy. G\u0142\u00f3wna r\u00f3\u017cnica polega na tym, jak i gdzie gra\u0107.<\/p>\n<p>Aplikacja Thorfortune pozwala gra\u0107 w kasynie w dowolnym miejscu. Jest zoptymalizowana pod k\u0105tem sterowania dotykowego i ma\u0142ych ekran\u00f3w. Oprogramowanie uruchamia si\u0119 szybko, bez konieczno\u015bci otwierania przegl\u0105darki. Powiadomienia push s\u0105 g\u0142\u00f3wn\u0105 zalet\u0105 aplikacji, poniewa\u017c informuj\u0105 graczy o wszystkich wydarzeniach i aktualizacjach platformy.<\/p>\n<p>Wersja na komputery PC oferuje wi\u0119kszy ekran i jest przeznaczona do obs\u0142ugi za pomoc\u0105 myszki i klawiatury. Jest odpowiednia dla graczy preferuj\u0105cych szeroki ekran, na przyk\u0142ad w automatach online i grach z krupierami na \u017cywo. Obie wersje umo\u017cliwiaj\u0105 wp\u0142acanie i wyp\u0142acanie \u015brodk\u00f3w, przeprowadzanie procesu weryfikacji oraz korzystanie z narz\u0119dzi odpowiedzialnej gry.<\/p>\n<p><div class=\"scrollable-content-wrap my-5\"><div class=\"scrollable-content-inner\"><h2>Aplikacja Thorfortune na iOS<\/h2>\n<p>Aplikacja Thorfortune na iOS dzia\u0142a na ka\u017cdym urz\u0105dzeniu iPhone lub iPad. Uruchamia si\u0119 w przegl\u0105darce Safari i nie wymaga pobierania z App Store. Aplikacja dzia\u0142a jako skr\u00f3t szybkiego dost\u0119pu z szybkim \u0142adowaniem. Gracze otrzymuj\u0105 powiadomienia o nowych promocjach, wynikach turniej\u00f3w, aktualizacjach i nowych wydaniach gier. Na ekranie g\u0142\u00f3wnym dodano ikon\u0119 umo\u017cliwiaj\u0105c\u0105 natychmiastowy dost\u0119p do kasyna Thorfortune. Proces instalacji jest prosty i zajmuje tylko kilka sekund. Aplikacja nie zajmuje du\u017co miejsca na urz\u0105dzeniu, a wszystko jest przejrzyste i szybkie.<\/p>\n<h3>Jak zainstalowa\u0107 aplikacj\u0119 Thorfortune Casino na iOS<\/h3>\n<ol>\n<li>Najpierw nale\u017cy otworzy\u0107 stron\u0119 internetow\u0105 Thorfortune w przegl\u0105darce Safari.<\/li>\n<li>Nast\u0119pnie nale\u017cy klikn\u0105\u0107 ikon\u0119 \u201eUdost\u0119pnij\u201d u do\u0142u ekranu.<\/li>\n<li>Nast\u0119pnie nale\u017cy wybra\u0107 opcj\u0119 \u201eDodaj do ekranu g\u0142\u00f3wnego\u201d.<\/li>\n<li>Nast\u0119pnie nale\u017cy klikn\u0105\u0107 \u201eDodaj\u201d, aby potwierdzi\u0107.<\/li>\n<li>Teraz mo\u017cesz uruchomi\u0107 aplikacj\u0119 z ekranu g\u0142\u00f3wnego.<\/li>\n<\/ol>\n<p><img loading=\"lazy\" decoding=\"async\" class=\"alignnone size-full wp-image-2024\" src=\"https:\/\/thor-fortune.com\/wp-content\/uploads\/2026\/02\/Thorfortune-iOS.webp\" alt=\"Thorfortune iOS\" width=\"1248\" height=\"536\" srcset=\"https:\/\/thorfortuneonline.com\/wp-content\/uploads\/2026\/02\/Thorfortune-iOS.webp 1248w, https:\/\/thorfortuneonline.com\/wp-content\/uploads\/2026\/02\/Thorfortune-iOS-300x129.webp 300w, https:\/\/thorfortuneonline.com\/wp-content\/uploads\/2026\/02\/Thorfortune-iOS-1024x440.webp 1024w, https:\/\/thorfortuneonline.com\/wp-content\/uploads\/2026\/02\/Thorfortune-iOS-768x330.webp 768w\" sizes=\"(max-width: 1248px) 100vw, 1248px\" \/><\/p>\n<\/div><\/div><div style=\"clear: both\"><\/div><div class=\"d-flex justify-content-center\"><button data-item=\"decouvrez_link\" data-group=\"website_links\" class=\"goto fw-bold rounded-pill btn btn-orange\" aria-label=\"Pobierz aplikacj\u0119 Thorfortune\" >Pobierz aplikacj\u0119 Thorfortune<\/button><\/div><div class=\"scrollable-content-wrap my-5\"><div class=\"scrollable-content-inner\"><h2>Aplikacja Thorfortune na Androida<\/h2>\n<p>Aplikacja Thorfortune na Androida jest dost\u0119pna jako progresywna aplikacja internetowa (PWA). Nie u\u017cywamy plik\u00f3w APK do instalacji. Nasza PWA dzia\u0142a w przegl\u0105darce i mo\u017cna j\u0105 zainstalowa\u0107 z naszej oficjalnej strony internetowej. Ten format zapewnia szybszy dost\u0119p bez konieczno\u015bci pobierania aplikacji innych firm. Aplikacja Thorfortune zapewnia pe\u0142ny dost\u0119p do gier i wszystkich narz\u0119dzi naszego kasyna. Dzia\u0142a na urz\u0105dzeniach z systemem Android, zapewniaj\u0105c zaawansowane wra\u017cenia z gry.<\/p>\n<table>\n<tbody>\n<tr>\n<td>Funkcja<\/td>\n<td>PWA<\/td>\n<td>APK<\/td>\n<\/tr>\n<tr>\n<td>\u0179r\u00f3d\u0142o instalacji<\/td>\n<td>Instalowana z naszej strony internetowej<\/td>\n<td>Zainstalowana z pliku zewn\u0119trznego<\/td>\n<\/tr>\n<tr>\n<td>Wykorzystanie pami\u0119ci<\/td>\n<td>Minimalna pami\u0119\u0107 urz\u0105dzenia<\/td>\n<td>Wymaga pobrania pliku<\/td>\n<\/tr>\n<tr>\n<td>Aktualizacje<\/td>\n<td>Automatyczne aktualizacje<\/td>\n<td>Wymagane r\u0119czne aktualizacje<\/td>\n<\/tr>\n<tr>\n<td>Bezpiecze\u0144stwo<\/td>\n<td>Dzia\u0142a w bezpiecznej przegl\u0105darce<\/td>\n<td>Zale\u017cy od \u017ar\u00f3d\u0142a pliku<\/td>\n<\/tr>\n<tr>\n<td>Dost\u0119p<\/td>\n<td>Natychmiastowy dost\u0119p<\/td>\n<td>Wymaga procesu instalacji<\/td>\n<\/tr>\n<\/tbody>\n<\/table>\n<p>Aplikacja Thorfortune na Androida jest szybka i \u0142atwa w u\u017cyciu. Otrzymujesz pe\u0142ny dost\u0119p do gier, p\u0142atno\u015bci, bonus\u00f3w i ustawie\u0144 konta. Co najwa\u017cniejsze, decyduj\u0105c si\u0119 na gr\u0119 za po\u015brednictwem aplikacji, mo\u017cesz otrzymywa\u0107 powiadomienia od kasyna Thorfortune. Powiadomienia pozwalaj\u0105 by\u0107 na bie\u017c\u0105co ze wszystkimi wydarzeniami i aktualizacjami na platformie. Je\u015bli bierzesz udzia\u0142 w turnieju, mo\u017cesz \u015bledzi\u0107 swoj\u0105 pozycj\u0119 w rankingu dzi\u0119ki powiadomieniom. Ponadto, w ramach niekt\u00f3rych promocji, mo\u017cesz otrzyma\u0107 od nas status VIP, nawet je\u015bli nie jeste\u015b graczem o wysokich stawkach. Je\u015bli wygrasz, wy\u015blemy Ci powiadomienie. Platforma dzia\u0142a najlepiej na urz\u0105dzeniach z systemem Android z naszym oprogramowaniem.<\/p>\n<p><img loading=\"lazy\" decoding=\"async\" class=\"alignnone size-full wp-image-2008\" src=\"https:\/\/thor-fortune.com\/wp-content\/uploads\/2026\/02\/Thorfortune-Android.webp\" alt=\"Thorfortune Android\" width=\"1248\" height=\"536\" srcset=\"https:\/\/thorfortuneonline.com\/wp-content\/uploads\/2026\/02\/Thorfortune-Android.webp 1248w, https:\/\/thorfortuneonline.com\/wp-content\/uploads\/2026\/02\/Thorfortune-Android-300x129.webp 300w, https:\/\/thorfortuneonline.com\/wp-content\/uploads\/2026\/02\/Thorfortune-Android-1024x440.webp 1024w, https:\/\/thorfortuneonline.com\/wp-content\/uploads\/2026\/02\/Thorfortune-Android-768x330.webp 768w\" sizes=\"(max-width: 1248px) 100vw, 1248px\" \/><\/p>\n<\/div><\/div><div style=\"clear: both\"><\/div><div class=\"d-flex justify-content-center\"><button data-item=\"decouvrez_link\" data-group=\"website_links\" class=\"goto fw-bold rounded-pill btn btn-orange\" aria-label=\"Pobierz Thorfortune\" >Pobierz Thorfortune<\/button><\/div><div class=\"scrollable-content-wrap my-5\"><div class=\"scrollable-content-inner\"><h2>Aplikacje dla system\u00f3w Windows i Mac<\/h2>\n<p>Thorfortune Casino posiada aplikacj\u0119 internetow\u0105 dla komputer\u00f3w PC z systemem Windows i Mac. Nie ma potrzeby wykonywania skomplikowanej instalacji ani pobierania du\u017cych plik\u00f3w. Gracze mog\u0105 utworzy\u0107 skr\u00f3t na pulpicie, aby uzyska\u0107 dost\u0119p do strony internetowej Thor Fortune. Skr\u00f3t dzia\u0142a jako oddzielna aplikacja internetowa z dost\u0119pem za pomoc\u0105 jednego klikni\u0119cia.<\/p>\n<p>Aplikacja internetowa na komputery PC zapewnia pe\u0142ny dost\u0119p do wszystkich funkcji mobilnego kasyna. U\u017cytkownicy mog\u0105 gra\u0107 w gry, zarz\u0105dza\u0107 swoimi kontami, przeprowadza\u0107 weryfikacj\u0119 oraz dokonywa\u0107 wp\u0142at i wyp\u0142at. Interfejs Thorfortune Casino jest zaprojektowany z my\u015bl\u0105 o du\u017cych ekranach komputer\u00f3w stacjonarnych i obs\u0142uguje strumieniowanie w wysokiej jako\u015bci. Wszystkie gry s\u0105 strumieniowane w najwy\u017cszej jako\u015bci dzi\u0119ki wydajno\u015bci komputera stacjonarnego.<\/p>\n<p><img loading=\"lazy\" decoding=\"async\" class=\"alignnone size-full wp-image-2016\" src=\"https:\/\/thor-fortune.com\/wp-content\/uploads\/2026\/02\/Thorfortune-Desktop.webp\" alt=\"Thorfortune Desktop\" width=\"1248\" height=\"536\" srcset=\"https:\/\/thorfortuneonline.com\/wp-content\/uploads\/2026\/02\/Thorfortune-Desktop.webp 1248w, https:\/\/thorfortuneonline.com\/wp-content\/uploads\/2026\/02\/Thorfortune-Desktop-300x129.webp 300w, https:\/\/thorfortuneonline.com\/wp-content\/uploads\/2026\/02\/Thorfortune-Desktop-1024x440.webp 1024w, https:\/\/thorfortuneonline.com\/wp-content\/uploads\/2026\/02\/Thorfortune-Desktop-768x330.webp 768w\" sizes=\"(max-width: 1248px) 100vw, 1248px\" \/><\/p>\n<\/div><\/div><div style=\"clear: both\"><\/div><div class=\"d-flex justify-content-center\"><button data-item=\"decouvrez_link\" data-group=\"website_links\" class=\"goto fw-bold rounded-pill btn btn-orange\" aria-label=\"Pobierz aplikacj\u0119 Thorfortune\" >Pobierz aplikacj\u0119 Thorfortune<\/button><\/div><div class=\"scrollable-content-wrap my-5\"><div class=\"scrollable-content-inner\"><h2>FAQ<\/h2>\n<h3>Czy do korzystania z aplikacji Thor Fortune wymagane jest utworzenie konta?<\/h3>\n<p>Tak. Aby korzysta\u0107 z aplikacji Thorfortune, musisz utworzy\u0107 konto. Po zarejestrowaniu si\u0119 mo\u017cesz gra\u0107 w dowolne gry, otrzymywa\u0107 bonusy, wp\u0142aca\u0107 i wyp\u0142aca\u0107 \u015brodki. Bez konta nie mo\u017cesz korzysta\u0107 z platformy. Proces rejestracji zajmuje tylko kilka minut. Po rejestracji mo\u017cesz si\u0119 zalogowa\u0107 i od razu zacz\u0105\u0107 gra\u0107.<\/p>\n<h3>Czy aplikacja Thor Fortune Casino oferuje obs\u0142ug\u0119 klienta?<\/h3>\n<p>Tak. Za po\u015brednictwem aplikacji Thorfortune Casino mo\u017cna skontaktowa\u0107 si\u0119 z obs\u0142ug\u0105 klienta poprzez czat na \u017cywo. Obs\u0142uga klienta jest dost\u0119pna 24 godziny na dob\u0119, 7 dni w tygodniu i szybko odpowiada na pytania. Nasz profesjonalny zesp\u00f3\u0142 wsparcia jest gotowy pom\u00f3c w przypadku wszelkich pyta\u0144. Pomoc mo\u017cna r\u00f3wnie\u017c uzyska\u0107, wysy\u0142aj\u0105c do nas wiadomo\u015b\u0107 e-mail.<\/p>\n<h3>Jak zaktualizowa\u0107 aplikacj\u0119 Thor Fortune Casino?<\/h3>\n<p>Aplikacja Thor Fortune Casino aktualizuje si\u0119 automatycznie. Jest to aplikacja internetowa, wi\u0119c nie ma potrzeby r\u0119cznego pobierania aktualizacji. Po otwarciu programu zawsze korzystasz z najnowszej wersji. Wystarczy otworzy\u0107 aplikacj\u0119 i mie\u0107 pewno\u015b\u0107, \u017ce korzystasz z najnowszej wersji z zaktualizowanymi funkcjami.<\/p>\n<\/div><\/div><\/p>\n","protected":false},"excerpt":{"rendered":"<p>Thor Fortune na urz\u0105dzeniach mobilnych Thorfortune app oferuje nowoczesne podej\u015bcie do kasyn. Nasza aplikacja jest dost\u0119pna na urz\u0105dzenia z systemem Android i iOS. Oprogramowanie Thorfortune zapewnia dost\u0119p do wszystkich gier i narz\u0119dzi do zarz\u0105dzania kasynem. Interfejs aplikacji dostosowuje si\u0119 do ka\u017cdego rozmiaru ekranu. U\u017cytkownicy z Polski mog\u0105 gra\u0107 w domu lub w podr\u00f3\u017cy. Wszystkie g\u0142\u00f3wne [&hellip;]<\/p>\n","protected":false},"author":1,"featured_media":0,"parent":0,"menu_order":0,"comment_status":"closed","ping_status":"closed","template":"template-builder.php","meta":{"_acf_changed":false,"inline_featured_image":false,"footnotes":""},"class_list":["post-1447","page","type-page","status-publish","hentry"],"acf":[],"yoast_head":"<!-- This site is optimized with the Yoast SEO plugin v24.4 - https:\/\/yoast.com\/wordpress\/plugins\/seo\/ -->\n<title>Thorfortune app Pobieranie | iOS i Android<\/title>\n<meta name=\"description\" content=\"Aplikacja Thorfortune zapewnia p\u0142ynn\u0105 rozgrywk\u0119 na platformach Android, iOS, Windows i macOS, wraz z synchronizacj\u0105 kont, regularnymi aktualizacjami i wbudowan\u0105 pomoc\u0105 techniczn\u0105 dla u\u017cytkownik\u00f3w, co zapewnia \u0142atwo\u015b\u0107 obs\u0142ugi.\" \/>\n<meta name=\"robots\" content=\"index, follow, max-snippet:-1, max-image-preview:large, max-video-preview:-1\" \/>\n<link rel=\"canonical\" href=\"https:\/\/thorfortuneonline.com\/pl\/aplikacja\/\" \/>\n<meta property=\"og:locale\" content=\"pl_PL\" \/>\n<meta property=\"og:type\" content=\"article\" \/>\n<meta property=\"og:title\" content=\"Thorfortune app Pobieranie | iOS i Android\" \/>\n<meta property=\"og:description\" content=\"Aplikacja Thorfortune zapewnia p\u0142ynn\u0105 rozgrywk\u0119 na platformach Android, iOS, Windows i macOS, wraz z synchronizacj\u0105 kont, regularnymi aktualizacjami i wbudowan\u0105 pomoc\u0105 techniczn\u0105 dla u\u017cytkownik\u00f3w, co zapewnia \u0142atwo\u015b\u0107 obs\u0142ugi.\" \/>\n<meta property=\"og:url\" content=\"https:\/\/thorfortuneonline.com\/pl\/aplikacja\/\" \/>\n<meta property=\"og:site_name\" content=\"thorfortune\" \/>\n<meta property=\"article:modified_time\" content=\"2026-03-02T07:46:44+00:00\" \/>\n<meta name=\"twitter:card\" content=\"summary_large_image\" \/>\n<meta name=\"twitter:label1\" content=\"Est. reading time\" \/>\n\t<meta name=\"twitter:data1\" content=\"1 minute\" \/>\n<script type=\"application\/ld+json\" class=\"yoast-schema-graph\">{\"@context\":\"https:\/\/schema.org\",\"@graph\":[{\"@type\":\"WebPage\",\"@id\":\"https:\/\/thorfortuneonline.com\/pl\/aplikacja\/\",\"url\":\"https:\/\/thorfortuneonline.com\/pl\/aplikacja\/\",\"name\":\"Thorfortune app Pobieranie | iOS i Android\",\"isPartOf\":{\"@id\":\"https:\/\/thorfortuneonline.com\/pl\/#website\"},\"datePublished\":\"2026-01-20T12:08:23+00:00\",\"dateModified\":\"2026-03-02T07:46:44+00:00\",\"description\":\"Aplikacja Thorfortune zapewnia p\u0142ynn\u0105 rozgrywk\u0119 na platformach Android, iOS, Windows i macOS, wraz z synchronizacj\u0105 kont, regularnymi aktualizacjami i wbudowan\u0105 pomoc\u0105 techniczn\u0105 dla u\u017cytkownik\u00f3w, co zapewnia \u0142atwo\u015b\u0107 obs\u0142ugi.\",\"breadcrumb\":{\"@id\":\"https:\/\/thorfortuneonline.com\/pl\/aplikacja\/#breadcrumb\"},\"inLanguage\":\"pl-PL\",\"potentialAction\":[{\"@type\":\"ReadAction\",\"target\":[\"https:\/\/thorfortuneonline.com\/pl\/aplikacja\/\"]}]},{\"@type\":\"BreadcrumbList\",\"@id\":\"https:\/\/thorfortuneonline.com\/pl\/aplikacja\/#breadcrumb\",\"itemListElement\":[{\"@type\":\"ListItem\",\"position\":1,\"name\":\"Thorfortune\",\"item\":\"https:\/\/thorfortuneonline.com\/pl\/\"},{\"@type\":\"ListItem\",\"position\":2,\"name\":\"Aplikacja\"}]},{\"@type\":\"WebSite\",\"@id\":\"https:\/\/thorfortuneonline.com\/pl\/#website\",\"url\":\"https:\/\/thorfortuneonline.com\/pl\/\",\"name\":\"Thorfortune\",\"description\":\"\",\"publisher\":{\"@id\":\"https:\/\/thorfortuneonline.com\/pl\/#organization\"},\"potentialAction\":[{\"@type\":\"SearchAction\",\"target\":{\"@type\":\"EntryPoint\",\"urlTemplate\":\"https:\/\/thorfortuneonline.com\/pl\/?s={search_term_string}\"},\"query-input\":{\"@type\":\"PropertyValueSpecification\",\"valueRequired\":true,\"valueName\":\"search_term_string\"}}],\"inLanguage\":\"pl-PL\"},{\"@type\":\"Organization\",\"@id\":\"https:\/\/thorfortuneonline.com\/pl\/#organization\",\"name\":\"Thorfortune\",\"url\":\"https:\/\/thorfortuneonline.com\/pl\/\",\"logo\":{\"@type\":\"ImageObject\",\"inLanguage\":\"pl-PL\",\"@id\":\"https:\/\/thorfortuneonline.com\/pl\/#\/schema\/logo\/image\/\",\"url\":\"https:\/\/thorfortuneonline.com\/wp-content\/uploads\/2026\/02\/logo.png\",\"contentUrl\":\"https:\/\/thorfortuneonline.com\/wp-content\/uploads\/2026\/02\/logo.png\",\"width\":160,\"height\":37,\"caption\":\"Thorfortune\"},\"image\":{\"@id\":\"https:\/\/thorfortuneonline.com\/pl\/#\/schema\/logo\/image\/\"}}]}<\/script>\n<!-- \/ Yoast SEO plugin. -->","yoast_head_json":{"title":"Thorfortune app Pobieranie | iOS i Android","description":"Aplikacja Thorfortune zapewnia p\u0142ynn\u0105 rozgrywk\u0119 na platformach Android, iOS, Windows i macOS, wraz z synchronizacj\u0105 kont, regularnymi aktualizacjami i wbudowan\u0105 pomoc\u0105 techniczn\u0105 dla u\u017cytkownik\u00f3w, co zapewnia \u0142atwo\u015b\u0107 obs\u0142ugi.","robots":{"index":"index","follow":"follow","max-snippet":"max-snippet:-1","max-image-preview":"max-image-preview:large","max-video-preview":"max-video-preview:-1"},"canonical":"https:\/\/thorfortuneonline.com\/pl\/aplikacja\/","og_locale":"pl_PL","og_type":"article","og_title":"Thorfortune app Pobieranie | iOS i Android","og_description":"Aplikacja Thorfortune zapewnia p\u0142ynn\u0105 rozgrywk\u0119 na platformach Android, iOS, Windows i macOS, wraz z synchronizacj\u0105 kont, regularnymi aktualizacjami i wbudowan\u0105 pomoc\u0105 techniczn\u0105 dla u\u017cytkownik\u00f3w, co zapewnia \u0142atwo\u015b\u0107 obs\u0142ugi.","og_url":"https:\/\/thorfortuneonline.com\/pl\/aplikacja\/","og_site_name":"thorfortune","article_modified_time":"2026-03-02T07:46:44+00:00","twitter_card":"summary_large_image","twitter_misc":{"Est. reading time":"1 minute"},"schema":{"@context":"https:\/\/schema.org","@graph":[{"@type":"WebPage","@id":"https:\/\/thorfortuneonline.com\/pl\/aplikacja\/","url":"https:\/\/thorfortuneonline.com\/pl\/aplikacja\/","name":"Thorfortune app Pobieranie | iOS i Android","isPartOf":{"@id":"https:\/\/thorfortuneonline.com\/pl\/#website"},"datePublished":"2026-01-20T12:08:23+00:00","dateModified":"2026-03-02T07:46:44+00:00","description":"Aplikacja Thorfortune zapewnia p\u0142ynn\u0105 rozgrywk\u0119 na platformach Android, iOS, Windows i macOS, wraz z synchronizacj\u0105 kont, regularnymi aktualizacjami i wbudowan\u0105 pomoc\u0105 techniczn\u0105 dla u\u017cytkownik\u00f3w, co zapewnia \u0142atwo\u015b\u0107 obs\u0142ugi.","breadcrumb":{"@id":"https:\/\/thorfortuneonline.com\/pl\/aplikacja\/#breadcrumb"},"inLanguage":"pl-PL","potentialAction":[{"@type":"ReadAction","target":["https:\/\/thorfortuneonline.com\/pl\/aplikacja\/"]}]},{"@type":"BreadcrumbList","@id":"https:\/\/thorfortuneonline.com\/pl\/aplikacja\/#breadcrumb","itemListElement":[{"@type":"ListItem","position":1,"name":"Thorfortune","item":"https:\/\/thorfortuneonline.com\/pl\/"},{"@type":"ListItem","position":2,"name":"Aplikacja"}]},{"@type":"WebSite","@id":"https:\/\/thorfortuneonline.com\/pl\/#website","url":"https:\/\/thorfortuneonline.com\/pl\/","name":"Thorfortune","description":"","publisher":{"@id":"https:\/\/thorfortuneonline.com\/pl\/#organization"},"potentialAction":[{"@type":"SearchAction","target":{"@type":"EntryPoint","urlTemplate":"https:\/\/thorfortuneonline.com\/pl\/?s={search_term_string}"},"query-input":{"@type":"PropertyValueSpecification","valueRequired":true,"valueName":"search_term_string"}}],"inLanguage":"pl-PL"},{"@type":"Organization","@id":"https:\/\/thorfortuneonline.com\/pl\/#organization","name":"Thorfortune","url":"https:\/\/thorfortuneonline.com\/pl\/","logo":{"@type":"ImageObject","inLanguage":"pl-PL","@id":"https:\/\/thorfortuneonline.com\/pl\/#\/schema\/logo\/image\/","url":"https:\/\/thorfortuneonline.com\/wp-content\/uploads\/2026\/02\/logo.png","contentUrl":"https:\/\/thorfortuneonline.com\/wp-content\/uploads\/2026\/02\/logo.png","width":160,"height":37,"caption":"Thorfortune"},"image":{"@id":"https:\/\/thorfortuneonline.com\/pl\/#\/schema\/logo\/image\/"}}]}},"_links":{"self":[{"href":"https:\/\/thorfortuneonline.com\/pl\/wp-json\/wp\/v2\/pages\/1447"}],"collection":[{"href":"https:\/\/thorfortuneonline.com\/pl\/wp-json\/wp\/v2\/pages"}],"about":[{"href":"https:\/\/thorfortuneonline.com\/pl\/wp-json\/wp\/v2\/types\/page"}],"author":[{"embeddable":true,"href":"https:\/\/thorfortuneonline.com\/pl\/wp-json\/wp\/v2\/users\/1"}],"replies":[{"embeddable":true,"href":"https:\/\/thorfortuneonline.com\/pl\/wp-json\/wp\/v2\/comments?post=1447"}],"version-history":[{"count":3,"href":"https:\/\/thorfortuneonline.com\/pl\/wp-json\/wp\/v2\/pages\/1447\/revisions"}],"predecessor-version":[{"id":2095,"href":"https:\/\/thorfortuneonline.com\/pl\/wp-json\/wp\/v2\/pages\/1447\/revisions\/2095"}],"wp:attachment":[{"href":"https:\/\/thorfortuneonline.com\/pl\/wp-json\/wp\/v2\/media?parent=1447"}],"curies":[{"name":"wp","href":"https:\/\/api.w.org\/{rel}","templated":true}]}}