{"id":1486,"date":"2026-01-20T12:11:11","date_gmt":"2026-01-20T12:11:11","guid":{"rendered":"https:\/\/bonuskongcasino.com\/login-and-registration\/"},"modified":"2026-03-02T07:47:56","modified_gmt":"2026-03-02T07:47:56","slug":"logowanie-i-rejestracja","status":"publish","type":"page","link":"https:\/\/thorfortuneonline.com\/pl\/logowanie-i-rejestracja\/","title":{"rendered":"Logowanie i rejestracja"},"content":{"rendered":"<h1>Logowanie, rejestracja i zarz\u0105dzanie kontem w Thor Fortune<\/h1>\n<p>Proces Thorfortune login jest szybki i \u0142atwy na ka\u017cdym urz\u0105dzeniu. Gracze z Polski mog\u0105 zalogowa\u0107 si\u0119 w ci\u0105gu kilku sekund ze swojego komputera, tabletu lub telefonu kom\u00f3rkowego. Je\u015bli jeste\u015b nowym u\u017cytkownikiem naszego kasyna, musisz najpierw utworzy\u0107 konto, aby rozpocz\u0105\u0107 gr\u0119.<\/p>\n<p><div class=\"banner-wrap\" aria-label=\"Banner\"><img src=\"https:\/\/thorfortuneonline.com\/wp-content\/uploads\/2026\/02\/Thorfortune-bnr-pc.webp\" class=\"w-100 d-none d-lg-block img-pc main-banner-img\" alt=\"Thorfortune banner desktop\" fetchpriority=\"high\" decoding=\"async\"><img src=\"https:\/\/thorfortuneonline.com\/wp-content\/uploads\/2026\/02\/thorfortune-banner-mobile.webp\" class=\"w-100 d-none d-md-block d-lg-none main-banner-img\" alt=\"Thorfortune banner mobile\" fetchpriority=\"high\" decoding=\"async\"><img src=\"https:\/\/thorfortuneonline.com\/wp-content\/uploads\/2026\/02\/thorfortune-banner-mobile.webp\" class=\"w-100 d-md-none\" alt=\"Thorfortune banner mobile\" fetchpriority=\"high\" decoding=\"async\"><div class=\"banner-description\">\n<div class=\"banner-title\">Bonusy powitalne<\/div>\n<p class=\"banner-header-title\">1500 \u20ac<\/p>\n<div class=\"banner-header-AdditionalText\">+ 250 Darmowe spiny<\/div>\n<button data-item=\"homepage_banner_link\" class=\"goto m-button m-gradient-border m-button--primary m-button--large banner-button btn-orange\">\n            <div class=\"m-button-content\">\n                <span>Zarejestruj si\u0119 teraz<\/span>\n                <span><\/span>\n            <\/div>\n        <\/button>\n<\/div>\n<div class=\"WelcomePack\">\n<p><img loading=\"lazy\" decoding=\"async\" class=\"alignnone size-full wp-image-1848\" src=\"https:\/\/thor-fortune.com\/wp-content\/uploads\/2026\/02\/welcome-crown.png\" alt=\"welcome crown\" width=\"25\" height=\"26\" \/><\/p>\n<div class=\"WelcomePack-Info\">Cotygodniowy zwrot got\u00f3wki do 25%<\/div>\n<p><img loading=\"lazy\" decoding=\"async\" class=\"alignnone size-full wp-image-1848\" src=\"https:\/\/thor-fortune.com\/wp-content\/uploads\/2026\/02\/welcome-crown.png\" alt=\"welcome crown\" width=\"25\" height=\"26\" \/><\/p>\n<\/div>\n<\/div><div class=\"scrollable-content-wrap my-5\"><div class=\"scrollable-content-inner\"><h2>Rejestracja nowego u\u017cytkownika Thor Fortune<\/h2>\n<p>Tylko zarejestrowani gracze mog\u0105 w pe\u0142ni korzysta\u0107 z platformy Thorfortune Casino. Utworzenie konta daje dost\u0119p do ponad 6000 gier, unikalnego systemu bonusowego i wielu innych funkcji. Po zako\u0144czeniu procedury logowania do Thorfortune u\u017cytkownicy mog\u0105 zarz\u0105dza\u0107 wp\u0142atami i wyp\u0142atami, korzysta\u0107 z narz\u0119dzi odpowiedzialnej gry i uczestniczy\u0107 w promocjach. Twoje konto jest chronione \u015brodkami bezpiecze\u0144stwa i nowoczesnymi standardami szyfrowania.<\/p>\n<table>\n<tbody>\n<tr>\n<td>Funkcja<\/td>\n<td>Dost\u0119p<\/td>\n<\/tr>\n<tr>\n<td>Gry<\/td>\n<td>Wszystkie automaty, gry sto\u0142owe, kasyno na \u017cywo i gry b\u0142yskawiczne<\/td>\n<\/tr>\n<tr>\n<td>Bonus<\/td>\n<td>Pakiet powitalny, nagrody VIP, oferty dzienne i tygodniowe<\/td>\n<\/tr>\n<tr>\n<td>Zarz\u0105dzanie kontem<\/td>\n<td>Dane osobowe, metody p\u0142atno\u015bci, kontrola wp\u0142at i wyp\u0142at<\/td>\n<\/tr>\n<tr>\n<td>Odpowiedzialna gra<\/td>\n<td>Limity wp\u0142at, limity strat, limity czasu sesji, samowykluczenie<\/td>\n<\/tr>\n<tr>\n<td>Promocje i turnieje<\/td>\n<td>Codzienne, tygodniowe, miesi\u0119czne i sezonowe konkursy<\/td>\n<\/tr>\n<\/tbody>\n<\/table>\n<h3>Za\u0142\u00f3\u017c konto<\/h3>\n<ol>\n<li>Rozpocz\u0119cie jest proste \u2013 wystarczy klikn\u0105\u0107 przycisk \u201eZarejestruj si\u0119\u201d, aby otworzy\u0107 okno rejestracji Thor Fortune.<\/li>\n<li>Nast\u0119pnie zostaniesz poproszony o podanie adresu e-mail i utworzenie has\u0142a.<\/li>\n<li>Nast\u0119pnie nale\u017cy zaakceptowa\u0107 Warunki u\u017cytkowania i klikn\u0105\u0107 \u201eZarejestruj si\u0119\u201d.<\/li>\n<li>W nast\u0119pnym oknie nale\u017cy poda\u0107 imi\u0119, nazwisko, dat\u0119 urodzenia i numer telefonu.<\/li>\n<li>Nast\u0119pnie wystarczy klikn\u0105\u0107 \u201eZapisz\u201d, aby przes\u0142a\u0107 swoje dane.<\/li>\n<li>Na koniec sprawd\u017a swoj\u0105 skrzynk\u0119 e-mailow\u0105, aby znale\u017a\u0107 link aktywacyjny, i kliknij go.<\/li>\n<\/ol>\n<p>Po aktywacji konto Thorfortune b\u0119dzie gotowe do u\u017cycia.<\/p>\n<p><img loading=\"lazy\" decoding=\"async\" class=\"alignnone size-full wp-image-2032\" src=\"https:\/\/thor-fortune.com\/wp-content\/uploads\/2026\/02\/Thorfortune-login-page.webp\" alt=\"Thorfortune login page\" width=\"1248\" height=\"536\" srcset=\"https:\/\/thorfortuneonline.com\/wp-content\/uploads\/2026\/02\/Thorfortune-login-page.webp 1248w, https:\/\/thorfortuneonline.com\/wp-content\/uploads\/2026\/02\/Thorfortune-login-page-300x129.webp 300w, https:\/\/thorfortuneonline.com\/wp-content\/uploads\/2026\/02\/Thorfortune-login-page-1024x440.webp 1024w, https:\/\/thorfortuneonline.com\/wp-content\/uploads\/2026\/02\/Thorfortune-login-page-768x330.webp 768w\" sizes=\"(max-width: 1248px) 100vw, 1248px\" \/><\/p>\n<h2>Zarz\u0105dzanie kontem Thorfortune<\/h2>\n<p>Logowanie do kasyna Thorfortune jest \u0142atwe i szybkie. Gracze maj\u0105 dost\u0119p do wszystkich funkcji kasyna z komputera stacjonarnego, urz\u0105dzenia mobilnego lub aplikacji. Po zalogowaniu si\u0119 do Thorfortune mo\u017cesz zarz\u0105dza\u0107 swoim kontem, gra\u0107 w gry i \u015bledzi\u0107 aktywno\u015b\u0107.<\/p>\n<p>Aby zalogowa\u0107 si\u0119 do kasyna Thorfortune, wystarczy klikn\u0105\u0107 przycisk \u201eZaloguj si\u0119\u201d i wprowadzi\u0107 sw\u00f3j adres e-mail oraz has\u0142o. Nast\u0119pnie potwierd\u017a i wybierz \u201eZaloguj si\u0119\u201d. Po zalogowaniu wszystkie ustawienia konta, wp\u0142aty, wyp\u0142aty i post\u0119py w grach s\u0105 natychmiast dost\u0119pne. Mo\u017cesz r\u00f3wnie\u017c uzyska\u0107 dost\u0119p do promocji, nagr\u00f3d VIP i uczestniczy\u0107 w turniejach.<\/p>\n<p>Z konta Thor Fortune mo\u017cna:<\/p>\n<ul>\n<li>Gra\u0107 w automaty online, gry sto\u0142owe, kasyno na \u017cywo i gry b\u0142yskawiczne<\/li>\n<li>Wyp\u0142aca\u0107 wygrane<\/li>\n<li>Bra\u0107 udzia\u0142 w wydarzeniach i promocjach<\/li>\n<li>Przegl\u0105da\u0107 histori\u0119 gier<\/li>\n<li>Korzysta\u0107 z narz\u0119dzi odpowiedzialnej gry<\/li>\n<li>Aktualizuj ustawienia osobiste<\/li>\n<li>Uczestnictwo w turniejach<\/li>\n<\/ul>\n<h3>Nie pami\u0119tasz has\u0142a?<\/h3>\n<p>Czasami u\u017cytkownicy zapominaj\u0105 has\u0142a. Mo\u017ce si\u0119 to zdarzy\u0107 ka\u017cdemu, wi\u0119c nie martw si\u0119. Odzyskanie has\u0142a i zako\u0144czenie procedury logowania do Thorfortune zajmuje tylko kilka minut.<\/p>\n<ol>\n<li>Je\u015bli zapomnia\u0142e\u015b has\u0142a, najpierw otw\u00f3rz stron\u0119 logowania Thorfortune.<\/li>\n<li>Nast\u0119pnie wystarczy klikn\u0105\u0107 \u201eNie pami\u0119tasz has\u0142a?\u201d.<\/li>\n<li>Nast\u0119pnie wprowad\u017a sw\u00f3j zarejestrowany adres e-mail.<\/li>\n<li>Nast\u0119pnie otrzymasz wiadomo\u015b\u0107 e-mail od Thor Fortune i kliknij link.<\/li>\n<li>Na koniec nale\u017cy utworzy\u0107 nowe has\u0142o i zalogowa\u0107 si\u0119.<\/li>\n<\/ol>\n<h3>Weryfikacja konta w kasynie Thorfortune i \u015brodki bezpiecze\u0144stwa<\/h3>\n<p>Wszystkie konta Thorfortune s\u0105 weryfikowane, aby zapewni\u0107 graczom bezpiecze\u0144stwo. Aby zweryfikowa\u0107 swoj\u0105 to\u017csamo\u015b\u0107, nale\u017cy przes\u0142a\u0107 wyra\u017ane dokumenty i potwierdzenie adresu. Tylko zweryfikowane konta mog\u0105 wyp\u0142aca\u0107 \u015brodki i korzysta\u0107 z bonus\u00f3w. Nasz zesp\u00f3\u0142 sprawdza dokumenty w ci\u0105gu 48 godzin. Weryfikacja jest cz\u0119\u015bci\u0105 procesu KYC Thorfortune, kt\u00f3ry obejmuje r\u00f3wnie\u017c szyfrowanie danych, uwierzytelnianie dwusk\u0142adnikowe i r\u0119czn\u0105 kontrol\u0119 transakcji.<\/p>\n<h2>FAQ<\/h2>\n<h3>Jak zaktualizowa\u0107 has\u0142o lub adres e-mail?<\/h3>\n<p>Mo\u017cesz \u0142atwo zmieni\u0107 has\u0142o lub adres e-mail w ustawieniach konta Thorfortune. Otw\u00f3rz sw\u00f3j profil osobisty i przejd\u017a do sekcji \u201eUstawienia konta\u201d. Wybierz opcj\u0119 zmiany has\u0142a lub adresu e-mail. Wprowad\u017a nowe informacje i potwierd\u017a je. System Thor Fortune natychmiast zastosuje zmiany. Aktualizacja has\u0142a Thorfortune pomaga zapewni\u0107 bezpiecze\u0144stwo konta. Je\u015bli Tw\u00f3j adres e-mail nie jest ju\u017c wa\u017cny, nale\u017cy go zaktualizowa\u0107. Zawsze u\u017cywaj silnego has\u0142a i wa\u017cnego adresu e-mail.<\/p>\n<h3>Co nale\u017cy zrobi\u0107, je\u015bli moje konto zosta\u0142o zablokowane?<\/h3>\n<p>Je\u015bli Twoje konto Thorfortune jest zablokowane, najpierw wyloguj si\u0119 z platformy i zaloguj si\u0119 ponownie. Sprawd\u017a, czy masz stabilne po\u0142\u0105czenie internetowe. Je\u015bli Twoje konto nadal jest zablokowane, skontaktuj si\u0119 z obs\u0142ug\u0105 klienta Thorfortune. Nasz wieloj\u0119zyczny zesp\u00f3\u0142 obs\u0142ugi klienta jest dost\u0119pny za po\u015brednictwem czatu na \u017cywo lub poczty elektronicznej. Po przekazaniu naszym specjalistom swoich danych, pomog\u0105 Ci oni bezpiecznie zalogowa\u0107 si\u0119 ponownie.<\/p>\n<\/div><\/div><\/p>\n","protected":false},"excerpt":{"rendered":"<p>Logowanie, rejestracja i zarz\u0105dzanie kontem w Thor Fortune Proces Thorfortune login jest szybki i \u0142atwy na ka\u017cdym urz\u0105dzeniu. Gracze z Polski mog\u0105 zalogowa\u0107 si\u0119 w ci\u0105gu kilku sekund ze swojego komputera, tabletu lub telefonu kom\u00f3rkowego. Je\u015bli jeste\u015b nowym u\u017cytkownikiem naszego kasyna, musisz najpierw utworzy\u0107 konto, aby rozpocz\u0105\u0107 gr\u0119.<\/p>\n","protected":false},"author":1,"featured_media":0,"parent":0,"menu_order":0,"comment_status":"closed","ping_status":"closed","template":"template-builder.php","meta":{"_acf_changed":false,"inline_featured_image":false,"footnotes":""},"class_list":["post-1486","page","type-page","status-publish","hentry"],"acf":[],"yoast_head":"<!-- This site is optimized with the Yoast SEO plugin v24.4 - https:\/\/yoast.com\/wordpress\/plugins\/seo\/ -->\n<title>Thorfortune Logowanie \u2013 rejestracja i zarz\u0105dzanie kontem<\/title>\n<meta name=\"description\" content=\"\u0141atwo tw\u00f3rz, zarz\u0105dzaj i weryfikuj swoje konto w kasynie Thorfortune dzi\u0119ki szybkiej rejestracji, p\u0142ynnemu odzyskiwaniu konta i bezpiecznemu zamykaniu konta, zapewniaj\u0105c ochron\u0119 24\/7 poprzez Thorfortune Login.\" \/>\n<meta name=\"robots\" content=\"index, follow, max-snippet:-1, max-image-preview:large, max-video-preview:-1\" \/>\n<link rel=\"canonical\" href=\"https:\/\/thorfortuneonline.com\/pl\/logowanie-i-rejestracja\/\" \/>\n<meta property=\"og:locale\" content=\"pl_PL\" \/>\n<meta property=\"og:type\" content=\"article\" \/>\n<meta property=\"og:title\" content=\"Thorfortune Logowanie \u2013 rejestracja i zarz\u0105dzanie kontem\" \/>\n<meta property=\"og:description\" content=\"\u0141atwo tw\u00f3rz, zarz\u0105dzaj i weryfikuj swoje konto w kasynie Thorfortune dzi\u0119ki szybkiej rejestracji, p\u0142ynnemu odzyskiwaniu konta i bezpiecznemu zamykaniu konta, zapewniaj\u0105c ochron\u0119 24\/7 poprzez Thorfortune Login.\" \/>\n<meta property=\"og:url\" content=\"https:\/\/thorfortuneonline.com\/pl\/logowanie-i-rejestracja\/\" \/>\n<meta property=\"og:site_name\" content=\"thorfortune\" \/>\n<meta property=\"article:modified_time\" content=\"2026-03-02T07:47:56+00:00\" \/>\n<meta name=\"twitter:card\" content=\"summary_large_image\" \/>\n<meta name=\"twitter:label1\" content=\"Est. reading time\" \/>\n\t<meta name=\"twitter:data1\" content=\"1 minute\" \/>\n<script type=\"application\/ld+json\" class=\"yoast-schema-graph\">{\"@context\":\"https:\/\/schema.org\",\"@graph\":[{\"@type\":\"WebPage\",\"@id\":\"https:\/\/thorfortuneonline.com\/pl\/logowanie-i-rejestracja\/\",\"url\":\"https:\/\/thorfortuneonline.com\/pl\/logowanie-i-rejestracja\/\",\"name\":\"Thorfortune Logowanie \u2013 rejestracja i zarz\u0105dzanie kontem\",\"isPartOf\":{\"@id\":\"https:\/\/thorfortuneonline.com\/pl\/#website\"},\"datePublished\":\"2026-01-20T12:11:11+00:00\",\"dateModified\":\"2026-03-02T07:47:56+00:00\",\"description\":\"\u0141atwo tw\u00f3rz, zarz\u0105dzaj i weryfikuj swoje konto w kasynie Thorfortune dzi\u0119ki szybkiej rejestracji, p\u0142ynnemu odzyskiwaniu konta i bezpiecznemu zamykaniu konta, zapewniaj\u0105c ochron\u0119 24\/7 poprzez Thorfortune Login.\",\"breadcrumb\":{\"@id\":\"https:\/\/thorfortuneonline.com\/pl\/logowanie-i-rejestracja\/#breadcrumb\"},\"inLanguage\":\"pl-PL\",\"potentialAction\":[{\"@type\":\"ReadAction\",\"target\":[\"https:\/\/thorfortuneonline.com\/pl\/logowanie-i-rejestracja\/\"]}]},{\"@type\":\"BreadcrumbList\",\"@id\":\"https:\/\/thorfortuneonline.com\/pl\/logowanie-i-rejestracja\/#breadcrumb\",\"itemListElement\":[{\"@type\":\"ListItem\",\"position\":1,\"name\":\"Thorfortune\",\"item\":\"https:\/\/thorfortuneonline.com\/pl\/\"},{\"@type\":\"ListItem\",\"position\":2,\"name\":\"Logowanie i rejestracja\"}]},{\"@type\":\"WebSite\",\"@id\":\"https:\/\/thorfortuneonline.com\/pl\/#website\",\"url\":\"https:\/\/thorfortuneonline.com\/pl\/\",\"name\":\"Thorfortune\",\"description\":\"\",\"publisher\":{\"@id\":\"https:\/\/thorfortuneonline.com\/pl\/#organization\"},\"potentialAction\":[{\"@type\":\"SearchAction\",\"target\":{\"@type\":\"EntryPoint\",\"urlTemplate\":\"https:\/\/thorfortuneonline.com\/pl\/?s={search_term_string}\"},\"query-input\":{\"@type\":\"PropertyValueSpecification\",\"valueRequired\":true,\"valueName\":\"search_term_string\"}}],\"inLanguage\":\"pl-PL\"},{\"@type\":\"Organization\",\"@id\":\"https:\/\/thorfortuneonline.com\/pl\/#organization\",\"name\":\"Thorfortune\",\"url\":\"https:\/\/thorfortuneonline.com\/pl\/\",\"logo\":{\"@type\":\"ImageObject\",\"inLanguage\":\"pl-PL\",\"@id\":\"https:\/\/thorfortuneonline.com\/pl\/#\/schema\/logo\/image\/\",\"url\":\"https:\/\/thorfortuneonline.com\/wp-content\/uploads\/2026\/02\/logo.png\",\"contentUrl\":\"https:\/\/thorfortuneonline.com\/wp-content\/uploads\/2026\/02\/logo.png\",\"width\":160,\"height\":37,\"caption\":\"Thorfortune\"},\"image\":{\"@id\":\"https:\/\/thorfortuneonline.com\/pl\/#\/schema\/logo\/image\/\"}}]}<\/script>\n<!-- \/ Yoast SEO plugin. -->","yoast_head_json":{"title":"Thorfortune Logowanie \u2013 rejestracja i zarz\u0105dzanie kontem","description":"\u0141atwo tw\u00f3rz, zarz\u0105dzaj i weryfikuj swoje konto w kasynie Thorfortune dzi\u0119ki szybkiej rejestracji, p\u0142ynnemu odzyskiwaniu konta i bezpiecznemu zamykaniu konta, zapewniaj\u0105c ochron\u0119 24\/7 poprzez Thorfortune Login.","robots":{"index":"index","follow":"follow","max-snippet":"max-snippet:-1","max-image-preview":"max-image-preview:large","max-video-preview":"max-video-preview:-1"},"canonical":"https:\/\/thorfortuneonline.com\/pl\/logowanie-i-rejestracja\/","og_locale":"pl_PL","og_type":"article","og_title":"Thorfortune Logowanie \u2013 rejestracja i zarz\u0105dzanie kontem","og_description":"\u0141atwo tw\u00f3rz, zarz\u0105dzaj i weryfikuj swoje konto w kasynie Thorfortune dzi\u0119ki szybkiej rejestracji, p\u0142ynnemu odzyskiwaniu konta i bezpiecznemu zamykaniu konta, zapewniaj\u0105c ochron\u0119 24\/7 poprzez Thorfortune Login.","og_url":"https:\/\/thorfortuneonline.com\/pl\/logowanie-i-rejestracja\/","og_site_name":"thorfortune","article_modified_time":"2026-03-02T07:47:56+00:00","twitter_card":"summary_large_image","twitter_misc":{"Est. reading time":"1 minute"},"schema":{"@context":"https:\/\/schema.org","@graph":[{"@type":"WebPage","@id":"https:\/\/thorfortuneonline.com\/pl\/logowanie-i-rejestracja\/","url":"https:\/\/thorfortuneonline.com\/pl\/logowanie-i-rejestracja\/","name":"Thorfortune Logowanie \u2013 rejestracja i zarz\u0105dzanie kontem","isPartOf":{"@id":"https:\/\/thorfortuneonline.com\/pl\/#website"},"datePublished":"2026-01-20T12:11:11+00:00","dateModified":"2026-03-02T07:47:56+00:00","description":"\u0141atwo tw\u00f3rz, zarz\u0105dzaj i weryfikuj swoje konto w kasynie Thorfortune dzi\u0119ki szybkiej rejestracji, p\u0142ynnemu odzyskiwaniu konta i bezpiecznemu zamykaniu konta, zapewniaj\u0105c ochron\u0119 24\/7 poprzez Thorfortune Login.","breadcrumb":{"@id":"https:\/\/thorfortuneonline.com\/pl\/logowanie-i-rejestracja\/#breadcrumb"},"inLanguage":"pl-PL","potentialAction":[{"@type":"ReadAction","target":["https:\/\/thorfortuneonline.com\/pl\/logowanie-i-rejestracja\/"]}]},{"@type":"BreadcrumbList","@id":"https:\/\/thorfortuneonline.com\/pl\/logowanie-i-rejestracja\/#breadcrumb","itemListElement":[{"@type":"ListItem","position":1,"name":"Thorfortune","item":"https:\/\/thorfortuneonline.com\/pl\/"},{"@type":"ListItem","position":2,"name":"Logowanie i rejestracja"}]},{"@type":"WebSite","@id":"https:\/\/thorfortuneonline.com\/pl\/#website","url":"https:\/\/thorfortuneonline.com\/pl\/","name":"Thorfortune","description":"","publisher":{"@id":"https:\/\/thorfortuneonline.com\/pl\/#organization"},"potentialAction":[{"@type":"SearchAction","target":{"@type":"EntryPoint","urlTemplate":"https:\/\/thorfortuneonline.com\/pl\/?s={search_term_string}"},"query-input":{"@type":"PropertyValueSpecification","valueRequired":true,"valueName":"search_term_string"}}],"inLanguage":"pl-PL"},{"@type":"Organization","@id":"https:\/\/thorfortuneonline.com\/pl\/#organization","name":"Thorfortune","url":"https:\/\/thorfortuneonline.com\/pl\/","logo":{"@type":"ImageObject","inLanguage":"pl-PL","@id":"https:\/\/thorfortuneonline.com\/pl\/#\/schema\/logo\/image\/","url":"https:\/\/thorfortuneonline.com\/wp-content\/uploads\/2026\/02\/logo.png","contentUrl":"https:\/\/thorfortuneonline.com\/wp-content\/uploads\/2026\/02\/logo.png","width":160,"height":37,"caption":"Thorfortune"},"image":{"@id":"https:\/\/thorfortuneonline.com\/pl\/#\/schema\/logo\/image\/"}}]}},"_links":{"self":[{"href":"https:\/\/thorfortuneonline.com\/pl\/wp-json\/wp\/v2\/pages\/1486"}],"collection":[{"href":"https:\/\/thorfortuneonline.com\/pl\/wp-json\/wp\/v2\/pages"}],"about":[{"href":"https:\/\/thorfortuneonline.com\/pl\/wp-json\/wp\/v2\/types\/page"}],"author":[{"embeddable":true,"href":"https:\/\/thorfortuneonline.com\/pl\/wp-json\/wp\/v2\/users\/1"}],"replies":[{"embeddable":true,"href":"https:\/\/thorfortuneonline.com\/pl\/wp-json\/wp\/v2\/comments?post=1486"}],"version-history":[{"count":2,"href":"https:\/\/thorfortuneonline.com\/pl\/wp-json\/wp\/v2\/pages\/1486\/revisions"}],"predecessor-version":[{"id":2096,"href":"https:\/\/thorfortuneonline.com\/pl\/wp-json\/wp\/v2\/pages\/1486\/revisions\/2096"}],"wp:attachment":[{"href":"https:\/\/thorfortuneonline.com\/pl\/wp-json\/wp\/v2\/media?parent=1486"}],"curies":[{"name":"wp","href":"https:\/\/api.w.org\/{rel}","templated":true}]}}